{"id":107,"date":"2024-07-11T13:37:40","date_gmt":"2024-07-11T13:37:40","guid":{"rendered":"https:\/\/movenpick-hotel-tallinn.accorv2prod.decms.eu\/hotellitoad\/executive-room-with-1-double-bed-and-in-room-sauna\/"},"modified":"2025-06-25T10:45:06","modified_gmt":"2025-06-25T10:45:06","slug":"executive-kaheinimese-tuba-saunaga","status":"publish","type":"page","link":"https:\/\/movenpicktallinn.ee\/et\/hotellitoad\/executive-kaheinimese-tuba-saunaga\/","title":{"rendered":"Executive kaheinimese tuba saunaga"},"content":{"rendered":"<p>Mis saaks olla veel parem \u00fchest niigi tasemel toast? Executive tuba, milles on ka saun.<\/p>\n<p>P\u00e4rast tegusat t\u00f6\u00f6p\u00e4eva saad just siin t\u00f5eliselt l\u00f5\u00f5gastuda ning kui \u00e4kitselt peaksid kiired t\u00f6\u00f6asjad ikkagi t\u00fclitama, saad k\u00f5ik vajaliku selles toas tehtud. Professionaalne t\u00f6\u00f6 keskkond \u00fches kiire internetiga pakub h\u00e4id v\u00f5imalusi, mida selles modernses ja luksuslikus toas nautida.<\/p>\n<p>Ning kui t\u00f6\u00f6 tehtud, pane saun j\u00e4lle sooja ja paku endale t\u00e4ielkku l\u00f5\u00f5gastust!<\/p>\n","protected":false},"excerpt":{"rendered":"<p>Mis saaks olla veel parem \u00fchest niigi tasemel toast? Executive tuba, milles on ka saun. P\u00e4rast tegusat t\u00f6\u00f6p\u00e4eva saad just siin t\u00f5eliselt l\u00f5\u00f5gastuda ning kui \u00e4kitselt peaksid kiired t\u00f6\u00f6asjad ikkagi t\u00fclitama, saad k\u00f5ik vajaliku selles toas tehtud. Professionaalne t\u00f6\u00f6 keskkond \u00fches kiire internetiga pakub h\u00e4id v\u00f5imalusi, mida selles modernses ja luksuslikus toas nautida. Ning kui [&hellip;]<\/p>\n","protected":false},"author":5,"featured_media":0,"parent":32,"menu_order":6,"comment_status":"closed","ping_status":"closed","template":"template-room.php","meta":{"footnotes":""},"categories":[11],"class_list":["post-107","page","type-page","status-publish","hentry","category-toad"],"acf":[],"yoast_head":"<!-- This site is optimized with the Yoast SEO plugin v26.9 - https:\/\/yoast.com\/product\/yoast-seo-wordpress\/ -->\n<title>Hotell Tallinnas | Saunaga Executive hotellituba | M\u00f6venpick<\/title>\n<meta name=\"description\" content=\"Saunaga hotellituba Tallinnas ootab Sind M\u00f6venpickis! Kui soovid privaatse saunaga majutust, siis k\u00fclasta meie veebilehte. Boonuseks on ka hea asukoht kesklinnas.\" \/>\n<meta name=\"robots\" content=\"index, follow, max-snippet:-1, max-image-preview:large, max-video-preview:-1\" \/>\n<link rel=\"canonical\" href=\"https:\/\/movenpicktallinn.ee\/et\/hotellitoad\/executive-kaheinimese-tuba-saunaga\/\" \/>\n<meta property=\"og:locale\" content=\"et_EE\" \/>\n<meta property=\"og:type\" content=\"article\" \/>\n<meta property=\"og:title\" content=\"Hotell Tallinnas | Saunaga Executive hotellituba | M\u00f6venpick\" \/>\n<meta property=\"og:description\" content=\"Saunaga hotellituba Tallinnas ootab Sind M\u00f6venpickis! Kui soovid privaatse saunaga majutust, siis k\u00fclasta meie veebilehte. Boonuseks on ka hea asukoht kesklinnas.\" \/>\n<meta property=\"og:url\" content=\"https:\/\/movenpicktallinn.ee\/et\/hotellitoad\/executive-kaheinimese-tuba-saunaga\/\" \/>\n<meta property=\"og:site_name\" content=\"M\u00f6venpick Hotel Tallinn\" \/>\n<meta property=\"article:modified_time\" content=\"2025-06-25T10:45:06+00:00\" \/>\n<meta property=\"og:image\" content=\"https:\/\/movenpicktallinn.ee\/wp-content\/uploads\/sites\/117\/2025\/06\/Movenpick-Hotel-Tallinn-31-scaled.jpg\" \/>\n\t<meta property=\"og:image:width\" content=\"2560\" \/>\n\t<meta property=\"og:image:height\" content=\"1707\" \/>\n\t<meta property=\"og:image:type\" content=\"image\/jpeg\" \/>\n<meta name=\"twitter:card\" content=\"summary_large_image\" \/>\n<meta name=\"twitter:label1\" content=\"Est. reading time\" \/>\n\t<meta name=\"twitter:data1\" content=\"1 minut\" \/>\n<script type=\"application\/ld+json\" class=\"yoast-schema-graph\">{\"@context\":\"https:\/\/schema.org\",\"@graph\":[{\"@type\":\"WebPage\",\"@id\":\"https:\/\/movenpicktallinn.ee\/et\/hotellitoad\/executive-kaheinimese-tuba-saunaga\/\",\"url\":\"https:\/\/movenpicktallinn.ee\/et\/hotellitoad\/executive-kaheinimese-tuba-saunaga\/\",\"name\":\"Hotell Tallinnas | Saunaga Executive hotellituba | M\u00f6venpick\",\"isPartOf\":{\"@id\":\"https:\/\/movenpicktallinn.ee\/#website\"},\"datePublished\":\"2024-07-11T13:37:40+00:00\",\"dateModified\":\"2025-06-25T10:45:06+00:00\",\"description\":\"Saunaga hotellituba Tallinnas ootab Sind M\u00f6venpickis! Kui soovid privaatse saunaga majutust, siis k\u00fclasta meie veebilehte. Boonuseks on ka hea asukoht kesklinnas.\",\"breadcrumb\":{\"@id\":\"https:\/\/movenpicktallinn.ee\/et\/hotellitoad\/executive-kaheinimese-tuba-saunaga\/#breadcrumb\"},\"inLanguage\":\"et\",\"potentialAction\":[{\"@type\":\"ReadAction\",\"target\":[\"https:\/\/movenpicktallinn.ee\/et\/hotellitoad\/executive-kaheinimese-tuba-saunaga\/\"]}]},{\"@type\":\"BreadcrumbList\",\"@id\":\"https:\/\/movenpicktallinn.ee\/et\/hotellitoad\/executive-kaheinimese-tuba-saunaga\/#breadcrumb\",\"itemListElement\":[{\"@type\":\"ListItem\",\"position\":1,\"name\":\"Home\",\"item\":\"https:\/\/movenpicktallinn.ee\/et\/\"},{\"@type\":\"ListItem\",\"position\":2,\"name\":\"Hotellitoad\",\"item\":\"https:\/\/movenpicktallinn.ee\/et\/hotellitoad\/\"},{\"@type\":\"ListItem\",\"position\":3,\"name\":\"Executive kaheinimese tuba saunaga\"}]},{\"@type\":\"WebSite\",\"@id\":\"https:\/\/movenpicktallinn.ee\/#website\",\"url\":\"https:\/\/movenpicktallinn.ee\/\",\"name\":\"M\u00f6venpick Hotel Tallinn\",\"description\":\"\",\"potentialAction\":[{\"@type\":\"SearchAction\",\"target\":{\"@type\":\"EntryPoint\",\"urlTemplate\":\"https:\/\/movenpicktallinn.ee\/?s={search_term_string}\"},\"query-input\":{\"@type\":\"PropertyValueSpecification\",\"valueRequired\":true,\"valueName\":\"search_term_string\"}}],\"inLanguage\":\"et\"}]}<\/script>\n<!-- \/ Yoast SEO plugin. -->","yoast_head_json":{"title":"Hotell Tallinnas | Saunaga Executive hotellituba | M\u00f6venpick","description":"Saunaga hotellituba Tallinnas ootab Sind M\u00f6venpickis! Kui soovid privaatse saunaga majutust, siis k\u00fclasta meie veebilehte. Boonuseks on ka hea asukoht kesklinnas.","robots":{"index":"index","follow":"follow","max-snippet":"max-snippet:-1","max-image-preview":"max-image-preview:large","max-video-preview":"max-video-preview:-1"},"canonical":"https:\/\/movenpicktallinn.ee\/et\/hotellitoad\/executive-kaheinimese-tuba-saunaga\/","og_locale":"et_EE","og_type":"article","og_title":"Hotell Tallinnas | Saunaga Executive hotellituba | M\u00f6venpick","og_description":"Saunaga hotellituba Tallinnas ootab Sind M\u00f6venpickis! Kui soovid privaatse saunaga majutust, siis k\u00fclasta meie veebilehte. Boonuseks on ka hea asukoht kesklinnas.","og_url":"https:\/\/movenpicktallinn.ee\/et\/hotellitoad\/executive-kaheinimese-tuba-saunaga\/","og_site_name":"M\u00f6venpick Hotel Tallinn","article_modified_time":"2025-06-25T10:45:06+00:00","og_image":[{"width":2560,"height":1707,"url":"https:\/\/movenpicktallinn.ee\/wp-content\/uploads\/sites\/117\/2025\/06\/Movenpick-Hotel-Tallinn-31-scaled.jpg","type":"image\/jpeg"}],"twitter_card":"summary_large_image","twitter_misc":{"Est. reading time":"1 minut"},"schema":{"@context":"https:\/\/schema.org","@graph":[{"@type":"WebPage","@id":"https:\/\/movenpicktallinn.ee\/et\/hotellitoad\/executive-kaheinimese-tuba-saunaga\/","url":"https:\/\/movenpicktallinn.ee\/et\/hotellitoad\/executive-kaheinimese-tuba-saunaga\/","name":"Hotell Tallinnas | Saunaga Executive hotellituba | M\u00f6venpick","isPartOf":{"@id":"https:\/\/movenpicktallinn.ee\/#website"},"datePublished":"2024-07-11T13:37:40+00:00","dateModified":"2025-06-25T10:45:06+00:00","description":"Saunaga hotellituba Tallinnas ootab Sind M\u00f6venpickis! Kui soovid privaatse saunaga majutust, siis k\u00fclasta meie veebilehte. Boonuseks on ka hea asukoht kesklinnas.","breadcrumb":{"@id":"https:\/\/movenpicktallinn.ee\/et\/hotellitoad\/executive-kaheinimese-tuba-saunaga\/#breadcrumb"},"inLanguage":"et","potentialAction":[{"@type":"ReadAction","target":["https:\/\/movenpicktallinn.ee\/et\/hotellitoad\/executive-kaheinimese-tuba-saunaga\/"]}]},{"@type":"BreadcrumbList","@id":"https:\/\/movenpicktallinn.ee\/et\/hotellitoad\/executive-kaheinimese-tuba-saunaga\/#breadcrumb","itemListElement":[{"@type":"ListItem","position":1,"name":"Home","item":"https:\/\/movenpicktallinn.ee\/et\/"},{"@type":"ListItem","position":2,"name":"Hotellitoad","item":"https:\/\/movenpicktallinn.ee\/et\/hotellitoad\/"},{"@type":"ListItem","position":3,"name":"Executive kaheinimese tuba saunaga"}]},{"@type":"WebSite","@id":"https:\/\/movenpicktallinn.ee\/#website","url":"https:\/\/movenpicktallinn.ee\/","name":"M\u00f6venpick Hotel Tallinn","description":"","potentialAction":[{"@type":"SearchAction","target":{"@type":"EntryPoint","urlTemplate":"https:\/\/movenpicktallinn.ee\/?s={search_term_string}"},"query-input":{"@type":"PropertyValueSpecification","valueRequired":true,"valueName":"search_term_string"}}],"inLanguage":"et"}]}},"_links":{"self":[{"href":"https:\/\/movenpicktallinn.ee\/et\/wp-json\/wp\/v2\/pages\/107","targetHints":{"allow":["GET"]}}],"collection":[{"href":"https:\/\/movenpicktallinn.ee\/et\/wp-json\/wp\/v2\/pages"}],"about":[{"href":"https:\/\/movenpicktallinn.ee\/et\/wp-json\/wp\/v2\/types\/page"}],"author":[{"embeddable":true,"href":"https:\/\/movenpicktallinn.ee\/et\/wp-json\/wp\/v2\/users\/5"}],"replies":[{"embeddable":true,"href":"https:\/\/movenpicktallinn.ee\/et\/wp-json\/wp\/v2\/comments?post=107"}],"version-history":[{"count":0,"href":"https:\/\/movenpicktallinn.ee\/et\/wp-json\/wp\/v2\/pages\/107\/revisions"}],"up":[{"embeddable":true,"href":"https:\/\/movenpicktallinn.ee\/et\/wp-json\/wp\/v2\/pages\/32"}],"wp:attachment":[{"href":"https:\/\/movenpicktallinn.ee\/et\/wp-json\/wp\/v2\/media?parent=107"}],"wp:term":[{"taxonomy":"category","embeddable":true,"href":"https:\/\/movenpicktallinn.ee\/et\/wp-json\/wp\/v2\/categories?post=107"}],"curies":[{"name":"wp","href":"https:\/\/api.w.org\/{rel}","templated":true}]}}