{"id":120,"date":"2024-07-11T14:14:43","date_gmt":"2024-07-11T14:14:43","guid":{"rendered":"https:\/\/movenpick-hotel-tallinn.accorv2prod.decms.eu\/hotellitoad\/deluxe-suite-with-1-double-bed-with-balcony\/"},"modified":"2025-12-11T15:27:11","modified_gmt":"2025-12-11T15:27:11","slug":"deluxe-sviit-uhe-kaheinimesevoodi-ja-roduga","status":"publish","type":"page","link":"https:\/\/movenpicktallinn.ee\/et\/hotellitoad\/deluxe-sviit-uhe-kaheinimesevoodi-ja-roduga\/","title":{"rendered":"Deluxe sviit \u00fche kaheinimesevoodi ja r\u00f5duga"},"content":{"rendered":"<p>\u00dcks t\u00f5eline puhkus algab meie Deluxe-sviidist. Peene sisekujundusega tuba troonib lai ja luksuslik kaheinimesevoodi, milles tuleb t\u00f5eline uni.<\/p>\n<p>Muidugi sobib kergemaks puhkuseks suurep\u00e4raselt ka tuppa paigutatud diivanvoodi. P\u00e4rast kosutavat uinakut ava uks r\u00f5dule ja saa osa Tallinna lummavatest vaadetest. Deluxe-sviidis saad nautida k\u00f5iki mugavusi alates turvalisest seifist kuni esmaklassiliste sussideni.<\/p>\n<p>Ning kui oled linnas pika tiiru \u00e4ra teinud, on parim h\u00fcpata l\u00f5\u00f5gastavasse vanni v\u00f5i du\u0161i alla. Soovitame soojalt!<\/p>\n<p>PS! Soovid \u00f6\u00f6 veeta meie j\u00f5ulutoas? Anna broneeringut tehes teada, et soovid \u00f6\u00f6bida ruumis number 502.<\/p>\n","protected":false},"excerpt":{"rendered":"<p>\u00dcks t\u00f5eline puhkus algab meie Deluxe-sviidist. Peene sisekujundusega tuba troonib lai ja luksuslik kaheinimesevoodi, milles tuleb t\u00f5eline uni. Muidugi sobib kergemaks puhkuseks suurep\u00e4raselt ka tuppa paigutatud diivanvoodi. P\u00e4rast kosutavat uinakut ava uks r\u00f5dule ja saa osa Tallinna lummavatest vaadetest. Deluxe-sviidis saad nautida k\u00f5iki mugavusi alates turvalisest seifist kuni esmaklassiliste sussideni. Ning kui oled linnas pika [&hellip;]<\/p>\n","protected":false},"author":5,"featured_media":0,"parent":32,"menu_order":8,"comment_status":"closed","ping_status":"closed","template":"template-room.php","meta":{"footnotes":""},"categories":[12],"class_list":["post-120","page","type-page","status-publish","hentry","category-sviidid"],"acf":[],"yoast_head":"<!-- This site is optimized with the Yoast SEO plugin v26.9 - https:\/\/yoast.com\/product\/yoast-seo-wordpress\/ -->\n<title>Hotell Tallinnas | R\u00f5duga Deluxe sviit | M\u00f6venpick<\/title>\n<meta name=\"description\" content=\"M\u00f6venpick on hubane ja romantiline hotell Tallinnas. Meie k\u00fclastajad naudivad hotelli atmosf\u00e4\u00e4ri, head asukohta ning toite hotelli restoranis ROOF.\" \/>\n<meta name=\"robots\" content=\"index, follow, max-snippet:-1, max-image-preview:large, max-video-preview:-1\" \/>\n<link rel=\"canonical\" href=\"https:\/\/movenpicktallinn.ee\/et\/hotellitoad\/deluxe-sviit-uhe-kaheinimesevoodi-ja-roduga\/\" \/>\n<meta property=\"og:locale\" content=\"et_EE\" \/>\n<meta property=\"og:type\" content=\"article\" \/>\n<meta property=\"og:title\" content=\"Hotell Tallinnas | R\u00f5duga Deluxe sviit | M\u00f6venpick\" \/>\n<meta property=\"og:description\" content=\"M\u00f6venpick on hubane ja romantiline hotell Tallinnas. Meie k\u00fclastajad naudivad hotelli atmosf\u00e4\u00e4ri, head asukohta ning toite hotelli restoranis ROOF.\" \/>\n<meta property=\"og:url\" content=\"https:\/\/movenpicktallinn.ee\/et\/hotellitoad\/deluxe-sviit-uhe-kaheinimesevoodi-ja-roduga\/\" \/>\n<meta property=\"og:site_name\" content=\"M\u00f6venpick Hotel Tallinn\" \/>\n<meta property=\"article:modified_time\" content=\"2025-12-11T15:27:11+00:00\" \/>\n<meta property=\"og:image\" content=\"https:\/\/movenpicktallinn.ee\/wp-content\/uploads\/sites\/117\/2025\/06\/Movenpick-Hotel-Tallinn-31-scaled.jpg\" \/>\n\t<meta property=\"og:image:width\" content=\"2560\" \/>\n\t<meta property=\"og:image:height\" content=\"1707\" \/>\n\t<meta property=\"og:image:type\" content=\"image\/jpeg\" \/>\n<meta name=\"twitter:card\" content=\"summary_large_image\" \/>\n<meta name=\"twitter:label1\" content=\"Est. reading time\" \/>\n\t<meta name=\"twitter:data1\" content=\"1 minut\" \/>\n<script type=\"application\/ld+json\" class=\"yoast-schema-graph\">{\"@context\":\"https:\/\/schema.org\",\"@graph\":[{\"@type\":\"WebPage\",\"@id\":\"https:\/\/movenpicktallinn.ee\/et\/hotellitoad\/deluxe-sviit-uhe-kaheinimesevoodi-ja-roduga\/\",\"url\":\"https:\/\/movenpicktallinn.ee\/et\/hotellitoad\/deluxe-sviit-uhe-kaheinimesevoodi-ja-roduga\/\",\"name\":\"Hotell Tallinnas | R\u00f5duga Deluxe sviit | M\u00f6venpick\",\"isPartOf\":{\"@id\":\"https:\/\/movenpicktallinn.ee\/#website\"},\"datePublished\":\"2024-07-11T14:14:43+00:00\",\"dateModified\":\"2025-12-11T15:27:11+00:00\",\"description\":\"M\u00f6venpick on hubane ja romantiline hotell Tallinnas. Meie k\u00fclastajad naudivad hotelli atmosf\u00e4\u00e4ri, head asukohta ning toite hotelli restoranis ROOF.\",\"breadcrumb\":{\"@id\":\"https:\/\/movenpicktallinn.ee\/et\/hotellitoad\/deluxe-sviit-uhe-kaheinimesevoodi-ja-roduga\/#breadcrumb\"},\"inLanguage\":\"et\",\"potentialAction\":[{\"@type\":\"ReadAction\",\"target\":[\"https:\/\/movenpicktallinn.ee\/et\/hotellitoad\/deluxe-sviit-uhe-kaheinimesevoodi-ja-roduga\/\"]}]},{\"@type\":\"BreadcrumbList\",\"@id\":\"https:\/\/movenpicktallinn.ee\/et\/hotellitoad\/deluxe-sviit-uhe-kaheinimesevoodi-ja-roduga\/#breadcrumb\",\"itemListElement\":[{\"@type\":\"ListItem\",\"position\":1,\"name\":\"Home\",\"item\":\"https:\/\/movenpicktallinn.ee\/et\/\"},{\"@type\":\"ListItem\",\"position\":2,\"name\":\"Hotellitoad\",\"item\":\"https:\/\/movenpicktallinn.ee\/et\/hotellitoad\/\"},{\"@type\":\"ListItem\",\"position\":3,\"name\":\"Deluxe sviit \u00fche kaheinimesevoodi ja r\u00f5duga\"}]},{\"@type\":\"WebSite\",\"@id\":\"https:\/\/movenpicktallinn.ee\/#website\",\"url\":\"https:\/\/movenpicktallinn.ee\/\",\"name\":\"M\u00f6venpick Hotel Tallinn\",\"description\":\"\",\"potentialAction\":[{\"@type\":\"SearchAction\",\"target\":{\"@type\":\"EntryPoint\",\"urlTemplate\":\"https:\/\/movenpicktallinn.ee\/?s={search_term_string}\"},\"query-input\":{\"@type\":\"PropertyValueSpecification\",\"valueRequired\":true,\"valueName\":\"search_term_string\"}}],\"inLanguage\":\"et\"}]}<\/script>\n<!-- \/ Yoast SEO plugin. -->","yoast_head_json":{"title":"Hotell Tallinnas | R\u00f5duga Deluxe sviit | M\u00f6venpick","description":"M\u00f6venpick on hubane ja romantiline hotell Tallinnas. Meie k\u00fclastajad naudivad hotelli atmosf\u00e4\u00e4ri, head asukohta ning toite hotelli restoranis ROOF.","robots":{"index":"index","follow":"follow","max-snippet":"max-snippet:-1","max-image-preview":"max-image-preview:large","max-video-preview":"max-video-preview:-1"},"canonical":"https:\/\/movenpicktallinn.ee\/et\/hotellitoad\/deluxe-sviit-uhe-kaheinimesevoodi-ja-roduga\/","og_locale":"et_EE","og_type":"article","og_title":"Hotell Tallinnas | R\u00f5duga Deluxe sviit | M\u00f6venpick","og_description":"M\u00f6venpick on hubane ja romantiline hotell Tallinnas. Meie k\u00fclastajad naudivad hotelli atmosf\u00e4\u00e4ri, head asukohta ning toite hotelli restoranis ROOF.","og_url":"https:\/\/movenpicktallinn.ee\/et\/hotellitoad\/deluxe-sviit-uhe-kaheinimesevoodi-ja-roduga\/","og_site_name":"M\u00f6venpick Hotel Tallinn","article_modified_time":"2025-12-11T15:27:11+00:00","og_image":[{"width":2560,"height":1707,"url":"https:\/\/movenpicktallinn.ee\/wp-content\/uploads\/sites\/117\/2025\/06\/Movenpick-Hotel-Tallinn-31-scaled.jpg","type":"image\/jpeg"}],"twitter_card":"summary_large_image","twitter_misc":{"Est. reading time":"1 minut"},"schema":{"@context":"https:\/\/schema.org","@graph":[{"@type":"WebPage","@id":"https:\/\/movenpicktallinn.ee\/et\/hotellitoad\/deluxe-sviit-uhe-kaheinimesevoodi-ja-roduga\/","url":"https:\/\/movenpicktallinn.ee\/et\/hotellitoad\/deluxe-sviit-uhe-kaheinimesevoodi-ja-roduga\/","name":"Hotell Tallinnas | R\u00f5duga Deluxe sviit | M\u00f6venpick","isPartOf":{"@id":"https:\/\/movenpicktallinn.ee\/#website"},"datePublished":"2024-07-11T14:14:43+00:00","dateModified":"2025-12-11T15:27:11+00:00","description":"M\u00f6venpick on hubane ja romantiline hotell Tallinnas. Meie k\u00fclastajad naudivad hotelli atmosf\u00e4\u00e4ri, head asukohta ning toite hotelli restoranis ROOF.","breadcrumb":{"@id":"https:\/\/movenpicktallinn.ee\/et\/hotellitoad\/deluxe-sviit-uhe-kaheinimesevoodi-ja-roduga\/#breadcrumb"},"inLanguage":"et","potentialAction":[{"@type":"ReadAction","target":["https:\/\/movenpicktallinn.ee\/et\/hotellitoad\/deluxe-sviit-uhe-kaheinimesevoodi-ja-roduga\/"]}]},{"@type":"BreadcrumbList","@id":"https:\/\/movenpicktallinn.ee\/et\/hotellitoad\/deluxe-sviit-uhe-kaheinimesevoodi-ja-roduga\/#breadcrumb","itemListElement":[{"@type":"ListItem","position":1,"name":"Home","item":"https:\/\/movenpicktallinn.ee\/et\/"},{"@type":"ListItem","position":2,"name":"Hotellitoad","item":"https:\/\/movenpicktallinn.ee\/et\/hotellitoad\/"},{"@type":"ListItem","position":3,"name":"Deluxe sviit \u00fche kaheinimesevoodi ja r\u00f5duga"}]},{"@type":"WebSite","@id":"https:\/\/movenpicktallinn.ee\/#website","url":"https:\/\/movenpicktallinn.ee\/","name":"M\u00f6venpick Hotel Tallinn","description":"","potentialAction":[{"@type":"SearchAction","target":{"@type":"EntryPoint","urlTemplate":"https:\/\/movenpicktallinn.ee\/?s={search_term_string}"},"query-input":{"@type":"PropertyValueSpecification","valueRequired":true,"valueName":"search_term_string"}}],"inLanguage":"et"}]}},"_links":{"self":[{"href":"https:\/\/movenpicktallinn.ee\/et\/wp-json\/wp\/v2\/pages\/120","targetHints":{"allow":["GET"]}}],"collection":[{"href":"https:\/\/movenpicktallinn.ee\/et\/wp-json\/wp\/v2\/pages"}],"about":[{"href":"https:\/\/movenpicktallinn.ee\/et\/wp-json\/wp\/v2\/types\/page"}],"author":[{"embeddable":true,"href":"https:\/\/movenpicktallinn.ee\/et\/wp-json\/wp\/v2\/users\/5"}],"replies":[{"embeddable":true,"href":"https:\/\/movenpicktallinn.ee\/et\/wp-json\/wp\/v2\/comments?post=120"}],"version-history":[{"count":0,"href":"https:\/\/movenpicktallinn.ee\/et\/wp-json\/wp\/v2\/pages\/120\/revisions"}],"up":[{"embeddable":true,"href":"https:\/\/movenpicktallinn.ee\/et\/wp-json\/wp\/v2\/pages\/32"}],"wp:attachment":[{"href":"https:\/\/movenpicktallinn.ee\/et\/wp-json\/wp\/v2\/media?parent=120"}],"wp:term":[{"taxonomy":"category","embeddable":true,"href":"https:\/\/movenpicktallinn.ee\/et\/wp-json\/wp\/v2\/categories?post=120"}],"curies":[{"name":"wp","href":"https:\/\/api.w.org\/{rel}","templated":true}]}}