{"id":140,"date":"2024-07-11T14:54:39","date_gmt":"2024-07-11T14:54:39","guid":{"rendered":"https:\/\/movenpick-hotel-tallinn.accorv2prod.decms.eu\/hotellitoad\/executive-suite-with-1-double-bed-with-balcony\/"},"modified":"2025-11-05T13:31:30","modified_gmt":"2025-11-05T13:31:30","slug":"executive-sviit-roduga","status":"publish","type":"page","link":"https:\/\/movenpicktallinn.ee\/et\/hotellitoad\/executive-sviit-roduga\/","title":{"rendered":"Executive Sviit r\u00f5duga"},"content":{"rendered":"<p>Tere tulemast meie Executive-sviiti ehk kohta, kus tervitab sind \u00fclim mugavus ning kaasaegne disain.<\/p>\n<p>Heida pikali laia kaheinimesevoodisse ja naudi unen\u00e4oliselt kosutavat und. Avades silmad, tervitavad sind maast laeni aknad, millest avaneb vaade \u00f5dusasse Lembitu parki. Lisalahendusena on meie Executive-sviit toas ka diivanvoodi.<\/p>\n","protected":false},"excerpt":{"rendered":"<p>Tere tulemast meie Executive-sviiti ehk kohta, kus tervitab sind \u00fclim mugavus ning kaasaegne disain. Heida pikali laia kaheinimesevoodisse ja naudi unen\u00e4oliselt kosutavat und. Avades silmad, tervitavad sind maast laeni aknad, millest avaneb vaade \u00f5dusasse Lembitu parki. Lisalahendusena on meie Executive-sviit toas ka diivanvoodi.<\/p>\n","protected":false},"author":5,"featured_media":0,"parent":32,"menu_order":9,"comment_status":"closed","ping_status":"closed","template":"template-room.php","meta":{"footnotes":""},"categories":[12],"class_list":["post-140","page","type-page","status-publish","hentry","category-sviidid"],"acf":[],"yoast_head":"<!-- This site is optimized with the Yoast SEO plugin v26.9 - https:\/\/yoast.com\/product\/yoast-seo-wordpress\/ -->\n<title>Hotell Tallinnas | Executive Sviit r\u00f5duga | M\u00f6venpick<\/title>\n<meta name=\"description\" content=\"Kui soovid \u00f6\u00f6bimiseks broneerida mugava ja luksusliku kesklinnas asuva sviidi, siis tutvu M\u00f6venpickiga. Spaa-ala, restoran Roof, hommikus\u00f6\u00f6k jpm.\" \/>\n<meta name=\"robots\" content=\"index, follow, max-snippet:-1, max-image-preview:large, max-video-preview:-1\" \/>\n<link rel=\"canonical\" href=\"https:\/\/movenpicktallinn.ee\/et\/hotellitoad\/executive-sviit-roduga\/\" \/>\n<meta property=\"og:locale\" content=\"et_EE\" \/>\n<meta property=\"og:type\" content=\"article\" \/>\n<meta property=\"og:title\" content=\"Hotell Tallinnas | Executive Sviit r\u00f5duga | M\u00f6venpick\" \/>\n<meta property=\"og:description\" content=\"Kui soovid \u00f6\u00f6bimiseks broneerida mugava ja luksusliku kesklinnas asuva sviidi, siis tutvu M\u00f6venpickiga. Spaa-ala, restoran Roof, hommikus\u00f6\u00f6k jpm.\" \/>\n<meta property=\"og:url\" content=\"https:\/\/movenpicktallinn.ee\/et\/hotellitoad\/executive-sviit-roduga\/\" \/>\n<meta property=\"og:site_name\" content=\"M\u00f6venpick Hotel Tallinn\" \/>\n<meta property=\"article:modified_time\" content=\"2025-11-05T13:31:30+00:00\" \/>\n<meta property=\"og:image\" content=\"https:\/\/movenpicktallinn.ee\/wp-content\/uploads\/sites\/117\/2025\/06\/Movenpick-Hotel-Tallinn-31-scaled.jpg\" \/>\n\t<meta property=\"og:image:width\" content=\"2560\" \/>\n\t<meta property=\"og:image:height\" content=\"1707\" \/>\n\t<meta property=\"og:image:type\" content=\"image\/jpeg\" \/>\n<meta name=\"twitter:card\" content=\"summary_large_image\" \/>\n<meta name=\"twitter:label1\" content=\"Est. reading time\" \/>\n\t<meta name=\"twitter:data1\" content=\"1 minut\" \/>\n<script type=\"application\/ld+json\" class=\"yoast-schema-graph\">{\"@context\":\"https:\/\/schema.org\",\"@graph\":[{\"@type\":\"WebPage\",\"@id\":\"https:\/\/movenpicktallinn.ee\/et\/hotellitoad\/executive-sviit-roduga\/\",\"url\":\"https:\/\/movenpicktallinn.ee\/et\/hotellitoad\/executive-sviit-roduga\/\",\"name\":\"Hotell Tallinnas | Executive Sviit r\u00f5duga | M\u00f6venpick\",\"isPartOf\":{\"@id\":\"https:\/\/movenpicktallinn.ee\/#website\"},\"datePublished\":\"2024-07-11T14:54:39+00:00\",\"dateModified\":\"2025-11-05T13:31:30+00:00\",\"description\":\"Kui soovid \u00f6\u00f6bimiseks broneerida mugava ja luksusliku kesklinnas asuva sviidi, siis tutvu M\u00f6venpickiga. Spaa-ala, restoran Roof, hommikus\u00f6\u00f6k jpm.\",\"breadcrumb\":{\"@id\":\"https:\/\/movenpicktallinn.ee\/et\/hotellitoad\/executive-sviit-roduga\/#breadcrumb\"},\"inLanguage\":\"et\",\"potentialAction\":[{\"@type\":\"ReadAction\",\"target\":[\"https:\/\/movenpicktallinn.ee\/et\/hotellitoad\/executive-sviit-roduga\/\"]}]},{\"@type\":\"BreadcrumbList\",\"@id\":\"https:\/\/movenpicktallinn.ee\/et\/hotellitoad\/executive-sviit-roduga\/#breadcrumb\",\"itemListElement\":[{\"@type\":\"ListItem\",\"position\":1,\"name\":\"Home\",\"item\":\"https:\/\/movenpicktallinn.ee\/et\/\"},{\"@type\":\"ListItem\",\"position\":2,\"name\":\"Hotellitoad\",\"item\":\"https:\/\/movenpicktallinn.ee\/et\/hotellitoad\/\"},{\"@type\":\"ListItem\",\"position\":3,\"name\":\"Executive Sviit r\u00f5duga\"}]},{\"@type\":\"WebSite\",\"@id\":\"https:\/\/movenpicktallinn.ee\/#website\",\"url\":\"https:\/\/movenpicktallinn.ee\/\",\"name\":\"M\u00f6venpick Hotel Tallinn\",\"description\":\"\",\"potentialAction\":[{\"@type\":\"SearchAction\",\"target\":{\"@type\":\"EntryPoint\",\"urlTemplate\":\"https:\/\/movenpicktallinn.ee\/?s={search_term_string}\"},\"query-input\":{\"@type\":\"PropertyValueSpecification\",\"valueRequired\":true,\"valueName\":\"search_term_string\"}}],\"inLanguage\":\"et\"}]}<\/script>\n<!-- \/ Yoast SEO plugin. -->","yoast_head_json":{"title":"Hotell Tallinnas | Executive Sviit r\u00f5duga | M\u00f6venpick","description":"Kui soovid \u00f6\u00f6bimiseks broneerida mugava ja luksusliku kesklinnas asuva sviidi, siis tutvu M\u00f6venpickiga. Spaa-ala, restoran Roof, hommikus\u00f6\u00f6k jpm.","robots":{"index":"index","follow":"follow","max-snippet":"max-snippet:-1","max-image-preview":"max-image-preview:large","max-video-preview":"max-video-preview:-1"},"canonical":"https:\/\/movenpicktallinn.ee\/et\/hotellitoad\/executive-sviit-roduga\/","og_locale":"et_EE","og_type":"article","og_title":"Hotell Tallinnas | Executive Sviit r\u00f5duga | M\u00f6venpick","og_description":"Kui soovid \u00f6\u00f6bimiseks broneerida mugava ja luksusliku kesklinnas asuva sviidi, siis tutvu M\u00f6venpickiga. Spaa-ala, restoran Roof, hommikus\u00f6\u00f6k jpm.","og_url":"https:\/\/movenpicktallinn.ee\/et\/hotellitoad\/executive-sviit-roduga\/","og_site_name":"M\u00f6venpick Hotel Tallinn","article_modified_time":"2025-11-05T13:31:30+00:00","og_image":[{"width":2560,"height":1707,"url":"https:\/\/movenpicktallinn.ee\/wp-content\/uploads\/sites\/117\/2025\/06\/Movenpick-Hotel-Tallinn-31-scaled.jpg","type":"image\/jpeg"}],"twitter_card":"summary_large_image","twitter_misc":{"Est. reading time":"1 minut"},"schema":{"@context":"https:\/\/schema.org","@graph":[{"@type":"WebPage","@id":"https:\/\/movenpicktallinn.ee\/et\/hotellitoad\/executive-sviit-roduga\/","url":"https:\/\/movenpicktallinn.ee\/et\/hotellitoad\/executive-sviit-roduga\/","name":"Hotell Tallinnas | Executive Sviit r\u00f5duga | M\u00f6venpick","isPartOf":{"@id":"https:\/\/movenpicktallinn.ee\/#website"},"datePublished":"2024-07-11T14:54:39+00:00","dateModified":"2025-11-05T13:31:30+00:00","description":"Kui soovid \u00f6\u00f6bimiseks broneerida mugava ja luksusliku kesklinnas asuva sviidi, siis tutvu M\u00f6venpickiga. Spaa-ala, restoran Roof, hommikus\u00f6\u00f6k jpm.","breadcrumb":{"@id":"https:\/\/movenpicktallinn.ee\/et\/hotellitoad\/executive-sviit-roduga\/#breadcrumb"},"inLanguage":"et","potentialAction":[{"@type":"ReadAction","target":["https:\/\/movenpicktallinn.ee\/et\/hotellitoad\/executive-sviit-roduga\/"]}]},{"@type":"BreadcrumbList","@id":"https:\/\/movenpicktallinn.ee\/et\/hotellitoad\/executive-sviit-roduga\/#breadcrumb","itemListElement":[{"@type":"ListItem","position":1,"name":"Home","item":"https:\/\/movenpicktallinn.ee\/et\/"},{"@type":"ListItem","position":2,"name":"Hotellitoad","item":"https:\/\/movenpicktallinn.ee\/et\/hotellitoad\/"},{"@type":"ListItem","position":3,"name":"Executive Sviit r\u00f5duga"}]},{"@type":"WebSite","@id":"https:\/\/movenpicktallinn.ee\/#website","url":"https:\/\/movenpicktallinn.ee\/","name":"M\u00f6venpick Hotel Tallinn","description":"","potentialAction":[{"@type":"SearchAction","target":{"@type":"EntryPoint","urlTemplate":"https:\/\/movenpicktallinn.ee\/?s={search_term_string}"},"query-input":{"@type":"PropertyValueSpecification","valueRequired":true,"valueName":"search_term_string"}}],"inLanguage":"et"}]}},"_links":{"self":[{"href":"https:\/\/movenpicktallinn.ee\/et\/wp-json\/wp\/v2\/pages\/140","targetHints":{"allow":["GET"]}}],"collection":[{"href":"https:\/\/movenpicktallinn.ee\/et\/wp-json\/wp\/v2\/pages"}],"about":[{"href":"https:\/\/movenpicktallinn.ee\/et\/wp-json\/wp\/v2\/types\/page"}],"author":[{"embeddable":true,"href":"https:\/\/movenpicktallinn.ee\/et\/wp-json\/wp\/v2\/users\/5"}],"replies":[{"embeddable":true,"href":"https:\/\/movenpicktallinn.ee\/et\/wp-json\/wp\/v2\/comments?post=140"}],"version-history":[{"count":0,"href":"https:\/\/movenpicktallinn.ee\/et\/wp-json\/wp\/v2\/pages\/140\/revisions"}],"up":[{"embeddable":true,"href":"https:\/\/movenpicktallinn.ee\/et\/wp-json\/wp\/v2\/pages\/32"}],"wp:attachment":[{"href":"https:\/\/movenpicktallinn.ee\/et\/wp-json\/wp\/v2\/media?parent=140"}],"wp:term":[{"taxonomy":"category","embeddable":true,"href":"https:\/\/movenpicktallinn.ee\/et\/wp-json\/wp\/v2\/categories?post=140"}],"curies":[{"name":"wp","href":"https:\/\/api.w.org\/{rel}","templated":true}]}}