{"id":168,"date":"2024-07-11T15:32:11","date_gmt":"2024-07-11T15:32:11","guid":{"rendered":"https:\/\/movenpick-hotel-tallinn.accorv2prod.decms.eu\/?page_id=168"},"modified":"2026-04-23T08:32:07","modified_gmt":"2026-04-23T08:32:07","slug":"restoran-roof","status":"publish","type":"page","link":"https:\/\/movenpicktallinn.ee\/et\/restoranid-baarid\/restoran-roof\/","title":{"rendered":"Restoran Roof"},"content":{"rendered":"<p>R\u00f5\u00f5musta oma maitsemeeli fantastilise ja tervisliku toiduga, mille valmistavad sulle meie meisterlikud kokad \u2013 nii on garanteeritud v\u00f5rratult maitsek\u00fcllane kogemus.<\/p>\n<p>Ilusa ilma korral naudi lummavat atmosf\u00e4\u00e4ri meie v\u00e4ikesel katuseterrassil, mis on ideaalne paik, kus nautida toitu ja l\u00fc\u00fca kokku veiniklaase.<\/p>\n<p>&nbsp;<\/p>\n<p style=\"text-align: center\"><strong><a href=\"https:\/\/movenpicktallinn.ee\/wp-content\/uploads\/sites\/117\/2025\/08\/MP-arilouna-SYGIS_TALV.pdf\" target=\"_blank\" rel=\"noopener\">L\u00f5unamen\u00fc\u00fc<\/a><\/strong><\/p>\n<p style=\"text-align: center\"><strong><a href=\"https:\/\/movenpicktallinn.ee\/wp-content\/uploads\/sites\/117\/2025\/08\/Roof-a-la-carte-menuu-1.pdf\" target=\"_blank\" rel=\"noopener\">Roof a la carte menu\u0308u\u0308<\/a><\/strong><\/p>\n","protected":false},"excerpt":{"rendered":"<p>R\u00f5\u00f5musta oma maitsemeeli fantastilise ja tervisliku toiduga, mille valmistavad sulle meie meisterlikud kokad \u2013 nii on garanteeritud v\u00f5rratult maitsek\u00fcllane kogemus. Ilusa ilma korral naudi lummavat atmosf\u00e4\u00e4ri meie v\u00e4ikesel katuseterrassil, mis on ideaalne paik, kus nautida toitu ja l\u00fc\u00fca kokku veiniklaase. &nbsp; L\u00f5unamen\u00fc\u00fc Roof a la carte menu\u0308u\u0308<\/p>\n","protected":false},"author":5,"featured_media":0,"parent":856,"menu_order":0,"comment_status":"closed","ping_status":"closed","template":"template-restaurant.php","meta":{"footnotes":""},"categories":[],"class_list":["post-168","page","type-page","status-publish","hentry"],"acf":[],"yoast_head":"<!-- This site is optimized with the Yoast SEO plugin v26.9 - https:\/\/yoast.com\/product\/yoast-seo-wordpress\/ -->\n<title>Tallinna tipp-restoran | Vahemereh\u00f5nguline Roof | M\u00f6venpick<\/title>\n<meta name=\"description\" content=\"Restoran Roof pakub oma valikus Vahemere-\u00e4\u00e4rsest k\u00f6\u00f6gist inspireeritud roogasid. Romantilise atmosf\u00e4\u00e4ri ja lummavate vaadetega populaarne restoran Tallinnas.\" \/>\n<meta name=\"robots\" content=\"index, follow, max-snippet:-1, max-image-preview:large, max-video-preview:-1\" \/>\n<link rel=\"canonical\" href=\"https:\/\/movenpicktallinn.ee\/et\/restoranid-baarid\/restoran-roof\/\" \/>\n<meta property=\"og:locale\" content=\"et_EE\" \/>\n<meta property=\"og:type\" content=\"article\" \/>\n<meta property=\"og:title\" content=\"Tallinna tipp-restoran | Vahemereh\u00f5nguline Roof | M\u00f6venpick\" \/>\n<meta property=\"og:description\" content=\"Restoran Roof pakub oma valikus Vahemere-\u00e4\u00e4rsest k\u00f6\u00f6gist inspireeritud roogasid. Romantilise atmosf\u00e4\u00e4ri ja lummavate vaadetega populaarne restoran Tallinnas.\" \/>\n<meta property=\"og:url\" content=\"https:\/\/movenpicktallinn.ee\/et\/restoranid-baarid\/restoran-roof\/\" \/>\n<meta property=\"og:site_name\" content=\"M\u00f6venpick Hotel Tallinn\" \/>\n<meta property=\"article:modified_time\" content=\"2026-04-23T08:32:07+00:00\" \/>\n<meta property=\"og:image\" content=\"https:\/\/movenpicktallinn.ee\/wp-content\/uploads\/sites\/117\/2025\/06\/Movenpick-Hotel-Tallinn-31-scaled.jpg\" \/>\n\t<meta property=\"og:image:width\" content=\"2560\" \/>\n\t<meta property=\"og:image:height\" content=\"1707\" \/>\n\t<meta property=\"og:image:type\" content=\"image\/jpeg\" \/>\n<meta name=\"twitter:card\" content=\"summary_large_image\" \/>\n<meta name=\"twitter:label1\" content=\"Est. reading time\" \/>\n\t<meta name=\"twitter:data1\" content=\"1 minut\" \/>\n<script type=\"application\/ld+json\" class=\"yoast-schema-graph\">{\"@context\":\"https:\/\/schema.org\",\"@graph\":[{\"@type\":\"WebPage\",\"@id\":\"https:\/\/movenpicktallinn.ee\/et\/restoranid-baarid\/restoran-roof\/\",\"url\":\"https:\/\/movenpicktallinn.ee\/et\/restoranid-baarid\/restoran-roof\/\",\"name\":\"Tallinna tipp-restoran | Vahemereh\u00f5nguline Roof | M\u00f6venpick\",\"isPartOf\":{\"@id\":\"https:\/\/movenpicktallinn.ee\/#website\"},\"datePublished\":\"2024-07-11T15:32:11+00:00\",\"dateModified\":\"2026-04-23T08:32:07+00:00\",\"description\":\"Restoran Roof pakub oma valikus Vahemere-\u00e4\u00e4rsest k\u00f6\u00f6gist inspireeritud roogasid. Romantilise atmosf\u00e4\u00e4ri ja lummavate vaadetega populaarne restoran Tallinnas.\",\"breadcrumb\":{\"@id\":\"https:\/\/movenpicktallinn.ee\/et\/restoranid-baarid\/restoran-roof\/#breadcrumb\"},\"inLanguage\":\"et\",\"potentialAction\":[{\"@type\":\"ReadAction\",\"target\":[\"https:\/\/movenpicktallinn.ee\/et\/restoranid-baarid\/restoran-roof\/\"]}]},{\"@type\":\"BreadcrumbList\",\"@id\":\"https:\/\/movenpicktallinn.ee\/et\/restoranid-baarid\/restoran-roof\/#breadcrumb\",\"itemListElement\":[{\"@type\":\"ListItem\",\"position\":1,\"name\":\"Home\",\"item\":\"https:\/\/movenpicktallinn.ee\/et\/\"},{\"@type\":\"ListItem\",\"position\":2,\"name\":\"Restoranid &amp; Baarid\",\"item\":\"https:\/\/movenpicktallinn.ee\/et\/restoranid-baarid\/\"},{\"@type\":\"ListItem\",\"position\":3,\"name\":\"Restoran Roof\"}]},{\"@type\":\"WebSite\",\"@id\":\"https:\/\/movenpicktallinn.ee\/#website\",\"url\":\"https:\/\/movenpicktallinn.ee\/\",\"name\":\"M\u00f6venpick Hotel Tallinn\",\"description\":\"\",\"potentialAction\":[{\"@type\":\"SearchAction\",\"target\":{\"@type\":\"EntryPoint\",\"urlTemplate\":\"https:\/\/movenpicktallinn.ee\/?s={search_term_string}\"},\"query-input\":{\"@type\":\"PropertyValueSpecification\",\"valueRequired\":true,\"valueName\":\"search_term_string\"}}],\"inLanguage\":\"et\"}]}<\/script>\n<!-- \/ Yoast SEO plugin. -->","yoast_head_json":{"title":"Tallinna tipp-restoran | Vahemereh\u00f5nguline Roof | M\u00f6venpick","description":"Restoran Roof pakub oma valikus Vahemere-\u00e4\u00e4rsest k\u00f6\u00f6gist inspireeritud roogasid. Romantilise atmosf\u00e4\u00e4ri ja lummavate vaadetega populaarne restoran Tallinnas.","robots":{"index":"index","follow":"follow","max-snippet":"max-snippet:-1","max-image-preview":"max-image-preview:large","max-video-preview":"max-video-preview:-1"},"canonical":"https:\/\/movenpicktallinn.ee\/et\/restoranid-baarid\/restoran-roof\/","og_locale":"et_EE","og_type":"article","og_title":"Tallinna tipp-restoran | Vahemereh\u00f5nguline Roof | M\u00f6venpick","og_description":"Restoran Roof pakub oma valikus Vahemere-\u00e4\u00e4rsest k\u00f6\u00f6gist inspireeritud roogasid. Romantilise atmosf\u00e4\u00e4ri ja lummavate vaadetega populaarne restoran Tallinnas.","og_url":"https:\/\/movenpicktallinn.ee\/et\/restoranid-baarid\/restoran-roof\/","og_site_name":"M\u00f6venpick Hotel Tallinn","article_modified_time":"2026-04-23T08:32:07+00:00","og_image":[{"width":2560,"height":1707,"url":"https:\/\/movenpicktallinn.ee\/wp-content\/uploads\/sites\/117\/2025\/06\/Movenpick-Hotel-Tallinn-31-scaled.jpg","type":"image\/jpeg"}],"twitter_card":"summary_large_image","twitter_misc":{"Est. reading time":"1 minut"},"schema":{"@context":"https:\/\/schema.org","@graph":[{"@type":"WebPage","@id":"https:\/\/movenpicktallinn.ee\/et\/restoranid-baarid\/restoran-roof\/","url":"https:\/\/movenpicktallinn.ee\/et\/restoranid-baarid\/restoran-roof\/","name":"Tallinna tipp-restoran | Vahemereh\u00f5nguline Roof | M\u00f6venpick","isPartOf":{"@id":"https:\/\/movenpicktallinn.ee\/#website"},"datePublished":"2024-07-11T15:32:11+00:00","dateModified":"2026-04-23T08:32:07+00:00","description":"Restoran Roof pakub oma valikus Vahemere-\u00e4\u00e4rsest k\u00f6\u00f6gist inspireeritud roogasid. Romantilise atmosf\u00e4\u00e4ri ja lummavate vaadetega populaarne restoran Tallinnas.","breadcrumb":{"@id":"https:\/\/movenpicktallinn.ee\/et\/restoranid-baarid\/restoran-roof\/#breadcrumb"},"inLanguage":"et","potentialAction":[{"@type":"ReadAction","target":["https:\/\/movenpicktallinn.ee\/et\/restoranid-baarid\/restoran-roof\/"]}]},{"@type":"BreadcrumbList","@id":"https:\/\/movenpicktallinn.ee\/et\/restoranid-baarid\/restoran-roof\/#breadcrumb","itemListElement":[{"@type":"ListItem","position":1,"name":"Home","item":"https:\/\/movenpicktallinn.ee\/et\/"},{"@type":"ListItem","position":2,"name":"Restoranid &amp; Baarid","item":"https:\/\/movenpicktallinn.ee\/et\/restoranid-baarid\/"},{"@type":"ListItem","position":3,"name":"Restoran Roof"}]},{"@type":"WebSite","@id":"https:\/\/movenpicktallinn.ee\/#website","url":"https:\/\/movenpicktallinn.ee\/","name":"M\u00f6venpick Hotel Tallinn","description":"","potentialAction":[{"@type":"SearchAction","target":{"@type":"EntryPoint","urlTemplate":"https:\/\/movenpicktallinn.ee\/?s={search_term_string}"},"query-input":{"@type":"PropertyValueSpecification","valueRequired":true,"valueName":"search_term_string"}}],"inLanguage":"et"}]}},"_links":{"self":[{"href":"https:\/\/movenpicktallinn.ee\/et\/wp-json\/wp\/v2\/pages\/168","targetHints":{"allow":["GET"]}}],"collection":[{"href":"https:\/\/movenpicktallinn.ee\/et\/wp-json\/wp\/v2\/pages"}],"about":[{"href":"https:\/\/movenpicktallinn.ee\/et\/wp-json\/wp\/v2\/types\/page"}],"author":[{"embeddable":true,"href":"https:\/\/movenpicktallinn.ee\/et\/wp-json\/wp\/v2\/users\/5"}],"replies":[{"embeddable":true,"href":"https:\/\/movenpicktallinn.ee\/et\/wp-json\/wp\/v2\/comments?post=168"}],"version-history":[{"count":3,"href":"https:\/\/movenpicktallinn.ee\/et\/wp-json\/wp\/v2\/pages\/168\/revisions"}],"predecessor-version":[{"id":1168,"href":"https:\/\/movenpicktallinn.ee\/et\/wp-json\/wp\/v2\/pages\/168\/revisions\/1168"}],"up":[{"embeddable":true,"href":"https:\/\/movenpicktallinn.ee\/et\/wp-json\/wp\/v2\/pages\/856"}],"wp:attachment":[{"href":"https:\/\/movenpicktallinn.ee\/et\/wp-json\/wp\/v2\/media?parent=168"}],"wp:term":[{"taxonomy":"category","embeddable":true,"href":"https:\/\/movenpicktallinn.ee\/et\/wp-json\/wp\/v2\/categories?post=168"}],"curies":[{"name":"wp","href":"https:\/\/api.w.org\/{rel}","templated":true}]}}