{"id":179,"date":"2024-07-12T09:31:15","date_gmt":"2024-07-12T09:31:15","guid":{"rendered":"https:\/\/movenpick-hotel-tallinn.accorv2prod.decms.eu\/?page_id=179"},"modified":"2024-07-12T13:30:20","modified_gmt":"2024-07-12T13:30:20","slug":"meist","status":"publish","type":"page","link":"https:\/\/movenpicktallinn.ee\/et\/meist\/","title":{"rendered":"Meist"},"content":{"rendered":"<p>Ideaalne asukoht linna s\u00fcdames tagab h\u00f5lpsa ligip\u00e4\u00e4su ajaloolisele vanalinnale ja populaarsetele vaatamisv\u00e4\u00e4rsustele.<\/p>\n<p> Naudi meeldej\u00e4\u00e4vat peatumist \u00fches meie 125 hotellitoast ja sviidist, kus on nii mugavad voodid, et tunned end t\u00f5eliselt luksuslikult.<\/p>\n<p>Stiilne ja peen sisustus, panoraamvaated ja moodsad mugavusted aitavad l\u00f5\u00f5gastuda selle k\u00f5ige ehedamal kujul.<\/p>\n<p>P\u00f5gene naudingumaailma, kus igast hetkest v\u00f5ib saada unustamatu m\u00e4lestus.<\/p>\n","protected":false},"excerpt":{"rendered":"<p>Ideaalne asukoht linna s\u00fcdames tagab h\u00f5lpsa ligip\u00e4\u00e4su ajaloolisele vanalinnale ja populaarsetele vaatamisv\u00e4\u00e4rsustele. Naudi meeldej\u00e4\u00e4vat peatumist \u00fches meie 125 hotellitoast ja sviidist, kus on nii mugavad voodid, et tunned end t\u00f5eliselt luksuslikult. Stiilne ja peen sisustus, panoraamvaated ja moodsad mugavusted aitavad l\u00f5\u00f5gastuda selle k\u00f5ige ehedamal kujul. P\u00f5gene naudingumaailma, kus igast hetkest v\u00f5ib saada unustamatu m\u00e4lestus.<\/p>\n","protected":false},"author":5,"featured_media":0,"parent":0,"menu_order":1,"comment_status":"closed","ping_status":"closed","template":"","meta":{"footnotes":""},"categories":[],"class_list":["post-179","page","type-page","status-publish","hentry"],"acf":[],"yoast_head":"<!-- This site is optimized with the Yoast SEO plugin v26.9 - https:\/\/yoast.com\/product\/yoast-seo-wordpress\/ -->\n<title>Hotell Tallinnas | Luksuslik ja romantiline \u00f5hkkond | M\u00f6venpick<\/title>\n<meta name=\"description\" content=\"M\u00f6venpick on \u00fcks Tallinna parimatest hotellidest! Asume kesklinnas, vanalinna l\u00e4hedal; hotellis on spaa ja saunaga toad. Broneeri juba t\u00e4na!\" \/>\n<meta name=\"robots\" content=\"index, follow, max-snippet:-1, max-image-preview:large, max-video-preview:-1\" \/>\n<link rel=\"canonical\" href=\"https:\/\/movenpicktallinn.ee\/et\/meist\/\" \/>\n<meta property=\"og:locale\" content=\"et_EE\" \/>\n<meta property=\"og:type\" content=\"article\" \/>\n<meta property=\"og:title\" content=\"Hotell Tallinnas | Luksuslik ja romantiline \u00f5hkkond | M\u00f6venpick\" \/>\n<meta property=\"og:description\" content=\"M\u00f6venpick on \u00fcks Tallinna parimatest hotellidest! Asume kesklinnas, vanalinna l\u00e4hedal; hotellis on spaa ja saunaga toad. Broneeri juba t\u00e4na!\" \/>\n<meta property=\"og:url\" content=\"https:\/\/movenpicktallinn.ee\/et\/meist\/\" \/>\n<meta property=\"og:site_name\" content=\"M\u00f6venpick Hotel Tallinn\" \/>\n<meta property=\"article:modified_time\" content=\"2024-07-12T13:30:20+00:00\" \/>\n<meta property=\"og:image\" content=\"https:\/\/movenpicktallinn.ee\/wp-content\/uploads\/sites\/117\/2025\/06\/Movenpick-Hotel-Tallinn-31-scaled.jpg\" \/>\n\t<meta property=\"og:image:width\" content=\"2560\" \/>\n\t<meta property=\"og:image:height\" content=\"1707\" \/>\n\t<meta property=\"og:image:type\" content=\"image\/jpeg\" \/>\n<meta name=\"twitter:card\" content=\"summary_large_image\" \/>\n<meta name=\"twitter:label1\" content=\"Est. reading time\" \/>\n\t<meta name=\"twitter:data1\" content=\"1 minut\" \/>\n<script type=\"application\/ld+json\" class=\"yoast-schema-graph\">{\"@context\":\"https:\/\/schema.org\",\"@graph\":[{\"@type\":\"WebPage\",\"@id\":\"https:\/\/movenpicktallinn.ee\/et\/meist\/\",\"url\":\"https:\/\/movenpicktallinn.ee\/et\/meist\/\",\"name\":\"Hotell Tallinnas | Luksuslik ja romantiline \u00f5hkkond | M\u00f6venpick\",\"isPartOf\":{\"@id\":\"https:\/\/movenpicktallinn.ee\/#website\"},\"datePublished\":\"2024-07-12T09:31:15+00:00\",\"dateModified\":\"2024-07-12T13:30:20+00:00\",\"description\":\"M\u00f6venpick on \u00fcks Tallinna parimatest hotellidest! Asume kesklinnas, vanalinna l\u00e4hedal; hotellis on spaa ja saunaga toad. Broneeri juba t\u00e4na!\",\"breadcrumb\":{\"@id\":\"https:\/\/movenpicktallinn.ee\/et\/meist\/#breadcrumb\"},\"inLanguage\":\"et\",\"potentialAction\":[{\"@type\":\"ReadAction\",\"target\":[\"https:\/\/movenpicktallinn.ee\/et\/meist\/\"]}]},{\"@type\":\"BreadcrumbList\",\"@id\":\"https:\/\/movenpicktallinn.ee\/et\/meist\/#breadcrumb\",\"itemListElement\":[{\"@type\":\"ListItem\",\"position\":1,\"name\":\"Home\",\"item\":\"https:\/\/movenpicktallinn.ee\/et\/\"},{\"@type\":\"ListItem\",\"position\":2,\"name\":\"Meist\"}]},{\"@type\":\"WebSite\",\"@id\":\"https:\/\/movenpicktallinn.ee\/#website\",\"url\":\"https:\/\/movenpicktallinn.ee\/\",\"name\":\"M\u00f6venpick Hotel Tallinn\",\"description\":\"\",\"potentialAction\":[{\"@type\":\"SearchAction\",\"target\":{\"@type\":\"EntryPoint\",\"urlTemplate\":\"https:\/\/movenpicktallinn.ee\/?s={search_term_string}\"},\"query-input\":{\"@type\":\"PropertyValueSpecification\",\"valueRequired\":true,\"valueName\":\"search_term_string\"}}],\"inLanguage\":\"et\"}]}<\/script>\n<!-- \/ Yoast SEO plugin. -->","yoast_head_json":{"title":"Hotell Tallinnas | Luksuslik ja romantiline \u00f5hkkond | M\u00f6venpick","description":"M\u00f6venpick on \u00fcks Tallinna parimatest hotellidest! Asume kesklinnas, vanalinna l\u00e4hedal; hotellis on spaa ja saunaga toad. Broneeri juba t\u00e4na!","robots":{"index":"index","follow":"follow","max-snippet":"max-snippet:-1","max-image-preview":"max-image-preview:large","max-video-preview":"max-video-preview:-1"},"canonical":"https:\/\/movenpicktallinn.ee\/et\/meist\/","og_locale":"et_EE","og_type":"article","og_title":"Hotell Tallinnas | Luksuslik ja romantiline \u00f5hkkond | M\u00f6venpick","og_description":"M\u00f6venpick on \u00fcks Tallinna parimatest hotellidest! Asume kesklinnas, vanalinna l\u00e4hedal; hotellis on spaa ja saunaga toad. Broneeri juba t\u00e4na!","og_url":"https:\/\/movenpicktallinn.ee\/et\/meist\/","og_site_name":"M\u00f6venpick Hotel Tallinn","article_modified_time":"2024-07-12T13:30:20+00:00","og_image":[{"width":2560,"height":1707,"url":"https:\/\/movenpicktallinn.ee\/wp-content\/uploads\/sites\/117\/2025\/06\/Movenpick-Hotel-Tallinn-31-scaled.jpg","type":"image\/jpeg"}],"twitter_card":"summary_large_image","twitter_misc":{"Est. reading time":"1 minut"},"schema":{"@context":"https:\/\/schema.org","@graph":[{"@type":"WebPage","@id":"https:\/\/movenpicktallinn.ee\/et\/meist\/","url":"https:\/\/movenpicktallinn.ee\/et\/meist\/","name":"Hotell Tallinnas | Luksuslik ja romantiline \u00f5hkkond | M\u00f6venpick","isPartOf":{"@id":"https:\/\/movenpicktallinn.ee\/#website"},"datePublished":"2024-07-12T09:31:15+00:00","dateModified":"2024-07-12T13:30:20+00:00","description":"M\u00f6venpick on \u00fcks Tallinna parimatest hotellidest! Asume kesklinnas, vanalinna l\u00e4hedal; hotellis on spaa ja saunaga toad. Broneeri juba t\u00e4na!","breadcrumb":{"@id":"https:\/\/movenpicktallinn.ee\/et\/meist\/#breadcrumb"},"inLanguage":"et","potentialAction":[{"@type":"ReadAction","target":["https:\/\/movenpicktallinn.ee\/et\/meist\/"]}]},{"@type":"BreadcrumbList","@id":"https:\/\/movenpicktallinn.ee\/et\/meist\/#breadcrumb","itemListElement":[{"@type":"ListItem","position":1,"name":"Home","item":"https:\/\/movenpicktallinn.ee\/et\/"},{"@type":"ListItem","position":2,"name":"Meist"}]},{"@type":"WebSite","@id":"https:\/\/movenpicktallinn.ee\/#website","url":"https:\/\/movenpicktallinn.ee\/","name":"M\u00f6venpick Hotel Tallinn","description":"","potentialAction":[{"@type":"SearchAction","target":{"@type":"EntryPoint","urlTemplate":"https:\/\/movenpicktallinn.ee\/?s={search_term_string}"},"query-input":{"@type":"PropertyValueSpecification","valueRequired":true,"valueName":"search_term_string"}}],"inLanguage":"et"}]}},"_links":{"self":[{"href":"https:\/\/movenpicktallinn.ee\/et\/wp-json\/wp\/v2\/pages\/179","targetHints":{"allow":["GET"]}}],"collection":[{"href":"https:\/\/movenpicktallinn.ee\/et\/wp-json\/wp\/v2\/pages"}],"about":[{"href":"https:\/\/movenpicktallinn.ee\/et\/wp-json\/wp\/v2\/types\/page"}],"author":[{"embeddable":true,"href":"https:\/\/movenpicktallinn.ee\/et\/wp-json\/wp\/v2\/users\/5"}],"replies":[{"embeddable":true,"href":"https:\/\/movenpicktallinn.ee\/et\/wp-json\/wp\/v2\/comments?post=179"}],"version-history":[{"count":0,"href":"https:\/\/movenpicktallinn.ee\/et\/wp-json\/wp\/v2\/pages\/179\/revisions"}],"wp:attachment":[{"href":"https:\/\/movenpicktallinn.ee\/et\/wp-json\/wp\/v2\/media?parent=179"}],"wp:term":[{"taxonomy":"category","embeddable":true,"href":"https:\/\/movenpicktallinn.ee\/et\/wp-json\/wp\/v2\/categories?post=179"}],"curies":[{"name":"wp","href":"https:\/\/api.w.org\/{rel}","templated":true}]}}