{"id":190,"date":"2024-07-12T13:35:08","date_gmt":"2024-07-12T13:35:08","guid":{"rendered":"https:\/\/movenpick-hotel-tallinn.accorv2prod.decms.eu\/?page_id=190"},"modified":"2026-04-07T10:14:08","modified_gmt":"2026-04-07T10:14:08","slug":"spaa-ja-loogastusala","status":"publish","type":"page","link":"https:\/\/movenpicktallinn.ee\/et\/spaa-ja-loogastusala\/","title":{"rendered":"Spaa- ja l\u00f5\u00f5gastusala"},"content":{"rendered":"<p>Kiire elutempoga Tallinna keskel asub \u00fcks t\u00f5eline rahuoaas, kus saad end samal ajal hellitada erinevates saunades ning imetleda ka maalilist aeda. Tere tulemast M\u00f6venpick Hotel Tallinn spaasse, mis v\u00f5lub sind muuhulgas basseini ja erakordse veemassaa\u017ei alaga.<\/p>\n<p>Saa osa t\u00f5elisest orientalistlikust kogemusest ja k\u00fcmble teraapilises, 40\u00b0C Jaapani basseinis. Sellele pakub tasakaalu k\u00fclmaveebassein, kus ootab sind k\u00f5igest 10\u00b0C vesi. Valik on sinu. V\u00f5ta aega, rahusta oma meeli ning eemaldu m\u00f5neks hetkeks kiirest igap\u00e4eva tempost otse Tallinna kesklinnas.<\/p>\n<p>Iga n\u00e4dala esmasp\u00e4eva hommikul on spaa- ja l\u00f5\u00f5gastusala hooldusp\u00e4ev, spaa-ala ja saunad avatakse esmasp\u00e4eviti kell 14.00.<\/p>\n<p>Spaa-ala: E 14:00-21:00 \/ T-P 07:00-21:00<br \/>\nSaunad: E 14:00-21:00 \/ T-P 08:00-21:00<br \/>\nFitness tuba: 24\/7<\/p>\n<p>* Alla 16a lapsed on spaasse lubatud ainult ajavahemikus 10:00-19:00<\/p>\n<p>** \u00d6\u00f6bides M\u00f6venpick Hotel Tallinnas, on spaa- ja l\u00f5\u00f5gastusala k\u00fclastus hinna sees. Ainult spaa- ja l\u00f5\u00f5gastusala k\u00fclastus maksab 23 \u20ac.<\/p>\n","protected":false},"excerpt":{"rendered":"<p>Kiire elutempoga Tallinna keskel asub \u00fcks t\u00f5eline rahuoaas, kus saad end samal ajal hellitada erinevates saunades ning imetleda ka maalilist aeda. Tere tulemast M\u00f6venpick Hotel Tallinn spaasse, mis v\u00f5lub sind muuhulgas basseini ja erakordse veemassaa\u017ei alaga. Saa osa t\u00f5elisest orientalistlikust kogemusest ja k\u00fcmble teraapilises, 40\u00b0C Jaapani basseinis. Sellele pakub tasakaalu k\u00fclmaveebassein, kus ootab sind k\u00f5igest [&hellip;]<\/p>\n","protected":false},"author":5,"featured_media":0,"parent":0,"menu_order":0,"comment_status":"closed","ping_status":"closed","template":"","meta":{"footnotes":""},"categories":[],"class_list":["post-190","page","type-page","status-publish","hentry"],"acf":[],"yoast_head":"<!-- This site is optimized with the Yoast SEO plugin v26.9 - https:\/\/yoast.com\/product\/yoast-seo-wordpress\/ -->\n<title>Hotell Tallinnas | Spaa- ja l\u00f5\u00f5gastusala | M\u00f6venpick<\/title>\n<meta name=\"description\" content=\"K\u00fclasta hotell M\u00f6venpicki spaakeskust, kus on sise-ja v\u00e4libassein, Soome saun, aurusaun, Jaapani vann jpm. Tule ja koge imelisi hetki!\" \/>\n<meta name=\"robots\" content=\"index, follow, max-snippet:-1, max-image-preview:large, max-video-preview:-1\" \/>\n<link rel=\"canonical\" href=\"https:\/\/movenpicktallinn.ee\/et\/spaa-ja-loogastusala\/\" \/>\n<meta property=\"og:locale\" content=\"et_EE\" \/>\n<meta property=\"og:type\" content=\"article\" \/>\n<meta property=\"og:title\" content=\"Hotell Tallinnas | Spaa- ja l\u00f5\u00f5gastusala | M\u00f6venpick\" \/>\n<meta property=\"og:description\" content=\"K\u00fclasta hotell M\u00f6venpicki spaakeskust, kus on sise-ja v\u00e4libassein, Soome saun, aurusaun, Jaapani vann jpm. Tule ja koge imelisi hetki!\" \/>\n<meta property=\"og:url\" content=\"https:\/\/movenpicktallinn.ee\/et\/spaa-ja-loogastusala\/\" \/>\n<meta property=\"og:site_name\" content=\"M\u00f6venpick Hotel Tallinn\" \/>\n<meta property=\"article:modified_time\" content=\"2026-04-07T10:14:08+00:00\" \/>\n<meta property=\"og:image\" content=\"https:\/\/movenpicktallinn.ee\/wp-content\/uploads\/sites\/117\/2025\/06\/Movenpick-Hotel-Tallinn-31-scaled.jpg\" \/>\n\t<meta property=\"og:image:width\" content=\"2560\" \/>\n\t<meta property=\"og:image:height\" content=\"1707\" \/>\n\t<meta property=\"og:image:type\" content=\"image\/jpeg\" \/>\n<meta name=\"twitter:card\" content=\"summary_large_image\" \/>\n<meta name=\"twitter:label1\" content=\"Est. reading time\" \/>\n\t<meta name=\"twitter:data1\" content=\"1 minut\" \/>\n<script type=\"application\/ld+json\" class=\"yoast-schema-graph\">{\"@context\":\"https:\/\/schema.org\",\"@graph\":[{\"@type\":\"WebPage\",\"@id\":\"https:\/\/movenpicktallinn.ee\/et\/spaa-ja-loogastusala\/\",\"url\":\"https:\/\/movenpicktallinn.ee\/et\/spaa-ja-loogastusala\/\",\"name\":\"Hotell Tallinnas | Spaa- ja l\u00f5\u00f5gastusala | M\u00f6venpick\",\"isPartOf\":{\"@id\":\"https:\/\/movenpicktallinn.ee\/#website\"},\"datePublished\":\"2024-07-12T13:35:08+00:00\",\"dateModified\":\"2026-04-07T10:14:08+00:00\",\"description\":\"K\u00fclasta hotell M\u00f6venpicki spaakeskust, kus on sise-ja v\u00e4libassein, Soome saun, aurusaun, Jaapani vann jpm. Tule ja koge imelisi hetki!\",\"breadcrumb\":{\"@id\":\"https:\/\/movenpicktallinn.ee\/et\/spaa-ja-loogastusala\/#breadcrumb\"},\"inLanguage\":\"et\",\"potentialAction\":[{\"@type\":\"ReadAction\",\"target\":[\"https:\/\/movenpicktallinn.ee\/et\/spaa-ja-loogastusala\/\"]}]},{\"@type\":\"BreadcrumbList\",\"@id\":\"https:\/\/movenpicktallinn.ee\/et\/spaa-ja-loogastusala\/#breadcrumb\",\"itemListElement\":[{\"@type\":\"ListItem\",\"position\":1,\"name\":\"Home\",\"item\":\"https:\/\/movenpicktallinn.ee\/et\/\"},{\"@type\":\"ListItem\",\"position\":2,\"name\":\"Spaa- ja l\u00f5\u00f5gastusala\"}]},{\"@type\":\"WebSite\",\"@id\":\"https:\/\/movenpicktallinn.ee\/#website\",\"url\":\"https:\/\/movenpicktallinn.ee\/\",\"name\":\"M\u00f6venpick Hotel Tallinn\",\"description\":\"\",\"potentialAction\":[{\"@type\":\"SearchAction\",\"target\":{\"@type\":\"EntryPoint\",\"urlTemplate\":\"https:\/\/movenpicktallinn.ee\/?s={search_term_string}\"},\"query-input\":{\"@type\":\"PropertyValueSpecification\",\"valueRequired\":true,\"valueName\":\"search_term_string\"}}],\"inLanguage\":\"et\"}]}<\/script>\n<!-- \/ Yoast SEO plugin. -->","yoast_head_json":{"title":"Hotell Tallinnas | Spaa- ja l\u00f5\u00f5gastusala | M\u00f6venpick","description":"K\u00fclasta hotell M\u00f6venpicki spaakeskust, kus on sise-ja v\u00e4libassein, Soome saun, aurusaun, Jaapani vann jpm. Tule ja koge imelisi hetki!","robots":{"index":"index","follow":"follow","max-snippet":"max-snippet:-1","max-image-preview":"max-image-preview:large","max-video-preview":"max-video-preview:-1"},"canonical":"https:\/\/movenpicktallinn.ee\/et\/spaa-ja-loogastusala\/","og_locale":"et_EE","og_type":"article","og_title":"Hotell Tallinnas | Spaa- ja l\u00f5\u00f5gastusala | M\u00f6venpick","og_description":"K\u00fclasta hotell M\u00f6venpicki spaakeskust, kus on sise-ja v\u00e4libassein, Soome saun, aurusaun, Jaapani vann jpm. Tule ja koge imelisi hetki!","og_url":"https:\/\/movenpicktallinn.ee\/et\/spaa-ja-loogastusala\/","og_site_name":"M\u00f6venpick Hotel Tallinn","article_modified_time":"2026-04-07T10:14:08+00:00","og_image":[{"width":2560,"height":1707,"url":"https:\/\/movenpicktallinn.ee\/wp-content\/uploads\/sites\/117\/2025\/06\/Movenpick-Hotel-Tallinn-31-scaled.jpg","type":"image\/jpeg"}],"twitter_card":"summary_large_image","twitter_misc":{"Est. reading time":"1 minut"},"schema":{"@context":"https:\/\/schema.org","@graph":[{"@type":"WebPage","@id":"https:\/\/movenpicktallinn.ee\/et\/spaa-ja-loogastusala\/","url":"https:\/\/movenpicktallinn.ee\/et\/spaa-ja-loogastusala\/","name":"Hotell Tallinnas | Spaa- ja l\u00f5\u00f5gastusala | M\u00f6venpick","isPartOf":{"@id":"https:\/\/movenpicktallinn.ee\/#website"},"datePublished":"2024-07-12T13:35:08+00:00","dateModified":"2026-04-07T10:14:08+00:00","description":"K\u00fclasta hotell M\u00f6venpicki spaakeskust, kus on sise-ja v\u00e4libassein, Soome saun, aurusaun, Jaapani vann jpm. Tule ja koge imelisi hetki!","breadcrumb":{"@id":"https:\/\/movenpicktallinn.ee\/et\/spaa-ja-loogastusala\/#breadcrumb"},"inLanguage":"et","potentialAction":[{"@type":"ReadAction","target":["https:\/\/movenpicktallinn.ee\/et\/spaa-ja-loogastusala\/"]}]},{"@type":"BreadcrumbList","@id":"https:\/\/movenpicktallinn.ee\/et\/spaa-ja-loogastusala\/#breadcrumb","itemListElement":[{"@type":"ListItem","position":1,"name":"Home","item":"https:\/\/movenpicktallinn.ee\/et\/"},{"@type":"ListItem","position":2,"name":"Spaa- ja l\u00f5\u00f5gastusala"}]},{"@type":"WebSite","@id":"https:\/\/movenpicktallinn.ee\/#website","url":"https:\/\/movenpicktallinn.ee\/","name":"M\u00f6venpick Hotel Tallinn","description":"","potentialAction":[{"@type":"SearchAction","target":{"@type":"EntryPoint","urlTemplate":"https:\/\/movenpicktallinn.ee\/?s={search_term_string}"},"query-input":{"@type":"PropertyValueSpecification","valueRequired":true,"valueName":"search_term_string"}}],"inLanguage":"et"}]}},"_links":{"self":[{"href":"https:\/\/movenpicktallinn.ee\/et\/wp-json\/wp\/v2\/pages\/190","targetHints":{"allow":["GET"]}}],"collection":[{"href":"https:\/\/movenpicktallinn.ee\/et\/wp-json\/wp\/v2\/pages"}],"about":[{"href":"https:\/\/movenpicktallinn.ee\/et\/wp-json\/wp\/v2\/types\/page"}],"author":[{"embeddable":true,"href":"https:\/\/movenpicktallinn.ee\/et\/wp-json\/wp\/v2\/users\/5"}],"replies":[{"embeddable":true,"href":"https:\/\/movenpicktallinn.ee\/et\/wp-json\/wp\/v2\/comments?post=190"}],"version-history":[{"count":1,"href":"https:\/\/movenpicktallinn.ee\/et\/wp-json\/wp\/v2\/pages\/190\/revisions"}],"predecessor-version":[{"id":1123,"href":"https:\/\/movenpicktallinn.ee\/et\/wp-json\/wp\/v2\/pages\/190\/revisions\/1123"}],"wp:attachment":[{"href":"https:\/\/movenpicktallinn.ee\/et\/wp-json\/wp\/v2\/media?parent=190"}],"wp:term":[{"taxonomy":"category","embeddable":true,"href":"https:\/\/movenpicktallinn.ee\/et\/wp-json\/wp\/v2\/categories?post=190"}],"curies":[{"name":"wp","href":"https:\/\/api.w.org\/{rel}","templated":true}]}}