{"id":196,"date":"2024-07-12T15:08:49","date_gmt":"2024-07-12T15:08:49","guid":{"rendered":"https:\/\/movenpick-hotel-tallinn.accorv2prod.decms.eu\/?page_id=196"},"modified":"2025-07-18T08:28:43","modified_gmt":"2025-07-18T08:28:43","slug":"konverentsiruumid","status":"publish","type":"page","link":"https:\/\/movenpicktallinn.ee\/et\/konverentsiruumid\/","title":{"rendered":"Konverentsikeskus"},"content":{"rendered":"<p data-pm-slice=\"1 1 []\">\u0160veitsi standardil kogemus, Eesti hingega teostus<\/p>\n<p data-pm-slice=\"1 1 []\">M\u00f6venpick Hotel Tallinn \u00fchendab L\u00e4\u00e4ne-Euroopa tasemel teeninduse ja korralduse Eesti kvaliteettooraine, ruumikujunduse ja kohalike elamustega \u2013 sinu tiim tunneb end siin oodatuna, hoituna ja motiveerituna.<\/p>\n<p>Otse Tallinna kesklinnas asuv M\u00f6venpick konverentsikeskus on parim koht erinevate s\u00fcndmuste korraldamiseks. Kaugele linnaserva s\u00f5itmise asemel saad olulised konverentsid, kohtumised, seminarid v\u00f5i muud \u00e4ris\u00fcndmused luua siinses keskuses.<\/p>\n<p>Hotelli k\u00f5ige \u00fclemisel korrusel ootavad sind kolm kaasaegset, valgusk\u00fcllast ja kvaliteetse tehnikaga varustatud koosoleku- ja konverentsiruumi. Panoraamaknad avanevad rohelusse \u2013 Lembitu parki ja sise\u00f5uele \u2013, luues rahuliku ja inspireeriva keskkonna keskendumiseks ja loovuseks.<\/p>\n<p>Sama korruse avar katuseterrass lisab igale s\u00fcndmusele erilise m\u00f5\u00f5tme \u2013 sobides suurep\u00e4raselt \u00e4rikohtumisteks, vastuv\u00f5ttudeks, pidulikeks \u00f5htus\u00f6\u00f6kideks ja ka erakordseteks t\u00e4histamisteks, nagu pulmad.<\/p>\n<p data-start=\"810\" data-end=\"992\">Sinu s\u00fcndmuse sujuvaks korraldamiseks pakume ka maitsvat ja tasakaalustatud toitlustust: tervislikke suupisteid, v\u00e4rskendavaid kohvipause ning kohandatud l\u00f5una- ja \u00f5htus\u00f6\u00f6gimen\u00fc\u00fcsid.<\/p>\n<p data-start=\"994\" data-end=\"1082\">Tere tulemast M\u00f6venpicki \u2013 siia, kus \u00e4rikeskkond kohtub mugavusega ja iga hetk loeb.<\/p>\n","protected":false},"excerpt":{"rendered":"<p>\u0160veitsi standardil kogemus, Eesti hingega teostus M\u00f6venpick Hotel Tallinn \u00fchendab L\u00e4\u00e4ne-Euroopa tasemel teeninduse ja korralduse Eesti kvaliteettooraine, ruumikujunduse ja kohalike elamustega \u2013 sinu tiim tunneb end siin oodatuna, hoituna ja motiveerituna. Otse Tallinna kesklinnas asuv M\u00f6venpick konverentsikeskus on parim koht erinevate s\u00fcndmuste korraldamiseks. Kaugele linnaserva s\u00f5itmise asemel saad olulised konverentsid, kohtumised, seminarid v\u00f5i muud \u00e4ris\u00fcndmused [&hellip;]<\/p>\n","protected":false},"author":5,"featured_media":246,"parent":0,"menu_order":20,"comment_status":"closed","ping_status":"closed","template":"template-meetings.php","meta":{"footnotes":""},"categories":[],"class_list":["post-196","page","type-page","status-publish","has-post-thumbnail","hentry"],"acf":[],"yoast_head":"<!-- This site is optimized with the Yoast SEO plugin v26.9 - https:\/\/yoast.com\/product\/yoast-seo-wordpress\/ -->\n<title>Konverentsiruumide ja seminariruumide rent Tallinnas | M\u00f6venpick<\/title>\n<meta name=\"description\" content=\"Kui oled konverentsiruumi v\u00f5i seminariruumi otsinguil, siis korralda oma oma s\u00fcndmus M\u00f6venpicki konverentsikeskuses. Pakume ka toitlustust.\" \/>\n<meta name=\"robots\" content=\"index, follow, max-snippet:-1, max-image-preview:large, max-video-preview:-1\" \/>\n<link rel=\"canonical\" href=\"https:\/\/movenpicktallinn.ee\/et\/konverentsiruumid\/\" \/>\n<meta property=\"og:locale\" content=\"et_EE\" \/>\n<meta property=\"og:type\" content=\"article\" \/>\n<meta property=\"og:title\" content=\"Konverentsiruumide ja seminariruumide rent Tallinnas | M\u00f6venpick\" \/>\n<meta property=\"og:description\" content=\"Kui oled konverentsiruumi v\u00f5i seminariruumi otsinguil, siis korralda oma oma s\u00fcndmus M\u00f6venpicki konverentsikeskuses. Pakume ka toitlustust.\" \/>\n<meta property=\"og:url\" content=\"https:\/\/movenpicktallinn.ee\/et\/konverentsiruumid\/\" \/>\n<meta property=\"og:site_name\" content=\"M\u00f6venpick Hotel Tallinn\" \/>\n<meta property=\"article:modified_time\" content=\"2025-07-18T08:28:43+00:00\" \/>\n<meta property=\"og:image\" content=\"https:\/\/movenpicktallinn.ee\/wp-content\/uploads\/sites\/117\/2024\/07\/Movenpick-Hotel-Tallinn-Conference-4.jpg\" \/>\n\t<meta property=\"og:image:width\" content=\"2200\" \/>\n\t<meta property=\"og:image:height\" content=\"1200\" \/>\n\t<meta property=\"og:image:type\" content=\"image\/jpeg\" \/>\n<meta name=\"twitter:card\" content=\"summary_large_image\" \/>\n<meta name=\"twitter:label1\" content=\"Est. reading time\" \/>\n\t<meta name=\"twitter:data1\" content=\"1 minut\" \/>\n<script type=\"application\/ld+json\" class=\"yoast-schema-graph\">{\"@context\":\"https:\/\/schema.org\",\"@graph\":[{\"@type\":\"WebPage\",\"@id\":\"https:\/\/movenpicktallinn.ee\/et\/konverentsiruumid\/\",\"url\":\"https:\/\/movenpicktallinn.ee\/et\/konverentsiruumid\/\",\"name\":\"Konverentsiruumide ja seminariruumide rent Tallinnas | M\u00f6venpick\",\"isPartOf\":{\"@id\":\"https:\/\/movenpicktallinn.ee\/#website\"},\"primaryImageOfPage\":{\"@id\":\"https:\/\/movenpicktallinn.ee\/et\/konverentsiruumid\/#primaryimage\"},\"image\":{\"@id\":\"https:\/\/movenpicktallinn.ee\/et\/konverentsiruumid\/#primaryimage\"},\"thumbnailUrl\":\"https:\/\/movenpicktallinn.ee\/wp-content\/uploads\/sites\/117\/2024\/07\/Movenpick-Hotel-Tallinn-Conference-4.jpg\",\"datePublished\":\"2024-07-12T15:08:49+00:00\",\"dateModified\":\"2025-07-18T08:28:43+00:00\",\"description\":\"Kui oled konverentsiruumi v\u00f5i seminariruumi otsinguil, siis korralda oma oma s\u00fcndmus M\u00f6venpicki konverentsikeskuses. Pakume ka toitlustust.\",\"breadcrumb\":{\"@id\":\"https:\/\/movenpicktallinn.ee\/et\/konverentsiruumid\/#breadcrumb\"},\"inLanguage\":\"et\",\"potentialAction\":[{\"@type\":\"ReadAction\",\"target\":[\"https:\/\/movenpicktallinn.ee\/et\/konverentsiruumid\/\"]}]},{\"@type\":\"ImageObject\",\"inLanguage\":\"et\",\"@id\":\"https:\/\/movenpicktallinn.ee\/et\/konverentsiruumid\/#primaryimage\",\"url\":\"https:\/\/movenpicktallinn.ee\/wp-content\/uploads\/sites\/117\/2024\/07\/Movenpick-Hotel-Tallinn-Conference-4.jpg\",\"contentUrl\":\"https:\/\/movenpicktallinn.ee\/wp-content\/uploads\/sites\/117\/2024\/07\/Movenpick-Hotel-Tallinn-Conference-4.jpg\",\"width\":2200,\"height\":1200},{\"@type\":\"BreadcrumbList\",\"@id\":\"https:\/\/movenpicktallinn.ee\/et\/konverentsiruumid\/#breadcrumb\",\"itemListElement\":[{\"@type\":\"ListItem\",\"position\":1,\"name\":\"Home\",\"item\":\"https:\/\/movenpicktallinn.ee\/et\/\"},{\"@type\":\"ListItem\",\"position\":2,\"name\":\"Konverentsikeskus\"}]},{\"@type\":\"WebSite\",\"@id\":\"https:\/\/movenpicktallinn.ee\/#website\",\"url\":\"https:\/\/movenpicktallinn.ee\/\",\"name\":\"M\u00f6venpick Hotel Tallinn\",\"description\":\"\",\"potentialAction\":[{\"@type\":\"SearchAction\",\"target\":{\"@type\":\"EntryPoint\",\"urlTemplate\":\"https:\/\/movenpicktallinn.ee\/?s={search_term_string}\"},\"query-input\":{\"@type\":\"PropertyValueSpecification\",\"valueRequired\":true,\"valueName\":\"search_term_string\"}}],\"inLanguage\":\"et\"}]}<\/script>\n<!-- \/ Yoast SEO plugin. -->","yoast_head_json":{"title":"Konverentsiruumide ja seminariruumide rent Tallinnas | M\u00f6venpick","description":"Kui oled konverentsiruumi v\u00f5i seminariruumi otsinguil, siis korralda oma oma s\u00fcndmus M\u00f6venpicki konverentsikeskuses. Pakume ka toitlustust.","robots":{"index":"index","follow":"follow","max-snippet":"max-snippet:-1","max-image-preview":"max-image-preview:large","max-video-preview":"max-video-preview:-1"},"canonical":"https:\/\/movenpicktallinn.ee\/et\/konverentsiruumid\/","og_locale":"et_EE","og_type":"article","og_title":"Konverentsiruumide ja seminariruumide rent Tallinnas | M\u00f6venpick","og_description":"Kui oled konverentsiruumi v\u00f5i seminariruumi otsinguil, siis korralda oma oma s\u00fcndmus M\u00f6venpicki konverentsikeskuses. Pakume ka toitlustust.","og_url":"https:\/\/movenpicktallinn.ee\/et\/konverentsiruumid\/","og_site_name":"M\u00f6venpick Hotel Tallinn","article_modified_time":"2025-07-18T08:28:43+00:00","og_image":[{"width":2200,"height":1200,"url":"https:\/\/movenpicktallinn.ee\/wp-content\/uploads\/sites\/117\/2024\/07\/Movenpick-Hotel-Tallinn-Conference-4.jpg","type":"image\/jpeg"}],"twitter_card":"summary_large_image","twitter_misc":{"Est. reading time":"1 minut"},"schema":{"@context":"https:\/\/schema.org","@graph":[{"@type":"WebPage","@id":"https:\/\/movenpicktallinn.ee\/et\/konverentsiruumid\/","url":"https:\/\/movenpicktallinn.ee\/et\/konverentsiruumid\/","name":"Konverentsiruumide ja seminariruumide rent Tallinnas | M\u00f6venpick","isPartOf":{"@id":"https:\/\/movenpicktallinn.ee\/#website"},"primaryImageOfPage":{"@id":"https:\/\/movenpicktallinn.ee\/et\/konverentsiruumid\/#primaryimage"},"image":{"@id":"https:\/\/movenpicktallinn.ee\/et\/konverentsiruumid\/#primaryimage"},"thumbnailUrl":"https:\/\/movenpicktallinn.ee\/wp-content\/uploads\/sites\/117\/2024\/07\/Movenpick-Hotel-Tallinn-Conference-4.jpg","datePublished":"2024-07-12T15:08:49+00:00","dateModified":"2025-07-18T08:28:43+00:00","description":"Kui oled konverentsiruumi v\u00f5i seminariruumi otsinguil, siis korralda oma oma s\u00fcndmus M\u00f6venpicki konverentsikeskuses. Pakume ka toitlustust.","breadcrumb":{"@id":"https:\/\/movenpicktallinn.ee\/et\/konverentsiruumid\/#breadcrumb"},"inLanguage":"et","potentialAction":[{"@type":"ReadAction","target":["https:\/\/movenpicktallinn.ee\/et\/konverentsiruumid\/"]}]},{"@type":"ImageObject","inLanguage":"et","@id":"https:\/\/movenpicktallinn.ee\/et\/konverentsiruumid\/#primaryimage","url":"https:\/\/movenpicktallinn.ee\/wp-content\/uploads\/sites\/117\/2024\/07\/Movenpick-Hotel-Tallinn-Conference-4.jpg","contentUrl":"https:\/\/movenpicktallinn.ee\/wp-content\/uploads\/sites\/117\/2024\/07\/Movenpick-Hotel-Tallinn-Conference-4.jpg","width":2200,"height":1200},{"@type":"BreadcrumbList","@id":"https:\/\/movenpicktallinn.ee\/et\/konverentsiruumid\/#breadcrumb","itemListElement":[{"@type":"ListItem","position":1,"name":"Home","item":"https:\/\/movenpicktallinn.ee\/et\/"},{"@type":"ListItem","position":2,"name":"Konverentsikeskus"}]},{"@type":"WebSite","@id":"https:\/\/movenpicktallinn.ee\/#website","url":"https:\/\/movenpicktallinn.ee\/","name":"M\u00f6venpick Hotel Tallinn","description":"","potentialAction":[{"@type":"SearchAction","target":{"@type":"EntryPoint","urlTemplate":"https:\/\/movenpicktallinn.ee\/?s={search_term_string}"},"query-input":{"@type":"PropertyValueSpecification","valueRequired":true,"valueName":"search_term_string"}}],"inLanguage":"et"}]}},"_links":{"self":[{"href":"https:\/\/movenpicktallinn.ee\/et\/wp-json\/wp\/v2\/pages\/196","targetHints":{"allow":["GET"]}}],"collection":[{"href":"https:\/\/movenpicktallinn.ee\/et\/wp-json\/wp\/v2\/pages"}],"about":[{"href":"https:\/\/movenpicktallinn.ee\/et\/wp-json\/wp\/v2\/types\/page"}],"author":[{"embeddable":true,"href":"https:\/\/movenpicktallinn.ee\/et\/wp-json\/wp\/v2\/users\/5"}],"replies":[{"embeddable":true,"href":"https:\/\/movenpicktallinn.ee\/et\/wp-json\/wp\/v2\/comments?post=196"}],"version-history":[{"count":0,"href":"https:\/\/movenpicktallinn.ee\/et\/wp-json\/wp\/v2\/pages\/196\/revisions"}],"wp:featuredmedia":[{"embeddable":true,"href":"https:\/\/movenpicktallinn.ee\/et\/wp-json\/wp\/v2\/media\/246"}],"wp:attachment":[{"href":"https:\/\/movenpicktallinn.ee\/et\/wp-json\/wp\/v2\/media?parent=196"}],"wp:term":[{"taxonomy":"category","embeddable":true,"href":"https:\/\/movenpicktallinn.ee\/et\/wp-json\/wp\/v2\/categories?post=196"}],"curies":[{"name":"wp","href":"https:\/\/api.w.org\/{rel}","templated":true}]}}