{"id":213,"date":"2024-07-12T15:22:21","date_gmt":"2024-07-12T15:22:21","guid":{"rendered":"https:\/\/movenpick-hotel-tallinn.accorv2prod.decms.eu\/konverentsiruumide\/conference-room-leiger-1-leiger-2\/"},"modified":"2025-07-18T07:07:12","modified_gmt":"2025-07-18T07:07:12","slug":"konverentsiruum-leiger-1-leiger-2","status":"publish","type":"page","link":"https:\/\/movenpicktallinn.ee\/et\/konverentsiruumid\/konverentsiruum-leiger-1-leiger-2\/","title":{"rendered":"Konverentsiruum &#8211; Leiger 1 + Leiger 2"},"content":{"rendered":"<p data-start=\"181\" data-end=\"432\">Leiger on avar ja mitmek\u00fclgne \u00fcritusteruum, mis koosneb kahest omavahel \u00fchendatavast saalist \u2013 Leiger 1 ja Leiger 2. See paindlik lahendus v\u00f5imaldab v\u00f5\u00f5rustada kuni 200 k\u00fclalist, pakkudes ruumi nii suurejoonelisteks kui ka v\u00e4iksema mahuga s\u00fcndmusteks.<\/p>\n<p data-start=\"434\" data-end=\"660\">Olgu tegu konverentsi, seminari, pressi\u00fcrituse, piduliku banketi, firma\u00fcrituse v\u00f5i pulmaga \u2013 Leigeri saal kohandub just sinu vajaduste j\u00e4rgi. Meie professionaalne tiim aitab luua sujuva ja meeldej\u00e4\u00e4va kogemuse algusest l\u00f5puni.<\/p>\n","protected":false},"excerpt":{"rendered":"<p>Leiger on avar ja mitmek\u00fclgne \u00fcritusteruum, mis koosneb kahest omavahel \u00fchendatavast saalist \u2013 Leiger 1 ja Leiger 2. See paindlik lahendus v\u00f5imaldab v\u00f5\u00f5rustada kuni 200 k\u00fclalist, pakkudes ruumi nii suurejoonelisteks kui ka v\u00e4iksema mahuga s\u00fcndmusteks. Olgu tegu konverentsi, seminari, pressi\u00fcrituse, piduliku banketi, firma\u00fcrituse v\u00f5i pulmaga \u2013 Leigeri saal kohandub just sinu vajaduste j\u00e4rgi. Meie professionaalne [&hellip;]<\/p>\n","protected":false},"author":5,"featured_media":0,"parent":196,"menu_order":0,"comment_status":"closed","ping_status":"closed","template":"template-meeting-room.php","meta":{"footnotes":""},"categories":[],"class_list":["post-213","page","type-page","status-publish","hentry"],"acf":[],"yoast_head":"<!-- This site is optimized with the Yoast SEO plugin v26.9 - https:\/\/yoast.com\/product\/yoast-seo-wordpress\/ -->\n<title>Konverentsiruumide ja seminariruumide rent Tallinnas | M\u00f6venpick<\/title>\n<meta name=\"description\" content=\"Kui oled konverentsiruumi v\u00f5i seminariruumi otsinguil, siis korralda oma oma \u00fcritus M\u00f6venpicki konverentsikeskuses. Pakume ka toitlustust.\" \/>\n<meta name=\"robots\" content=\"index, follow, max-snippet:-1, max-image-preview:large, max-video-preview:-1\" \/>\n<link rel=\"canonical\" href=\"https:\/\/movenpicktallinn.ee\/et\/konverentsiruumid\/konverentsiruum-leiger-1-leiger-2\/\" \/>\n<meta property=\"og:locale\" content=\"et_EE\" \/>\n<meta property=\"og:type\" content=\"article\" \/>\n<meta property=\"og:title\" content=\"Konverentsiruumide ja seminariruumide rent Tallinnas | M\u00f6venpick\" \/>\n<meta property=\"og:description\" content=\"Kui oled konverentsiruumi v\u00f5i seminariruumi otsinguil, siis korralda oma oma \u00fcritus M\u00f6venpicki konverentsikeskuses. Pakume ka toitlustust.\" \/>\n<meta property=\"og:url\" content=\"https:\/\/movenpicktallinn.ee\/et\/konverentsiruumid\/konverentsiruum-leiger-1-leiger-2\/\" \/>\n<meta property=\"og:site_name\" content=\"M\u00f6venpick Hotel Tallinn\" \/>\n<meta property=\"article:modified_time\" content=\"2025-07-18T07:07:12+00:00\" \/>\n<meta property=\"og:image\" content=\"https:\/\/movenpicktallinn.ee\/wp-content\/uploads\/sites\/117\/2025\/06\/Movenpick-Hotel-Tallinn-31-scaled.jpg\" \/>\n\t<meta property=\"og:image:width\" content=\"2560\" \/>\n\t<meta property=\"og:image:height\" content=\"1707\" \/>\n\t<meta property=\"og:image:type\" content=\"image\/jpeg\" \/>\n<meta name=\"twitter:card\" content=\"summary_large_image\" \/>\n<meta name=\"twitter:label1\" content=\"Est. reading time\" \/>\n\t<meta name=\"twitter:data1\" content=\"1 minut\" \/>\n<script type=\"application\/ld+json\" class=\"yoast-schema-graph\">{\"@context\":\"https:\/\/schema.org\",\"@graph\":[{\"@type\":\"WebPage\",\"@id\":\"https:\/\/movenpicktallinn.ee\/et\/konverentsiruumid\/konverentsiruum-leiger-1-leiger-2\/\",\"url\":\"https:\/\/movenpicktallinn.ee\/et\/konverentsiruumid\/konverentsiruum-leiger-1-leiger-2\/\",\"name\":\"Konverentsiruumide ja seminariruumide rent Tallinnas | M\u00f6venpick\",\"isPartOf\":{\"@id\":\"https:\/\/movenpicktallinn.ee\/#website\"},\"datePublished\":\"2024-07-12T15:22:21+00:00\",\"dateModified\":\"2025-07-18T07:07:12+00:00\",\"description\":\"Kui oled konverentsiruumi v\u00f5i seminariruumi otsinguil, siis korralda oma oma \u00fcritus M\u00f6venpicki konverentsikeskuses. Pakume ka toitlustust.\",\"breadcrumb\":{\"@id\":\"https:\/\/movenpicktallinn.ee\/et\/konverentsiruumid\/konverentsiruum-leiger-1-leiger-2\/#breadcrumb\"},\"inLanguage\":\"et\",\"potentialAction\":[{\"@type\":\"ReadAction\",\"target\":[\"https:\/\/movenpicktallinn.ee\/et\/konverentsiruumid\/konverentsiruum-leiger-1-leiger-2\/\"]}]},{\"@type\":\"BreadcrumbList\",\"@id\":\"https:\/\/movenpicktallinn.ee\/et\/konverentsiruumid\/konverentsiruum-leiger-1-leiger-2\/#breadcrumb\",\"itemListElement\":[{\"@type\":\"ListItem\",\"position\":1,\"name\":\"Home\",\"item\":\"https:\/\/movenpicktallinn.ee\/et\/\"},{\"@type\":\"ListItem\",\"position\":2,\"name\":\"Konverentsikeskus\",\"item\":\"https:\/\/movenpicktallinn.ee\/et\/konverentsiruumid\/\"},{\"@type\":\"ListItem\",\"position\":3,\"name\":\"Konverentsiruum &#8211; Leiger 1 + Leiger 2\"}]},{\"@type\":\"WebSite\",\"@id\":\"https:\/\/movenpicktallinn.ee\/#website\",\"url\":\"https:\/\/movenpicktallinn.ee\/\",\"name\":\"M\u00f6venpick Hotel Tallinn\",\"description\":\"\",\"potentialAction\":[{\"@type\":\"SearchAction\",\"target\":{\"@type\":\"EntryPoint\",\"urlTemplate\":\"https:\/\/movenpicktallinn.ee\/?s={search_term_string}\"},\"query-input\":{\"@type\":\"PropertyValueSpecification\",\"valueRequired\":true,\"valueName\":\"search_term_string\"}}],\"inLanguage\":\"et\"}]}<\/script>\n<!-- \/ Yoast SEO plugin. -->","yoast_head_json":{"title":"Konverentsiruumide ja seminariruumide rent Tallinnas | M\u00f6venpick","description":"Kui oled konverentsiruumi v\u00f5i seminariruumi otsinguil, siis korralda oma oma \u00fcritus M\u00f6venpicki konverentsikeskuses. Pakume ka toitlustust.","robots":{"index":"index","follow":"follow","max-snippet":"max-snippet:-1","max-image-preview":"max-image-preview:large","max-video-preview":"max-video-preview:-1"},"canonical":"https:\/\/movenpicktallinn.ee\/et\/konverentsiruumid\/konverentsiruum-leiger-1-leiger-2\/","og_locale":"et_EE","og_type":"article","og_title":"Konverentsiruumide ja seminariruumide rent Tallinnas | M\u00f6venpick","og_description":"Kui oled konverentsiruumi v\u00f5i seminariruumi otsinguil, siis korralda oma oma \u00fcritus M\u00f6venpicki konverentsikeskuses. Pakume ka toitlustust.","og_url":"https:\/\/movenpicktallinn.ee\/et\/konverentsiruumid\/konverentsiruum-leiger-1-leiger-2\/","og_site_name":"M\u00f6venpick Hotel Tallinn","article_modified_time":"2025-07-18T07:07:12+00:00","og_image":[{"width":2560,"height":1707,"url":"https:\/\/movenpicktallinn.ee\/wp-content\/uploads\/sites\/117\/2025\/06\/Movenpick-Hotel-Tallinn-31-scaled.jpg","type":"image\/jpeg"}],"twitter_card":"summary_large_image","twitter_misc":{"Est. reading time":"1 minut"},"schema":{"@context":"https:\/\/schema.org","@graph":[{"@type":"WebPage","@id":"https:\/\/movenpicktallinn.ee\/et\/konverentsiruumid\/konverentsiruum-leiger-1-leiger-2\/","url":"https:\/\/movenpicktallinn.ee\/et\/konverentsiruumid\/konverentsiruum-leiger-1-leiger-2\/","name":"Konverentsiruumide ja seminariruumide rent Tallinnas | M\u00f6venpick","isPartOf":{"@id":"https:\/\/movenpicktallinn.ee\/#website"},"datePublished":"2024-07-12T15:22:21+00:00","dateModified":"2025-07-18T07:07:12+00:00","description":"Kui oled konverentsiruumi v\u00f5i seminariruumi otsinguil, siis korralda oma oma \u00fcritus M\u00f6venpicki konverentsikeskuses. Pakume ka toitlustust.","breadcrumb":{"@id":"https:\/\/movenpicktallinn.ee\/et\/konverentsiruumid\/konverentsiruum-leiger-1-leiger-2\/#breadcrumb"},"inLanguage":"et","potentialAction":[{"@type":"ReadAction","target":["https:\/\/movenpicktallinn.ee\/et\/konverentsiruumid\/konverentsiruum-leiger-1-leiger-2\/"]}]},{"@type":"BreadcrumbList","@id":"https:\/\/movenpicktallinn.ee\/et\/konverentsiruumid\/konverentsiruum-leiger-1-leiger-2\/#breadcrumb","itemListElement":[{"@type":"ListItem","position":1,"name":"Home","item":"https:\/\/movenpicktallinn.ee\/et\/"},{"@type":"ListItem","position":2,"name":"Konverentsikeskus","item":"https:\/\/movenpicktallinn.ee\/et\/konverentsiruumid\/"},{"@type":"ListItem","position":3,"name":"Konverentsiruum &#8211; Leiger 1 + Leiger 2"}]},{"@type":"WebSite","@id":"https:\/\/movenpicktallinn.ee\/#website","url":"https:\/\/movenpicktallinn.ee\/","name":"M\u00f6venpick Hotel Tallinn","description":"","potentialAction":[{"@type":"SearchAction","target":{"@type":"EntryPoint","urlTemplate":"https:\/\/movenpicktallinn.ee\/?s={search_term_string}"},"query-input":{"@type":"PropertyValueSpecification","valueRequired":true,"valueName":"search_term_string"}}],"inLanguage":"et"}]}},"_links":{"self":[{"href":"https:\/\/movenpicktallinn.ee\/et\/wp-json\/wp\/v2\/pages\/213","targetHints":{"allow":["GET"]}}],"collection":[{"href":"https:\/\/movenpicktallinn.ee\/et\/wp-json\/wp\/v2\/pages"}],"about":[{"href":"https:\/\/movenpicktallinn.ee\/et\/wp-json\/wp\/v2\/types\/page"}],"author":[{"embeddable":true,"href":"https:\/\/movenpicktallinn.ee\/et\/wp-json\/wp\/v2\/users\/5"}],"replies":[{"embeddable":true,"href":"https:\/\/movenpicktallinn.ee\/et\/wp-json\/wp\/v2\/comments?post=213"}],"version-history":[{"count":0,"href":"https:\/\/movenpicktallinn.ee\/et\/wp-json\/wp\/v2\/pages\/213\/revisions"}],"up":[{"embeddable":true,"href":"https:\/\/movenpicktallinn.ee\/et\/wp-json\/wp\/v2\/pages\/196"}],"wp:attachment":[{"href":"https:\/\/movenpicktallinn.ee\/et\/wp-json\/wp\/v2\/media?parent=213"}],"wp:term":[{"taxonomy":"category","embeddable":true,"href":"https:\/\/movenpicktallinn.ee\/et\/wp-json\/wp\/v2\/categories?post=213"}],"curies":[{"name":"wp","href":"https:\/\/api.w.org\/{rel}","templated":true}]}}