{"id":220,"date":"2024-07-16T08:22:16","date_gmt":"2024-07-16T08:22:16","guid":{"rendered":"https:\/\/movenpick-hotel-tallinn.accorv2prod.decms.eu\/konverentsiruumide\/conference-room-maniwalde\/"},"modified":"2025-07-18T06:59:15","modified_gmt":"2025-07-18T06:59:15","slug":"konverentsiruum-maniwalde","status":"publish","type":"page","link":"https:\/\/movenpicktallinn.ee\/et\/konverentsiruumid\/konverentsiruum-maniwalde\/","title":{"rendered":"Konverentsiruum Maniwalde"},"content":{"rendered":"<p data-start=\"148\" data-end=\"348\">Kui otsid inspireerivat keskkonda, kus s\u00fcnnivad parimad m\u00f5tted, on Maniwalde just see \u00f5ige koht. Avar ja valgusk\u00fcllane nurgapealne ruum, mis on saanud koolitajate lemmikuks \u2013 ja seda m\u00f5juval p\u00f5hjusel.<\/p>\n<p data-start=\"350\" data-end=\"591\">P\u00e4evavalgus t\u00e4idab ruumi loomuliku energiaga, aidates keskenduda, \u00f5ppida ja arendada loovust. Ning kui m\u00f5tted vajavad hoogu, astu otse ruumist katuseterrassile \u2013 v\u00e4rske \u00f5hk ja avarus loovad ideaalsed tingimused uueks inspiratsioonipuhanguks.<\/p>\n<p data-start=\"593\" data-end=\"738\">Maniwalde sobib suurep\u00e4raselt koolitusteks, seminarideks, strateegiakoosolekuteks ja tiimi\u00fcritusteks. Siin saavad alguse ideed, mis viivad edasi.<\/p>\n","protected":false},"excerpt":{"rendered":"<p>Kui otsid inspireerivat keskkonda, kus s\u00fcnnivad parimad m\u00f5tted, on Maniwalde just see \u00f5ige koht. Avar ja valgusk\u00fcllane nurgapealne ruum, mis on saanud koolitajate lemmikuks \u2013 ja seda m\u00f5juval p\u00f5hjusel. P\u00e4evavalgus t\u00e4idab ruumi loomuliku energiaga, aidates keskenduda, \u00f5ppida ja arendada loovust. Ning kui m\u00f5tted vajavad hoogu, astu otse ruumist katuseterrassile \u2013 v\u00e4rske \u00f5hk ja avarus loovad [&hellip;]<\/p>\n","protected":false},"author":5,"featured_media":0,"parent":196,"menu_order":2,"comment_status":"closed","ping_status":"closed","template":"template-meeting-room.php","meta":{"footnotes":""},"categories":[],"class_list":["post-220","page","type-page","status-publish","hentry"],"acf":[],"yoast_head":"<!-- This site is optimized with the Yoast SEO plugin v26.9 - https:\/\/yoast.com\/product\/yoast-seo-wordpress\/ -->\n<title>Konverentsiruumi rent Tallinnas | M\u00f6venpick<\/title>\n<meta name=\"description\" content=\"Avar konverentsiruum Tallinnas! Maniwalde sobib koosolekute, seminarid ja meeskonna\u00fcrituste korraldamiseks. Saadaval ka vajaminev tehnika!\" \/>\n<meta name=\"robots\" content=\"index, follow, max-snippet:-1, max-image-preview:large, max-video-preview:-1\" \/>\n<link rel=\"canonical\" href=\"https:\/\/movenpicktallinn.ee\/et\/konverentsiruumid\/konverentsiruum-maniwalde\/\" \/>\n<meta property=\"og:locale\" content=\"et_EE\" \/>\n<meta property=\"og:type\" content=\"article\" \/>\n<meta property=\"og:title\" content=\"Konverentsiruumi rent Tallinnas | M\u00f6venpick\" \/>\n<meta property=\"og:description\" content=\"Avar konverentsiruum Tallinnas! Maniwalde sobib koosolekute, seminarid ja meeskonna\u00fcrituste korraldamiseks. Saadaval ka vajaminev tehnika!\" \/>\n<meta property=\"og:url\" content=\"https:\/\/movenpicktallinn.ee\/et\/konverentsiruumid\/konverentsiruum-maniwalde\/\" \/>\n<meta property=\"og:site_name\" content=\"M\u00f6venpick Hotel Tallinn\" \/>\n<meta property=\"article:modified_time\" content=\"2025-07-18T06:59:15+00:00\" \/>\n<meta property=\"og:image\" content=\"https:\/\/movenpicktallinn.ee\/wp-content\/uploads\/sites\/117\/2025\/06\/Movenpick-Hotel-Tallinn-31-scaled.jpg\" \/>\n\t<meta property=\"og:image:width\" content=\"2560\" \/>\n\t<meta property=\"og:image:height\" content=\"1707\" \/>\n\t<meta property=\"og:image:type\" content=\"image\/jpeg\" \/>\n<meta name=\"twitter:card\" content=\"summary_large_image\" \/>\n<meta name=\"twitter:label1\" content=\"Est. reading time\" \/>\n\t<meta name=\"twitter:data1\" content=\"1 minut\" \/>\n<script type=\"application\/ld+json\" class=\"yoast-schema-graph\">{\"@context\":\"https:\/\/schema.org\",\"@graph\":[{\"@type\":\"WebPage\",\"@id\":\"https:\/\/movenpicktallinn.ee\/et\/konverentsiruumid\/konverentsiruum-maniwalde\/\",\"url\":\"https:\/\/movenpicktallinn.ee\/et\/konverentsiruumid\/konverentsiruum-maniwalde\/\",\"name\":\"Konverentsiruumi rent Tallinnas | M\u00f6venpick\",\"isPartOf\":{\"@id\":\"https:\/\/movenpicktallinn.ee\/#website\"},\"datePublished\":\"2024-07-16T08:22:16+00:00\",\"dateModified\":\"2025-07-18T06:59:15+00:00\",\"description\":\"Avar konverentsiruum Tallinnas! Maniwalde sobib koosolekute, seminarid ja meeskonna\u00fcrituste korraldamiseks. Saadaval ka vajaminev tehnika!\",\"breadcrumb\":{\"@id\":\"https:\/\/movenpicktallinn.ee\/et\/konverentsiruumid\/konverentsiruum-maniwalde\/#breadcrumb\"},\"inLanguage\":\"et\",\"potentialAction\":[{\"@type\":\"ReadAction\",\"target\":[\"https:\/\/movenpicktallinn.ee\/et\/konverentsiruumid\/konverentsiruum-maniwalde\/\"]}]},{\"@type\":\"BreadcrumbList\",\"@id\":\"https:\/\/movenpicktallinn.ee\/et\/konverentsiruumid\/konverentsiruum-maniwalde\/#breadcrumb\",\"itemListElement\":[{\"@type\":\"ListItem\",\"position\":1,\"name\":\"Home\",\"item\":\"https:\/\/movenpicktallinn.ee\/et\/\"},{\"@type\":\"ListItem\",\"position\":2,\"name\":\"Konverentsikeskus\",\"item\":\"https:\/\/movenpicktallinn.ee\/et\/konverentsiruumid\/\"},{\"@type\":\"ListItem\",\"position\":3,\"name\":\"Konverentsiruum Maniwalde\"}]},{\"@type\":\"WebSite\",\"@id\":\"https:\/\/movenpicktallinn.ee\/#website\",\"url\":\"https:\/\/movenpicktallinn.ee\/\",\"name\":\"M\u00f6venpick Hotel Tallinn\",\"description\":\"\",\"potentialAction\":[{\"@type\":\"SearchAction\",\"target\":{\"@type\":\"EntryPoint\",\"urlTemplate\":\"https:\/\/movenpicktallinn.ee\/?s={search_term_string}\"},\"query-input\":{\"@type\":\"PropertyValueSpecification\",\"valueRequired\":true,\"valueName\":\"search_term_string\"}}],\"inLanguage\":\"et\"}]}<\/script>\n<!-- \/ Yoast SEO plugin. -->","yoast_head_json":{"title":"Konverentsiruumi rent Tallinnas | M\u00f6venpick","description":"Avar konverentsiruum Tallinnas! Maniwalde sobib koosolekute, seminarid ja meeskonna\u00fcrituste korraldamiseks. Saadaval ka vajaminev tehnika!","robots":{"index":"index","follow":"follow","max-snippet":"max-snippet:-1","max-image-preview":"max-image-preview:large","max-video-preview":"max-video-preview:-1"},"canonical":"https:\/\/movenpicktallinn.ee\/et\/konverentsiruumid\/konverentsiruum-maniwalde\/","og_locale":"et_EE","og_type":"article","og_title":"Konverentsiruumi rent Tallinnas | M\u00f6venpick","og_description":"Avar konverentsiruum Tallinnas! Maniwalde sobib koosolekute, seminarid ja meeskonna\u00fcrituste korraldamiseks. Saadaval ka vajaminev tehnika!","og_url":"https:\/\/movenpicktallinn.ee\/et\/konverentsiruumid\/konverentsiruum-maniwalde\/","og_site_name":"M\u00f6venpick Hotel Tallinn","article_modified_time":"2025-07-18T06:59:15+00:00","og_image":[{"width":2560,"height":1707,"url":"https:\/\/movenpicktallinn.ee\/wp-content\/uploads\/sites\/117\/2025\/06\/Movenpick-Hotel-Tallinn-31-scaled.jpg","type":"image\/jpeg"}],"twitter_card":"summary_large_image","twitter_misc":{"Est. reading time":"1 minut"},"schema":{"@context":"https:\/\/schema.org","@graph":[{"@type":"WebPage","@id":"https:\/\/movenpicktallinn.ee\/et\/konverentsiruumid\/konverentsiruum-maniwalde\/","url":"https:\/\/movenpicktallinn.ee\/et\/konverentsiruumid\/konverentsiruum-maniwalde\/","name":"Konverentsiruumi rent Tallinnas | M\u00f6venpick","isPartOf":{"@id":"https:\/\/movenpicktallinn.ee\/#website"},"datePublished":"2024-07-16T08:22:16+00:00","dateModified":"2025-07-18T06:59:15+00:00","description":"Avar konverentsiruum Tallinnas! Maniwalde sobib koosolekute, seminarid ja meeskonna\u00fcrituste korraldamiseks. Saadaval ka vajaminev tehnika!","breadcrumb":{"@id":"https:\/\/movenpicktallinn.ee\/et\/konverentsiruumid\/konverentsiruum-maniwalde\/#breadcrumb"},"inLanguage":"et","potentialAction":[{"@type":"ReadAction","target":["https:\/\/movenpicktallinn.ee\/et\/konverentsiruumid\/konverentsiruum-maniwalde\/"]}]},{"@type":"BreadcrumbList","@id":"https:\/\/movenpicktallinn.ee\/et\/konverentsiruumid\/konverentsiruum-maniwalde\/#breadcrumb","itemListElement":[{"@type":"ListItem","position":1,"name":"Home","item":"https:\/\/movenpicktallinn.ee\/et\/"},{"@type":"ListItem","position":2,"name":"Konverentsikeskus","item":"https:\/\/movenpicktallinn.ee\/et\/konverentsiruumid\/"},{"@type":"ListItem","position":3,"name":"Konverentsiruum Maniwalde"}]},{"@type":"WebSite","@id":"https:\/\/movenpicktallinn.ee\/#website","url":"https:\/\/movenpicktallinn.ee\/","name":"M\u00f6venpick Hotel Tallinn","description":"","potentialAction":[{"@type":"SearchAction","target":{"@type":"EntryPoint","urlTemplate":"https:\/\/movenpicktallinn.ee\/?s={search_term_string}"},"query-input":{"@type":"PropertyValueSpecification","valueRequired":true,"valueName":"search_term_string"}}],"inLanguage":"et"}]}},"_links":{"self":[{"href":"https:\/\/movenpicktallinn.ee\/et\/wp-json\/wp\/v2\/pages\/220","targetHints":{"allow":["GET"]}}],"collection":[{"href":"https:\/\/movenpicktallinn.ee\/et\/wp-json\/wp\/v2\/pages"}],"about":[{"href":"https:\/\/movenpicktallinn.ee\/et\/wp-json\/wp\/v2\/types\/page"}],"author":[{"embeddable":true,"href":"https:\/\/movenpicktallinn.ee\/et\/wp-json\/wp\/v2\/users\/5"}],"replies":[{"embeddable":true,"href":"https:\/\/movenpicktallinn.ee\/et\/wp-json\/wp\/v2\/comments?post=220"}],"version-history":[{"count":0,"href":"https:\/\/movenpicktallinn.ee\/et\/wp-json\/wp\/v2\/pages\/220\/revisions"}],"up":[{"embeddable":true,"href":"https:\/\/movenpicktallinn.ee\/et\/wp-json\/wp\/v2\/pages\/196"}],"wp:attachment":[{"href":"https:\/\/movenpicktallinn.ee\/et\/wp-json\/wp\/v2\/media?parent=220"}],"wp:term":[{"taxonomy":"category","embeddable":true,"href":"https:\/\/movenpicktallinn.ee\/et\/wp-json\/wp\/v2\/categories?post=220"}],"curies":[{"name":"wp","href":"https:\/\/api.w.org\/{rel}","templated":true}]}}