{"id":233,"date":"2024-07-16T08:43:52","date_gmt":"2024-07-16T08:43:52","guid":{"rendered":"https:\/\/movenpick-hotel-tallinn.accorv2prod.decms.eu\/konverentsiruumide\/seminar-room-wottele\/"},"modified":"2025-07-18T07:26:09","modified_gmt":"2025-07-18T07:26:09","slug":"seminariruum-wottele","status":"publish","type":"page","link":"https:\/\/movenpicktallinn.ee\/et\/konverentsiruumid\/seminariruum-wottele\/","title":{"rendered":"Seminariruum Wottele"},"content":{"rendered":"<p data-start=\"192\" data-end=\"448\">Kui vajad keskendumist, selgust ja t\u00f5husat koost\u00f6\u00f6d, vali Wottele \u2013 meie k\u00f5ige kompaktsem, kuid \u00fcllatavalt v\u00f5imekas kohtumisruum. Hubane ja nutikalt sisustatud keskkond sobib suurep\u00e4raselt strateegiakoosolekuteks, ajur\u00fcnnakuteks, aruteludeks ja tiimit\u00f6\u00f6ks.<\/p>\n<p data-start=\"450\" data-end=\"635\">Ruumis ootab sind 85-tolline puutetundlik ekraan, mis toetab esitlust\u00f6\u00f6d, interaktiivset arutelu ja visuaalset m\u00f5tlemist \u2013 ideaalne t\u00f6\u00f6riist nii planeerimiseks kui ideede elluviimiseks.<\/p>\n<p data-start=\"637\" data-end=\"804\">Wottele loob ideaalsed tingimused sisukateks vestlusteks ja s\u00fcvitsi minevateks aruteludeks \u2013 k\u00f5ik vajalik on k\u00e4eulatuses ning atmosf\u00e4\u00e4r toetab keskendumist ja loovust.<\/p>\n","protected":false},"excerpt":{"rendered":"<p>Kui vajad keskendumist, selgust ja t\u00f5husat koost\u00f6\u00f6d, vali Wottele \u2013 meie k\u00f5ige kompaktsem, kuid \u00fcllatavalt v\u00f5imekas kohtumisruum. Hubane ja nutikalt sisustatud keskkond sobib suurep\u00e4raselt strateegiakoosolekuteks, ajur\u00fcnnakuteks, aruteludeks ja tiimit\u00f6\u00f6ks. Ruumis ootab sind 85-tolline puutetundlik ekraan, mis toetab esitlust\u00f6\u00f6d, interaktiivset arutelu ja visuaalset m\u00f5tlemist \u2013 ideaalne t\u00f6\u00f6riist nii planeerimiseks kui ideede elluviimiseks. Wottele loob ideaalsed tingimused [&hellip;]<\/p>\n","protected":false},"author":5,"featured_media":0,"parent":196,"menu_order":4,"comment_status":"closed","ping_status":"closed","template":"template-meeting-room.php","meta":{"footnotes":""},"categories":[],"class_list":["post-233","page","type-page","status-publish","hentry"],"acf":[],"yoast_head":"<!-- This site is optimized with the Yoast SEO plugin v26.9 - https:\/\/yoast.com\/product\/yoast-seo-wordpress\/ -->\n<title>V\u00e4iksem seminariruum v\u00f5i koosolekuruum | M\u00f6venpick<\/title>\n<meta name=\"description\" content=\"Hubane koosolekuruum Tallinnas! Wottele on \u00f5dus seminariruum M\u00f6venpickis, mis sobib koosolekute, pressikonverentside ja koolituste l\u00e4biviimiseks.\" \/>\n<meta name=\"robots\" content=\"index, follow, max-snippet:-1, max-image-preview:large, max-video-preview:-1\" \/>\n<link rel=\"canonical\" href=\"https:\/\/movenpicktallinn.ee\/et\/konverentsiruumid\/seminariruum-wottele\/\" \/>\n<meta property=\"og:locale\" content=\"et_EE\" \/>\n<meta property=\"og:type\" content=\"article\" \/>\n<meta property=\"og:title\" content=\"V\u00e4iksem seminariruum v\u00f5i koosolekuruum | M\u00f6venpick\" \/>\n<meta property=\"og:description\" content=\"Hubane koosolekuruum Tallinnas! Wottele on \u00f5dus seminariruum M\u00f6venpickis, mis sobib koosolekute, pressikonverentside ja koolituste l\u00e4biviimiseks.\" \/>\n<meta property=\"og:url\" content=\"https:\/\/movenpicktallinn.ee\/et\/konverentsiruumid\/seminariruum-wottele\/\" \/>\n<meta property=\"og:site_name\" content=\"M\u00f6venpick Hotel Tallinn\" \/>\n<meta property=\"article:modified_time\" content=\"2025-07-18T07:26:09+00:00\" \/>\n<meta property=\"og:image\" content=\"https:\/\/movenpicktallinn.ee\/wp-content\/uploads\/sites\/117\/2025\/06\/Movenpick-Hotel-Tallinn-31-scaled.jpg\" \/>\n\t<meta property=\"og:image:width\" content=\"2560\" \/>\n\t<meta property=\"og:image:height\" content=\"1707\" \/>\n\t<meta property=\"og:image:type\" content=\"image\/jpeg\" \/>\n<meta name=\"twitter:card\" content=\"summary_large_image\" \/>\n<meta name=\"twitter:label1\" content=\"Est. reading time\" \/>\n\t<meta name=\"twitter:data1\" content=\"1 minut\" \/>\n<script type=\"application\/ld+json\" class=\"yoast-schema-graph\">{\"@context\":\"https:\/\/schema.org\",\"@graph\":[{\"@type\":\"WebPage\",\"@id\":\"https:\/\/movenpicktallinn.ee\/et\/konverentsiruumid\/seminariruum-wottele\/\",\"url\":\"https:\/\/movenpicktallinn.ee\/et\/konverentsiruumid\/seminariruum-wottele\/\",\"name\":\"V\u00e4iksem seminariruum v\u00f5i koosolekuruum | M\u00f6venpick\",\"isPartOf\":{\"@id\":\"https:\/\/movenpicktallinn.ee\/#website\"},\"datePublished\":\"2024-07-16T08:43:52+00:00\",\"dateModified\":\"2025-07-18T07:26:09+00:00\",\"description\":\"Hubane koosolekuruum Tallinnas! Wottele on \u00f5dus seminariruum M\u00f6venpickis, mis sobib koosolekute, pressikonverentside ja koolituste l\u00e4biviimiseks.\",\"breadcrumb\":{\"@id\":\"https:\/\/movenpicktallinn.ee\/et\/konverentsiruumid\/seminariruum-wottele\/#breadcrumb\"},\"inLanguage\":\"et\",\"potentialAction\":[{\"@type\":\"ReadAction\",\"target\":[\"https:\/\/movenpicktallinn.ee\/et\/konverentsiruumid\/seminariruum-wottele\/\"]}]},{\"@type\":\"BreadcrumbList\",\"@id\":\"https:\/\/movenpicktallinn.ee\/et\/konverentsiruumid\/seminariruum-wottele\/#breadcrumb\",\"itemListElement\":[{\"@type\":\"ListItem\",\"position\":1,\"name\":\"Home\",\"item\":\"https:\/\/movenpicktallinn.ee\/et\/\"},{\"@type\":\"ListItem\",\"position\":2,\"name\":\"Konverentsikeskus\",\"item\":\"https:\/\/movenpicktallinn.ee\/et\/konverentsiruumid\/\"},{\"@type\":\"ListItem\",\"position\":3,\"name\":\"Seminariruum Wottele\"}]},{\"@type\":\"WebSite\",\"@id\":\"https:\/\/movenpicktallinn.ee\/#website\",\"url\":\"https:\/\/movenpicktallinn.ee\/\",\"name\":\"M\u00f6venpick Hotel Tallinn\",\"description\":\"\",\"potentialAction\":[{\"@type\":\"SearchAction\",\"target\":{\"@type\":\"EntryPoint\",\"urlTemplate\":\"https:\/\/movenpicktallinn.ee\/?s={search_term_string}\"},\"query-input\":{\"@type\":\"PropertyValueSpecification\",\"valueRequired\":true,\"valueName\":\"search_term_string\"}}],\"inLanguage\":\"et\"}]}<\/script>\n<!-- \/ Yoast SEO plugin. -->","yoast_head_json":{"title":"V\u00e4iksem seminariruum v\u00f5i koosolekuruum | M\u00f6venpick","description":"Hubane koosolekuruum Tallinnas! Wottele on \u00f5dus seminariruum M\u00f6venpickis, mis sobib koosolekute, pressikonverentside ja koolituste l\u00e4biviimiseks.","robots":{"index":"index","follow":"follow","max-snippet":"max-snippet:-1","max-image-preview":"max-image-preview:large","max-video-preview":"max-video-preview:-1"},"canonical":"https:\/\/movenpicktallinn.ee\/et\/konverentsiruumid\/seminariruum-wottele\/","og_locale":"et_EE","og_type":"article","og_title":"V\u00e4iksem seminariruum v\u00f5i koosolekuruum | M\u00f6venpick","og_description":"Hubane koosolekuruum Tallinnas! Wottele on \u00f5dus seminariruum M\u00f6venpickis, mis sobib koosolekute, pressikonverentside ja koolituste l\u00e4biviimiseks.","og_url":"https:\/\/movenpicktallinn.ee\/et\/konverentsiruumid\/seminariruum-wottele\/","og_site_name":"M\u00f6venpick Hotel Tallinn","article_modified_time":"2025-07-18T07:26:09+00:00","og_image":[{"width":2560,"height":1707,"url":"https:\/\/movenpicktallinn.ee\/wp-content\/uploads\/sites\/117\/2025\/06\/Movenpick-Hotel-Tallinn-31-scaled.jpg","type":"image\/jpeg"}],"twitter_card":"summary_large_image","twitter_misc":{"Est. reading time":"1 minut"},"schema":{"@context":"https:\/\/schema.org","@graph":[{"@type":"WebPage","@id":"https:\/\/movenpicktallinn.ee\/et\/konverentsiruumid\/seminariruum-wottele\/","url":"https:\/\/movenpicktallinn.ee\/et\/konverentsiruumid\/seminariruum-wottele\/","name":"V\u00e4iksem seminariruum v\u00f5i koosolekuruum | M\u00f6venpick","isPartOf":{"@id":"https:\/\/movenpicktallinn.ee\/#website"},"datePublished":"2024-07-16T08:43:52+00:00","dateModified":"2025-07-18T07:26:09+00:00","description":"Hubane koosolekuruum Tallinnas! Wottele on \u00f5dus seminariruum M\u00f6venpickis, mis sobib koosolekute, pressikonverentside ja koolituste l\u00e4biviimiseks.","breadcrumb":{"@id":"https:\/\/movenpicktallinn.ee\/et\/konverentsiruumid\/seminariruum-wottele\/#breadcrumb"},"inLanguage":"et","potentialAction":[{"@type":"ReadAction","target":["https:\/\/movenpicktallinn.ee\/et\/konverentsiruumid\/seminariruum-wottele\/"]}]},{"@type":"BreadcrumbList","@id":"https:\/\/movenpicktallinn.ee\/et\/konverentsiruumid\/seminariruum-wottele\/#breadcrumb","itemListElement":[{"@type":"ListItem","position":1,"name":"Home","item":"https:\/\/movenpicktallinn.ee\/et\/"},{"@type":"ListItem","position":2,"name":"Konverentsikeskus","item":"https:\/\/movenpicktallinn.ee\/et\/konverentsiruumid\/"},{"@type":"ListItem","position":3,"name":"Seminariruum Wottele"}]},{"@type":"WebSite","@id":"https:\/\/movenpicktallinn.ee\/#website","url":"https:\/\/movenpicktallinn.ee\/","name":"M\u00f6venpick Hotel Tallinn","description":"","potentialAction":[{"@type":"SearchAction","target":{"@type":"EntryPoint","urlTemplate":"https:\/\/movenpicktallinn.ee\/?s={search_term_string}"},"query-input":{"@type":"PropertyValueSpecification","valueRequired":true,"valueName":"search_term_string"}}],"inLanguage":"et"}]}},"_links":{"self":[{"href":"https:\/\/movenpicktallinn.ee\/et\/wp-json\/wp\/v2\/pages\/233","targetHints":{"allow":["GET"]}}],"collection":[{"href":"https:\/\/movenpicktallinn.ee\/et\/wp-json\/wp\/v2\/pages"}],"about":[{"href":"https:\/\/movenpicktallinn.ee\/et\/wp-json\/wp\/v2\/types\/page"}],"author":[{"embeddable":true,"href":"https:\/\/movenpicktallinn.ee\/et\/wp-json\/wp\/v2\/users\/5"}],"replies":[{"embeddable":true,"href":"https:\/\/movenpicktallinn.ee\/et\/wp-json\/wp\/v2\/comments?post=233"}],"version-history":[{"count":0,"href":"https:\/\/movenpicktallinn.ee\/et\/wp-json\/wp\/v2\/pages\/233\/revisions"}],"up":[{"embeddable":true,"href":"https:\/\/movenpicktallinn.ee\/et\/wp-json\/wp\/v2\/pages\/196"}],"wp:attachment":[{"href":"https:\/\/movenpicktallinn.ee\/et\/wp-json\/wp\/v2\/media?parent=233"}],"wp:term":[{"taxonomy":"category","embeddable":true,"href":"https:\/\/movenpicktallinn.ee\/et\/wp-json\/wp\/v2\/categories?post=233"}],"curies":[{"name":"wp","href":"https:\/\/api.w.org\/{rel}","templated":true}]}}