{"id":250,"date":"2024-07-16T09:36:07","date_gmt":"2024-07-16T09:36:07","guid":{"rendered":"https:\/\/movenpick-hotel-tallinn.accorv2prod.decms.eu\/?page_id=250"},"modified":"2025-06-25T11:07:05","modified_gmt":"2025-06-25T11:07:05","slug":"kontakt","status":"publish","type":"page","link":"https:\/\/movenpicktallinn.ee\/et\/kontakt\/","title":{"rendered":"Kontakt"},"content":{"rendered":"<p>Tahad puhata \u00fclipehmetel patjadel, plaanid aja maha v\u00f5tta \u00f5dusas spaas v\u00f5i m\u00f5tled hoopis konverentsi korraldamisele? Mida iganes kaalud, meie hotell ja selle ruumid on sinu k\u00e4sutuses. Erakordne mugavus ning professionaalne teenindus ootab sind. J\u00e4ta oma kontaktid ning v\u00f5tame sinuga \u00fchendust!<\/p>\n","protected":false},"excerpt":{"rendered":"<p>Tahad puhata \u00fclipehmetel patjadel, plaanid aja maha v\u00f5tta \u00f5dusas spaas v\u00f5i m\u00f5tled hoopis konverentsi korraldamisele? Mida iganes kaalud, meie hotell ja selle ruumid on sinu k\u00e4sutuses. Erakordne mugavus ning professionaalne teenindus ootab sind. J\u00e4ta oma kontaktid ning v\u00f5tame sinuga \u00fchendust!<\/p>\n","protected":false},"author":5,"featured_media":0,"parent":0,"menu_order":35,"comment_status":"closed","ping_status":"closed","template":"template-contact.php","meta":{"footnotes":""},"categories":[],"class_list":["post-250","page","type-page","status-publish","hentry"],"acf":[],"yoast_head":"<!-- This site is optimized with the Yoast SEO plugin v26.9 - https:\/\/yoast.com\/product\/yoast-seo-wordpress\/ -->\n<title>V\u00f5ta meiega \u00fchendust! | M\u00f6venpick<\/title>\n<meta name=\"description\" content=\"Kui Sul tekkis k\u00fcsimusi tubade, nende saadavuse v\u00f5i meie lisateenuste kohta, siis v\u00f5ta julgelt meiega \u00fchendust.\" \/>\n<meta name=\"robots\" content=\"index, follow, max-snippet:-1, max-image-preview:large, max-video-preview:-1\" \/>\n<link rel=\"canonical\" href=\"https:\/\/movenpicktallinn.ee\/et\/kontakt\/\" \/>\n<meta property=\"og:locale\" content=\"et_EE\" \/>\n<meta property=\"og:type\" content=\"article\" \/>\n<meta property=\"og:title\" content=\"V\u00f5ta meiega \u00fchendust! | M\u00f6venpick\" \/>\n<meta property=\"og:description\" content=\"Kui Sul tekkis k\u00fcsimusi tubade, nende saadavuse v\u00f5i meie lisateenuste kohta, siis v\u00f5ta julgelt meiega \u00fchendust.\" \/>\n<meta property=\"og:url\" content=\"https:\/\/movenpicktallinn.ee\/et\/kontakt\/\" \/>\n<meta property=\"og:site_name\" content=\"M\u00f6venpick Hotel Tallinn\" \/>\n<meta property=\"article:modified_time\" content=\"2025-06-25T11:07:05+00:00\" \/>\n<meta property=\"og:image\" content=\"https:\/\/movenpicktallinn.ee\/wp-content\/uploads\/sites\/117\/2025\/06\/Movenpick-Hotel-Tallinn-31-scaled.jpg\" \/>\n\t<meta property=\"og:image:width\" content=\"2560\" \/>\n\t<meta property=\"og:image:height\" content=\"1707\" \/>\n\t<meta property=\"og:image:type\" content=\"image\/jpeg\" \/>\n<meta name=\"twitter:card\" content=\"summary_large_image\" \/>\n<meta name=\"twitter:label1\" content=\"Est. reading time\" \/>\n\t<meta name=\"twitter:data1\" content=\"1 minut\" \/>\n<script type=\"application\/ld+json\" class=\"yoast-schema-graph\">{\"@context\":\"https:\/\/schema.org\",\"@graph\":[{\"@type\":\"WebPage\",\"@id\":\"https:\/\/movenpicktallinn.ee\/et\/kontakt\/\",\"url\":\"https:\/\/movenpicktallinn.ee\/et\/kontakt\/\",\"name\":\"V\u00f5ta meiega \u00fchendust! | M\u00f6venpick\",\"isPartOf\":{\"@id\":\"https:\/\/movenpicktallinn.ee\/#website\"},\"datePublished\":\"2024-07-16T09:36:07+00:00\",\"dateModified\":\"2025-06-25T11:07:05+00:00\",\"description\":\"Kui Sul tekkis k\u00fcsimusi tubade, nende saadavuse v\u00f5i meie lisateenuste kohta, siis v\u00f5ta julgelt meiega \u00fchendust.\",\"breadcrumb\":{\"@id\":\"https:\/\/movenpicktallinn.ee\/et\/kontakt\/#breadcrumb\"},\"inLanguage\":\"et\",\"potentialAction\":[{\"@type\":\"ReadAction\",\"target\":[\"https:\/\/movenpicktallinn.ee\/et\/kontakt\/\"]}]},{\"@type\":\"BreadcrumbList\",\"@id\":\"https:\/\/movenpicktallinn.ee\/et\/kontakt\/#breadcrumb\",\"itemListElement\":[{\"@type\":\"ListItem\",\"position\":1,\"name\":\"Home\",\"item\":\"https:\/\/movenpicktallinn.ee\/et\/\"},{\"@type\":\"ListItem\",\"position\":2,\"name\":\"Kontakt\"}]},{\"@type\":\"WebSite\",\"@id\":\"https:\/\/movenpicktallinn.ee\/#website\",\"url\":\"https:\/\/movenpicktallinn.ee\/\",\"name\":\"M\u00f6venpick Hotel Tallinn\",\"description\":\"\",\"potentialAction\":[{\"@type\":\"SearchAction\",\"target\":{\"@type\":\"EntryPoint\",\"urlTemplate\":\"https:\/\/movenpicktallinn.ee\/?s={search_term_string}\"},\"query-input\":{\"@type\":\"PropertyValueSpecification\",\"valueRequired\":true,\"valueName\":\"search_term_string\"}}],\"inLanguage\":\"et\"}]}<\/script>\n<!-- \/ Yoast SEO plugin. -->","yoast_head_json":{"title":"V\u00f5ta meiega \u00fchendust! | M\u00f6venpick","description":"Kui Sul tekkis k\u00fcsimusi tubade, nende saadavuse v\u00f5i meie lisateenuste kohta, siis v\u00f5ta julgelt meiega \u00fchendust.","robots":{"index":"index","follow":"follow","max-snippet":"max-snippet:-1","max-image-preview":"max-image-preview:large","max-video-preview":"max-video-preview:-1"},"canonical":"https:\/\/movenpicktallinn.ee\/et\/kontakt\/","og_locale":"et_EE","og_type":"article","og_title":"V\u00f5ta meiega \u00fchendust! | M\u00f6venpick","og_description":"Kui Sul tekkis k\u00fcsimusi tubade, nende saadavuse v\u00f5i meie lisateenuste kohta, siis v\u00f5ta julgelt meiega \u00fchendust.","og_url":"https:\/\/movenpicktallinn.ee\/et\/kontakt\/","og_site_name":"M\u00f6venpick Hotel Tallinn","article_modified_time":"2025-06-25T11:07:05+00:00","og_image":[{"width":2560,"height":1707,"url":"https:\/\/movenpicktallinn.ee\/wp-content\/uploads\/sites\/117\/2025\/06\/Movenpick-Hotel-Tallinn-31-scaled.jpg","type":"image\/jpeg"}],"twitter_card":"summary_large_image","twitter_misc":{"Est. reading time":"1 minut"},"schema":{"@context":"https:\/\/schema.org","@graph":[{"@type":"WebPage","@id":"https:\/\/movenpicktallinn.ee\/et\/kontakt\/","url":"https:\/\/movenpicktallinn.ee\/et\/kontakt\/","name":"V\u00f5ta meiega \u00fchendust! | M\u00f6venpick","isPartOf":{"@id":"https:\/\/movenpicktallinn.ee\/#website"},"datePublished":"2024-07-16T09:36:07+00:00","dateModified":"2025-06-25T11:07:05+00:00","description":"Kui Sul tekkis k\u00fcsimusi tubade, nende saadavuse v\u00f5i meie lisateenuste kohta, siis v\u00f5ta julgelt meiega \u00fchendust.","breadcrumb":{"@id":"https:\/\/movenpicktallinn.ee\/et\/kontakt\/#breadcrumb"},"inLanguage":"et","potentialAction":[{"@type":"ReadAction","target":["https:\/\/movenpicktallinn.ee\/et\/kontakt\/"]}]},{"@type":"BreadcrumbList","@id":"https:\/\/movenpicktallinn.ee\/et\/kontakt\/#breadcrumb","itemListElement":[{"@type":"ListItem","position":1,"name":"Home","item":"https:\/\/movenpicktallinn.ee\/et\/"},{"@type":"ListItem","position":2,"name":"Kontakt"}]},{"@type":"WebSite","@id":"https:\/\/movenpicktallinn.ee\/#website","url":"https:\/\/movenpicktallinn.ee\/","name":"M\u00f6venpick Hotel Tallinn","description":"","potentialAction":[{"@type":"SearchAction","target":{"@type":"EntryPoint","urlTemplate":"https:\/\/movenpicktallinn.ee\/?s={search_term_string}"},"query-input":{"@type":"PropertyValueSpecification","valueRequired":true,"valueName":"search_term_string"}}],"inLanguage":"et"}]}},"_links":{"self":[{"href":"https:\/\/movenpicktallinn.ee\/et\/wp-json\/wp\/v2\/pages\/250","targetHints":{"allow":["GET"]}}],"collection":[{"href":"https:\/\/movenpicktallinn.ee\/et\/wp-json\/wp\/v2\/pages"}],"about":[{"href":"https:\/\/movenpicktallinn.ee\/et\/wp-json\/wp\/v2\/types\/page"}],"author":[{"embeddable":true,"href":"https:\/\/movenpicktallinn.ee\/et\/wp-json\/wp\/v2\/users\/5"}],"replies":[{"embeddable":true,"href":"https:\/\/movenpicktallinn.ee\/et\/wp-json\/wp\/v2\/comments?post=250"}],"version-history":[{"count":0,"href":"https:\/\/movenpicktallinn.ee\/et\/wp-json\/wp\/v2\/pages\/250\/revisions"}],"wp:attachment":[{"href":"https:\/\/movenpicktallinn.ee\/et\/wp-json\/wp\/v2\/media?parent=250"}],"wp:term":[{"taxonomy":"category","embeddable":true,"href":"https:\/\/movenpicktallinn.ee\/et\/wp-json\/wp\/v2\/categories?post=250"}],"curies":[{"name":"wp","href":"https:\/\/api.w.org\/{rel}","templated":true}]}}