{"id":301,"date":"2024-07-23T09:36:35","date_gmt":"2024-07-23T09:36:35","guid":{"rendered":"https:\/\/movenpick-hotel-tallinn.accorv2prod.decms.eu\/?page_id=301"},"modified":"2024-07-23T09:55:59","modified_gmt":"2024-07-23T09:55:59","slug":"positsiooni","status":"publish","type":"page","link":"https:\/\/movenpicktallinn.ee\/et\/positsiooni\/","title":{"rendered":"Positsiooni"},"content":{"rendered":"<p>Tere tulemast Tallinna, v\u00f5luvasse Eesti pealinna, mis meelitab reisijaid oma ajatu veetluse ja elava vaimuga.<\/p>\n<p>Tallinna kesklinnas asuv hotell M\u00f6venpick on kiviviske kaugusel ajaloolisest vanalinnast ja linna d\u00fcnaamilisest \u00e4ripiirkonnast, pakkudes t\u00e4iuslikku segu kultuurip\u00e4randist ja kaasaegsest mugavusest.<\/p>\n<p>Uinuge UNESCO maailmap\u00e4randi nimistusse kuuluva Tallinna vanalinna munakivisillutistesse t\u00e4navatesse ja keskaegsesse arhitektuuri, kus muinasjutulised tornid ja ajaloolised vaatamisv\u00e4\u00e4rsused k\u00f6idavad kujutlusv\u00f5imet.<\/p>\n<p><strong>Sukelduge linna rikkalikku ajaloosse, avastage kaasaegseid galeriisid ja nautige kohalike ja rahvusvaheliste k\u00f6\u00f6kide m\u00f5nusat sulandumist.<\/strong><\/p>\n","protected":false},"excerpt":{"rendered":"<p>Tere tulemast Tallinna, v\u00f5luvasse Eesti pealinna, mis meelitab reisijaid oma ajatu veetluse ja elava vaimuga. Tallinna kesklinnas asuv hotell M\u00f6venpick on kiviviske kaugusel ajaloolisest vanalinnast ja linna d\u00fcnaamilisest \u00e4ripiirkonnast, pakkudes t\u00e4iuslikku segu kultuurip\u00e4randist ja kaasaegsest mugavusest. Uinuge UNESCO maailmap\u00e4randi nimistusse kuuluva Tallinna vanalinna munakivisillutistesse t\u00e4navatesse ja keskaegsesse arhitektuuri, kus muinasjutulised tornid ja ajaloolised vaatamisv\u00e4\u00e4rsused k\u00f6idavad [&hellip;]<\/p>\n","protected":false},"author":5,"featured_media":0,"parent":0,"menu_order":60,"comment_status":"closed","ping_status":"closed","template":"template-location.php","meta":{"footnotes":""},"categories":[],"class_list":["post-301","page","type-page","status-publish","hentry"],"acf":[],"yoast_head":"<!-- This site is optimized with the Yoast SEO plugin v26.9 - https:\/\/yoast.com\/product\/yoast-seo-wordpress\/ -->\n<title>Positsiooni &#8212; M\u00f6venpick Hotel Tallinn &#8212;<\/title>\n<meta name=\"description\" content=\"Tere tulemast Tallinna, v\u00f5luvasse Eesti pealinna, mis meelitab reisijaid oma ajatu veetluse ja elava vaimuga.  Tallinna kesklinnas asuv hotell M\u00f6venpick on kiviviske kaugusel ajaloolisest vanalinnast ja linna d\u00fcnaamilisest \u00e4ripiirkonnast, pakkudes t\u00e4iuslikku segu kultuurip\u00e4randist ja kaasaegsest mugavusest.  Uinuge UNESCO maailmap\u00e4randi nimistusse kuuluva Tallinna vanalinna munakivisillutistesse t\u00e4navatesse ja keskaegsesse arhitektuuri, kus muinasjutulised tornid ja ajaloolised vaatamisv\u00e4\u00e4rsused k\u00f6idavad kujutlusv\u00f5imet.  Sukelduge linna rikkalikku ajaloosse, avastage kaasaegseid galeriisid ja nautige kohalike ja rahvusvaheliste k\u00f6\u00f6kide m\u00f5nusat sulandumist..\" \/>\n<meta name=\"robots\" content=\"index, follow, max-snippet:-1, max-image-preview:large, max-video-preview:-1\" \/>\n<link rel=\"canonical\" href=\"https:\/\/movenpicktallinn.ee\/et\/positsiooni\/\" \/>\n<meta property=\"og:locale\" content=\"et_EE\" \/>\n<meta property=\"og:type\" content=\"article\" \/>\n<meta property=\"og:title\" content=\"Positsiooni &#8212; M\u00f6venpick Hotel Tallinn &#8212;\" \/>\n<meta property=\"og:description\" content=\"Tere tulemast Tallinna, v\u00f5luvasse Eesti pealinna, mis meelitab reisijaid oma ajatu veetluse ja elava vaimuga.  Tallinna kesklinnas asuv hotell M\u00f6venpick on kiviviske kaugusel ajaloolisest vanalinnast ja linna d\u00fcnaamilisest \u00e4ripiirkonnast, pakkudes t\u00e4iuslikku segu kultuurip\u00e4randist ja kaasaegsest mugavusest.  Uinuge UNESCO maailmap\u00e4randi nimistusse kuuluva Tallinna vanalinna munakivisillutistesse t\u00e4navatesse ja keskaegsesse arhitektuuri, kus muinasjutulised tornid ja ajaloolised vaatamisv\u00e4\u00e4rsused k\u00f6idavad kujutlusv\u00f5imet.  Sukelduge linna rikkalikku ajaloosse, avastage kaasaegseid galeriisid ja nautige kohalike ja rahvusvaheliste k\u00f6\u00f6kide m\u00f5nusat sulandumist..\" \/>\n<meta property=\"og:url\" content=\"https:\/\/movenpicktallinn.ee\/et\/positsiooni\/\" \/>\n<meta property=\"og:site_name\" content=\"M\u00f6venpick Hotel Tallinn\" \/>\n<meta property=\"article:modified_time\" content=\"2024-07-23T09:55:59+00:00\" \/>\n<meta property=\"og:image\" content=\"https:\/\/movenpicktallinn.ee\/wp-content\/uploads\/sites\/117\/2025\/06\/Movenpick-Hotel-Tallinn-31-scaled.jpg\" \/>\n\t<meta property=\"og:image:width\" content=\"2560\" \/>\n\t<meta property=\"og:image:height\" content=\"1707\" \/>\n\t<meta property=\"og:image:type\" content=\"image\/jpeg\" \/>\n<meta name=\"twitter:card\" content=\"summary_large_image\" \/>\n<meta name=\"twitter:label1\" content=\"Est. reading time\" \/>\n\t<meta name=\"twitter:data1\" content=\"1 minut\" \/>\n<script type=\"application\/ld+json\" class=\"yoast-schema-graph\">{\"@context\":\"https:\/\/schema.org\",\"@graph\":[{\"@type\":\"WebPage\",\"@id\":\"https:\/\/movenpicktallinn.ee\/et\/positsiooni\/\",\"url\":\"https:\/\/movenpicktallinn.ee\/et\/positsiooni\/\",\"name\":\"Positsiooni &#8212; M\u00f6venpick Hotel Tallinn &#8212;\",\"isPartOf\":{\"@id\":\"https:\/\/movenpicktallinn.ee\/#website\"},\"datePublished\":\"2024-07-23T09:36:35+00:00\",\"dateModified\":\"2024-07-23T09:55:59+00:00\",\"description\":\"Tere tulemast Tallinna, v\u00f5luvasse Eesti pealinna, mis meelitab reisijaid oma ajatu veetluse ja elava vaimuga. Tallinna kesklinnas asuv hotell M\u00f6venpick on kiviviske kaugusel ajaloolisest vanalinnast ja linna d\u00fcnaamilisest \u00e4ripiirkonnast, pakkudes t\u00e4iuslikku segu kultuurip\u00e4randist ja kaasaegsest mugavusest. Uinuge UNESCO maailmap\u00e4randi nimistusse kuuluva Tallinna vanalinna munakivisillutistesse t\u00e4navatesse ja keskaegsesse arhitektuuri, kus muinasjutulised tornid ja ajaloolised vaatamisv\u00e4\u00e4rsused k\u00f6idavad kujutlusv\u00f5imet. Sukelduge linna rikkalikku ajaloosse, avastage kaasaegseid galeriisid ja nautige kohalike ja rahvusvaheliste k\u00f6\u00f6kide m\u00f5nusat sulandumist..\",\"breadcrumb\":{\"@id\":\"https:\/\/movenpicktallinn.ee\/et\/positsiooni\/#breadcrumb\"},\"inLanguage\":\"et\",\"potentialAction\":[{\"@type\":\"ReadAction\",\"target\":[\"https:\/\/movenpicktallinn.ee\/et\/positsiooni\/\"]}]},{\"@type\":\"BreadcrumbList\",\"@id\":\"https:\/\/movenpicktallinn.ee\/et\/positsiooni\/#breadcrumb\",\"itemListElement\":[{\"@type\":\"ListItem\",\"position\":1,\"name\":\"Home\",\"item\":\"https:\/\/movenpicktallinn.ee\/et\/\"},{\"@type\":\"ListItem\",\"position\":2,\"name\":\"Positsiooni\"}]},{\"@type\":\"WebSite\",\"@id\":\"https:\/\/movenpicktallinn.ee\/#website\",\"url\":\"https:\/\/movenpicktallinn.ee\/\",\"name\":\"M\u00f6venpick Hotel Tallinn\",\"description\":\"\",\"potentialAction\":[{\"@type\":\"SearchAction\",\"target\":{\"@type\":\"EntryPoint\",\"urlTemplate\":\"https:\/\/movenpicktallinn.ee\/?s={search_term_string}\"},\"query-input\":{\"@type\":\"PropertyValueSpecification\",\"valueRequired\":true,\"valueName\":\"search_term_string\"}}],\"inLanguage\":\"et\"}]}<\/script>\n<!-- \/ Yoast SEO plugin. -->","yoast_head_json":{"title":"Positsiooni &#8212; M\u00f6venpick Hotel Tallinn &#8212;","description":"Tere tulemast Tallinna, v\u00f5luvasse Eesti pealinna, mis meelitab reisijaid oma ajatu veetluse ja elava vaimuga.  Tallinna kesklinnas asuv hotell M\u00f6venpick on kiviviske kaugusel ajaloolisest vanalinnast ja linna d\u00fcnaamilisest \u00e4ripiirkonnast, pakkudes t\u00e4iuslikku segu kultuurip\u00e4randist ja kaasaegsest mugavusest.  Uinuge UNESCO maailmap\u00e4randi nimistusse kuuluva Tallinna vanalinna munakivisillutistesse t\u00e4navatesse ja keskaegsesse arhitektuuri, kus muinasjutulised tornid ja ajaloolised vaatamisv\u00e4\u00e4rsused k\u00f6idavad kujutlusv\u00f5imet.  Sukelduge linna rikkalikku ajaloosse, avastage kaasaegseid galeriisid ja nautige kohalike ja rahvusvaheliste k\u00f6\u00f6kide m\u00f5nusat sulandumist..","robots":{"index":"index","follow":"follow","max-snippet":"max-snippet:-1","max-image-preview":"max-image-preview:large","max-video-preview":"max-video-preview:-1"},"canonical":"https:\/\/movenpicktallinn.ee\/et\/positsiooni\/","og_locale":"et_EE","og_type":"article","og_title":"Positsiooni &#8212; M\u00f6venpick Hotel Tallinn &#8212;","og_description":"Tere tulemast Tallinna, v\u00f5luvasse Eesti pealinna, mis meelitab reisijaid oma ajatu veetluse ja elava vaimuga.  Tallinna kesklinnas asuv hotell M\u00f6venpick on kiviviske kaugusel ajaloolisest vanalinnast ja linna d\u00fcnaamilisest \u00e4ripiirkonnast, pakkudes t\u00e4iuslikku segu kultuurip\u00e4randist ja kaasaegsest mugavusest.  Uinuge UNESCO maailmap\u00e4randi nimistusse kuuluva Tallinna vanalinna munakivisillutistesse t\u00e4navatesse ja keskaegsesse arhitektuuri, kus muinasjutulised tornid ja ajaloolised vaatamisv\u00e4\u00e4rsused k\u00f6idavad kujutlusv\u00f5imet.  Sukelduge linna rikkalikku ajaloosse, avastage kaasaegseid galeriisid ja nautige kohalike ja rahvusvaheliste k\u00f6\u00f6kide m\u00f5nusat sulandumist..","og_url":"https:\/\/movenpicktallinn.ee\/et\/positsiooni\/","og_site_name":"M\u00f6venpick Hotel Tallinn","article_modified_time":"2024-07-23T09:55:59+00:00","og_image":[{"width":2560,"height":1707,"url":"https:\/\/movenpicktallinn.ee\/wp-content\/uploads\/sites\/117\/2025\/06\/Movenpick-Hotel-Tallinn-31-scaled.jpg","type":"image\/jpeg"}],"twitter_card":"summary_large_image","twitter_misc":{"Est. reading time":"1 minut"},"schema":{"@context":"https:\/\/schema.org","@graph":[{"@type":"WebPage","@id":"https:\/\/movenpicktallinn.ee\/et\/positsiooni\/","url":"https:\/\/movenpicktallinn.ee\/et\/positsiooni\/","name":"Positsiooni &#8212; M\u00f6venpick Hotel Tallinn &#8212;","isPartOf":{"@id":"https:\/\/movenpicktallinn.ee\/#website"},"datePublished":"2024-07-23T09:36:35+00:00","dateModified":"2024-07-23T09:55:59+00:00","description":"Tere tulemast Tallinna, v\u00f5luvasse Eesti pealinna, mis meelitab reisijaid oma ajatu veetluse ja elava vaimuga. Tallinna kesklinnas asuv hotell M\u00f6venpick on kiviviske kaugusel ajaloolisest vanalinnast ja linna d\u00fcnaamilisest \u00e4ripiirkonnast, pakkudes t\u00e4iuslikku segu kultuurip\u00e4randist ja kaasaegsest mugavusest. Uinuge UNESCO maailmap\u00e4randi nimistusse kuuluva Tallinna vanalinna munakivisillutistesse t\u00e4navatesse ja keskaegsesse arhitektuuri, kus muinasjutulised tornid ja ajaloolised vaatamisv\u00e4\u00e4rsused k\u00f6idavad kujutlusv\u00f5imet. Sukelduge linna rikkalikku ajaloosse, avastage kaasaegseid galeriisid ja nautige kohalike ja rahvusvaheliste k\u00f6\u00f6kide m\u00f5nusat sulandumist..","breadcrumb":{"@id":"https:\/\/movenpicktallinn.ee\/et\/positsiooni\/#breadcrumb"},"inLanguage":"et","potentialAction":[{"@type":"ReadAction","target":["https:\/\/movenpicktallinn.ee\/et\/positsiooni\/"]}]},{"@type":"BreadcrumbList","@id":"https:\/\/movenpicktallinn.ee\/et\/positsiooni\/#breadcrumb","itemListElement":[{"@type":"ListItem","position":1,"name":"Home","item":"https:\/\/movenpicktallinn.ee\/et\/"},{"@type":"ListItem","position":2,"name":"Positsiooni"}]},{"@type":"WebSite","@id":"https:\/\/movenpicktallinn.ee\/#website","url":"https:\/\/movenpicktallinn.ee\/","name":"M\u00f6venpick Hotel Tallinn","description":"","potentialAction":[{"@type":"SearchAction","target":{"@type":"EntryPoint","urlTemplate":"https:\/\/movenpicktallinn.ee\/?s={search_term_string}"},"query-input":{"@type":"PropertyValueSpecification","valueRequired":true,"valueName":"search_term_string"}}],"inLanguage":"et"}]}},"_links":{"self":[{"href":"https:\/\/movenpicktallinn.ee\/et\/wp-json\/wp\/v2\/pages\/301","targetHints":{"allow":["GET"]}}],"collection":[{"href":"https:\/\/movenpicktallinn.ee\/et\/wp-json\/wp\/v2\/pages"}],"about":[{"href":"https:\/\/movenpicktallinn.ee\/et\/wp-json\/wp\/v2\/types\/page"}],"author":[{"embeddable":true,"href":"https:\/\/movenpicktallinn.ee\/et\/wp-json\/wp\/v2\/users\/5"}],"replies":[{"embeddable":true,"href":"https:\/\/movenpicktallinn.ee\/et\/wp-json\/wp\/v2\/comments?post=301"}],"version-history":[{"count":0,"href":"https:\/\/movenpicktallinn.ee\/et\/wp-json\/wp\/v2\/pages\/301\/revisions"}],"wp:attachment":[{"href":"https:\/\/movenpicktallinn.ee\/et\/wp-json\/wp\/v2\/media?parent=301"}],"wp:term":[{"taxonomy":"category","embeddable":true,"href":"https:\/\/movenpicktallinn.ee\/et\/wp-json\/wp\/v2\/categories?post=301"}],"curies":[{"name":"wp","href":"https:\/\/api.w.org\/{rel}","templated":true}]}}