{"id":32,"date":"2024-07-10T07:53:59","date_gmt":"2024-07-10T07:53:59","guid":{"rendered":"https:\/\/movenpick-hotel-tallinn.accorv2prod.decms.eu\/?page_id=32"},"modified":"2026-03-10T13:18:08","modified_gmt":"2026-03-10T13:18:08","slug":"hotellitoad","status":"publish","type":"page","link":"https:\/\/movenpicktallinn.ee\/et\/hotellitoad\/","title":{"rendered":"Hotellitoad"},"content":{"rendered":"<p>V\u00f5rratu uni ja v\u00f5rratud naudingud ootavad sind igas M\u00f6venpicki Superior, Deluxe ja \u00e4risviidi toas. Poe puhkuseks pehmete linade vahele, naudi kohvimasinat parima M\u00f6venpicki kohviga, ava k\u00fclluslik minibaar ja k\u00fcmble \u00fclimas vannitoas. K\u00f5ik need mugavused on loodud pidamaks silmas \u00fclimat naudingut, sest teistmoodi me lihtsalt ei oska.<\/p>\n<p><strong>V\u00f5imalused<\/strong><\/p>\n<ul>\n<li>Parkimine turvalises sisehoovis hinnaga 30 \u20ac p\u00e4ev<\/li>\n<li>Tasuta Wi-Fi<\/li>\n<li>24\/7 avatud j\u00f5usaal<\/li>\n<li>Spaa- ja l\u00f5\u00f5gastusala hinna sees<\/li>\n<li>Restoran Roof<\/li>\n<\/ul>\n","protected":false},"excerpt":{"rendered":"<p>V\u00f5rratu uni ja v\u00f5rratud naudingud ootavad sind igas M\u00f6venpicki Superior, Deluxe ja \u00e4risviidi toas. Poe puhkuseks pehmete linade vahele, naudi kohvimasinat parima M\u00f6venpicki kohviga, ava k\u00fclluslik minibaar ja k\u00fcmble \u00fclimas vannitoas. K\u00f5ik need mugavused on loodud pidamaks silmas \u00fclimat naudingut, sest teistmoodi me lihtsalt ei oska. V\u00f5imalused Parkimine turvalises sisehoovis hinnaga 30 \u20ac p\u00e4ev Tasuta [&hellip;]<\/p>\n","protected":false},"author":5,"featured_media":0,"parent":0,"menu_order":5,"comment_status":"closed","ping_status":"closed","template":"template-rooms.php","meta":{"footnotes":""},"categories":[],"class_list":["post-32","page","type-page","status-publish","hentry"],"acf":[],"yoast_head":"<!-- This site is optimized with the Yoast SEO plugin v26.9 - https:\/\/yoast.com\/product\/yoast-seo-wordpress\/ -->\n<title>Superior tuba, Deluxe tuba, hotellituba saunaga, sviit | M\u00f6venpick<\/title>\n<meta name=\"description\" content=\"M\u00f6venpicki tubades p\u00f5imuvad omavahel luksus ja mugavus. Broneeri peatumiseks Superior tuba, Deluxe tuba v\u00f5i sviit. Valikus on ka saunaga hotellitoad.\" \/>\n<meta name=\"robots\" content=\"index, follow, max-snippet:-1, max-image-preview:large, max-video-preview:-1\" \/>\n<link rel=\"canonical\" href=\"https:\/\/movenpicktallinn.ee\/et\/hotellitoad\/\" \/>\n<meta property=\"og:locale\" content=\"et_EE\" \/>\n<meta property=\"og:type\" content=\"article\" \/>\n<meta property=\"og:title\" content=\"Superior tuba, Deluxe tuba, hotellituba saunaga, sviit | M\u00f6venpick\" \/>\n<meta property=\"og:description\" content=\"M\u00f6venpicki tubades p\u00f5imuvad omavahel luksus ja mugavus. Broneeri peatumiseks Superior tuba, Deluxe tuba v\u00f5i sviit. Valikus on ka saunaga hotellitoad.\" \/>\n<meta property=\"og:url\" content=\"https:\/\/movenpicktallinn.ee\/et\/hotellitoad\/\" \/>\n<meta property=\"og:site_name\" content=\"M\u00f6venpick Hotel Tallinn\" \/>\n<meta property=\"article:modified_time\" content=\"2026-03-10T13:18:08+00:00\" \/>\n<meta property=\"og:image\" content=\"https:\/\/movenpicktallinn.ee\/wp-content\/uploads\/sites\/117\/2025\/06\/Movenpick-Hotel-Tallinn-31-scaled.jpg\" \/>\n\t<meta property=\"og:image:width\" content=\"2560\" \/>\n\t<meta property=\"og:image:height\" content=\"1707\" \/>\n\t<meta property=\"og:image:type\" content=\"image\/jpeg\" \/>\n<meta name=\"twitter:card\" content=\"summary_large_image\" \/>\n<meta name=\"twitter:label1\" content=\"Est. reading time\" \/>\n\t<meta name=\"twitter:data1\" content=\"1 minut\" \/>\n<script type=\"application\/ld+json\" class=\"yoast-schema-graph\">{\"@context\":\"https:\/\/schema.org\",\"@graph\":[{\"@type\":\"WebPage\",\"@id\":\"https:\/\/movenpicktallinn.ee\/et\/hotellitoad\/\",\"url\":\"https:\/\/movenpicktallinn.ee\/et\/hotellitoad\/\",\"name\":\"Superior tuba, Deluxe tuba, hotellituba saunaga, sviit | M\u00f6venpick\",\"isPartOf\":{\"@id\":\"https:\/\/movenpicktallinn.ee\/#website\"},\"datePublished\":\"2024-07-10T07:53:59+00:00\",\"dateModified\":\"2026-03-10T13:18:08+00:00\",\"description\":\"M\u00f6venpicki tubades p\u00f5imuvad omavahel luksus ja mugavus. Broneeri peatumiseks Superior tuba, Deluxe tuba v\u00f5i sviit. Valikus on ka saunaga hotellitoad.\",\"breadcrumb\":{\"@id\":\"https:\/\/movenpicktallinn.ee\/et\/hotellitoad\/#breadcrumb\"},\"inLanguage\":\"et\",\"potentialAction\":[{\"@type\":\"ReadAction\",\"target\":[\"https:\/\/movenpicktallinn.ee\/et\/hotellitoad\/\"]}]},{\"@type\":\"BreadcrumbList\",\"@id\":\"https:\/\/movenpicktallinn.ee\/et\/hotellitoad\/#breadcrumb\",\"itemListElement\":[{\"@type\":\"ListItem\",\"position\":1,\"name\":\"Home\",\"item\":\"https:\/\/movenpicktallinn.ee\/et\/\"},{\"@type\":\"ListItem\",\"position\":2,\"name\":\"Hotellitoad\"}]},{\"@type\":\"WebSite\",\"@id\":\"https:\/\/movenpicktallinn.ee\/#website\",\"url\":\"https:\/\/movenpicktallinn.ee\/\",\"name\":\"M\u00f6venpick Hotel Tallinn\",\"description\":\"\",\"potentialAction\":[{\"@type\":\"SearchAction\",\"target\":{\"@type\":\"EntryPoint\",\"urlTemplate\":\"https:\/\/movenpicktallinn.ee\/?s={search_term_string}\"},\"query-input\":{\"@type\":\"PropertyValueSpecification\",\"valueRequired\":true,\"valueName\":\"search_term_string\"}}],\"inLanguage\":\"et\"}]}<\/script>\n<!-- \/ Yoast SEO plugin. -->","yoast_head_json":{"title":"Superior tuba, Deluxe tuba, hotellituba saunaga, sviit | M\u00f6venpick","description":"M\u00f6venpicki tubades p\u00f5imuvad omavahel luksus ja mugavus. Broneeri peatumiseks Superior tuba, Deluxe tuba v\u00f5i sviit. Valikus on ka saunaga hotellitoad.","robots":{"index":"index","follow":"follow","max-snippet":"max-snippet:-1","max-image-preview":"max-image-preview:large","max-video-preview":"max-video-preview:-1"},"canonical":"https:\/\/movenpicktallinn.ee\/et\/hotellitoad\/","og_locale":"et_EE","og_type":"article","og_title":"Superior tuba, Deluxe tuba, hotellituba saunaga, sviit | M\u00f6venpick","og_description":"M\u00f6venpicki tubades p\u00f5imuvad omavahel luksus ja mugavus. Broneeri peatumiseks Superior tuba, Deluxe tuba v\u00f5i sviit. Valikus on ka saunaga hotellitoad.","og_url":"https:\/\/movenpicktallinn.ee\/et\/hotellitoad\/","og_site_name":"M\u00f6venpick Hotel Tallinn","article_modified_time":"2026-03-10T13:18:08+00:00","og_image":[{"width":2560,"height":1707,"url":"https:\/\/movenpicktallinn.ee\/wp-content\/uploads\/sites\/117\/2025\/06\/Movenpick-Hotel-Tallinn-31-scaled.jpg","type":"image\/jpeg"}],"twitter_card":"summary_large_image","twitter_misc":{"Est. reading time":"1 minut"},"schema":{"@context":"https:\/\/schema.org","@graph":[{"@type":"WebPage","@id":"https:\/\/movenpicktallinn.ee\/et\/hotellitoad\/","url":"https:\/\/movenpicktallinn.ee\/et\/hotellitoad\/","name":"Superior tuba, Deluxe tuba, hotellituba saunaga, sviit | M\u00f6venpick","isPartOf":{"@id":"https:\/\/movenpicktallinn.ee\/#website"},"datePublished":"2024-07-10T07:53:59+00:00","dateModified":"2026-03-10T13:18:08+00:00","description":"M\u00f6venpicki tubades p\u00f5imuvad omavahel luksus ja mugavus. Broneeri peatumiseks Superior tuba, Deluxe tuba v\u00f5i sviit. Valikus on ka saunaga hotellitoad.","breadcrumb":{"@id":"https:\/\/movenpicktallinn.ee\/et\/hotellitoad\/#breadcrumb"},"inLanguage":"et","potentialAction":[{"@type":"ReadAction","target":["https:\/\/movenpicktallinn.ee\/et\/hotellitoad\/"]}]},{"@type":"BreadcrumbList","@id":"https:\/\/movenpicktallinn.ee\/et\/hotellitoad\/#breadcrumb","itemListElement":[{"@type":"ListItem","position":1,"name":"Home","item":"https:\/\/movenpicktallinn.ee\/et\/"},{"@type":"ListItem","position":2,"name":"Hotellitoad"}]},{"@type":"WebSite","@id":"https:\/\/movenpicktallinn.ee\/#website","url":"https:\/\/movenpicktallinn.ee\/","name":"M\u00f6venpick Hotel Tallinn","description":"","potentialAction":[{"@type":"SearchAction","target":{"@type":"EntryPoint","urlTemplate":"https:\/\/movenpicktallinn.ee\/?s={search_term_string}"},"query-input":{"@type":"PropertyValueSpecification","valueRequired":true,"valueName":"search_term_string"}}],"inLanguage":"et"}]}},"_links":{"self":[{"href":"https:\/\/movenpicktallinn.ee\/et\/wp-json\/wp\/v2\/pages\/32","targetHints":{"allow":["GET"]}}],"collection":[{"href":"https:\/\/movenpicktallinn.ee\/et\/wp-json\/wp\/v2\/pages"}],"about":[{"href":"https:\/\/movenpicktallinn.ee\/et\/wp-json\/wp\/v2\/types\/page"}],"author":[{"embeddable":true,"href":"https:\/\/movenpicktallinn.ee\/et\/wp-json\/wp\/v2\/users\/5"}],"replies":[{"embeddable":true,"href":"https:\/\/movenpicktallinn.ee\/et\/wp-json\/wp\/v2\/comments?post=32"}],"version-history":[{"count":2,"href":"https:\/\/movenpicktallinn.ee\/et\/wp-json\/wp\/v2\/pages\/32\/revisions"}],"predecessor-version":[{"id":1084,"href":"https:\/\/movenpicktallinn.ee\/et\/wp-json\/wp\/v2\/pages\/32\/revisions\/1084"}],"wp:attachment":[{"href":"https:\/\/movenpicktallinn.ee\/et\/wp-json\/wp\/v2\/media?parent=32"}],"wp:term":[{"taxonomy":"category","embeddable":true,"href":"https:\/\/movenpicktallinn.ee\/et\/wp-json\/wp\/v2\/categories?post=32"}],"curies":[{"name":"wp","href":"https:\/\/api.w.org\/{rel}","templated":true}]}}