{"id":46,"date":"2024-07-10T14:16:39","date_gmt":"2024-07-10T14:16:39","guid":{"rendered":"https:\/\/movenpick-hotel-tallinn.accorv2prod.decms.eu\/?page_id=46"},"modified":"2025-06-25T10:07:21","modified_gmt":"2025-06-25T10:07:21","slug":"superior-kaheinimese-tuba","status":"publish","type":"page","link":"https:\/\/movenpicktallinn.ee\/et\/hotellitoad\/superior-kaheinimese-tuba\/","title":{"rendered":"Superior kaheinimese tuba"},"content":{"rendered":"<p>Siia ei tule sa lihtsalt puhkama, vaid l\u00e4hed r\u00e4nnakule l\u00e4bi pehmuse, \u00f5rnuse ja parimate unen\u00e4gude.<\/p>\n<p>Sama unen\u00e4oliselt m\u00f5jub ka k\u00f5ik muu meie kaheinimesevoodiga toas. N\u00e4iteks saad lasta end \u00f5rnal valgusel paitada samal ajal, kui l\u00f5\u00f5gastud vannis v\u00f5i k\u00fcmbled du\u0161i all. P\u00e4rast rituaali haara hommikumantel, pane jalga sussid ja tee \u00fcks tassike M\u00f6venpicki kohvi. Maailmauudistega hoiab sind kursis tasuta WIFI.<\/p>\n","protected":false},"excerpt":{"rendered":"<p>Siia ei tule sa lihtsalt puhkama, vaid l\u00e4hed r\u00e4nnakule l\u00e4bi pehmuse, \u00f5rnuse ja parimate unen\u00e4gude. Sama unen\u00e4oliselt m\u00f5jub ka k\u00f5ik muu meie kaheinimesevoodiga toas. N\u00e4iteks saad lasta end \u00f5rnal valgusel paitada samal ajal, kui l\u00f5\u00f5gastud vannis v\u00f5i k\u00fcmbled du\u0161i all. P\u00e4rast rituaali haara hommikumantel, pane jalga sussid ja tee \u00fcks tassike M\u00f6venpicki kohvi. Maailmauudistega hoiab [&hellip;]<\/p>\n","protected":false},"author":5,"featured_media":0,"parent":32,"menu_order":0,"comment_status":"closed","ping_status":"closed","template":"template-room.php","meta":{"footnotes":""},"categories":[11],"class_list":["post-46","page","type-page","status-publish","hentry","category-toad"],"acf":[],"yoast_head":"<!-- This site is optimized with the Yoast SEO plugin v26.9 - https:\/\/yoast.com\/product\/yoast-seo-wordpress\/ -->\n<title>Hotell Tallinnas | Kaheinimese voodiga Superior tuba | M\u00f6venpick<\/title>\n<meta name=\"description\" content=\"M\u00f6venpick on lummav hotell Tallinna kesklinnas. Hotellis on ka spaa, tipprestoran ROOF parimate toiduelamustega ja hingematvate panoraamvaadetega.\" \/>\n<meta name=\"robots\" content=\"index, follow, max-snippet:-1, max-image-preview:large, max-video-preview:-1\" \/>\n<link rel=\"canonical\" href=\"https:\/\/movenpicktallinn.ee\/et\/hotellitoad\/superior-kaheinimese-tuba\/\" \/>\n<meta property=\"og:locale\" content=\"et_EE\" \/>\n<meta property=\"og:type\" content=\"article\" \/>\n<meta property=\"og:title\" content=\"Hotell Tallinnas | Kaheinimese voodiga Superior tuba | M\u00f6venpick\" \/>\n<meta property=\"og:description\" content=\"M\u00f6venpick on lummav hotell Tallinna kesklinnas. Hotellis on ka spaa, tipprestoran ROOF parimate toiduelamustega ja hingematvate panoraamvaadetega.\" \/>\n<meta property=\"og:url\" content=\"https:\/\/movenpicktallinn.ee\/et\/hotellitoad\/superior-kaheinimese-tuba\/\" \/>\n<meta property=\"og:site_name\" content=\"M\u00f6venpick Hotel Tallinn\" \/>\n<meta property=\"article:modified_time\" content=\"2025-06-25T10:07:21+00:00\" \/>\n<meta property=\"og:image\" content=\"https:\/\/movenpicktallinn.ee\/wp-content\/uploads\/sites\/117\/2025\/06\/Movenpick-Hotel-Tallinn-31-scaled.jpg\" \/>\n\t<meta property=\"og:image:width\" content=\"2560\" \/>\n\t<meta property=\"og:image:height\" content=\"1707\" \/>\n\t<meta property=\"og:image:type\" content=\"image\/jpeg\" \/>\n<meta name=\"twitter:card\" content=\"summary_large_image\" \/>\n<meta name=\"twitter:label1\" content=\"Est. reading time\" \/>\n\t<meta name=\"twitter:data1\" content=\"1 minut\" \/>\n<script type=\"application\/ld+json\" class=\"yoast-schema-graph\">{\"@context\":\"https:\/\/schema.org\",\"@graph\":[{\"@type\":\"WebPage\",\"@id\":\"https:\/\/movenpicktallinn.ee\/et\/hotellitoad\/superior-kaheinimese-tuba\/\",\"url\":\"https:\/\/movenpicktallinn.ee\/et\/hotellitoad\/superior-kaheinimese-tuba\/\",\"name\":\"Hotell Tallinnas | Kaheinimese voodiga Superior tuba | M\u00f6venpick\",\"isPartOf\":{\"@id\":\"https:\/\/movenpicktallinn.ee\/#website\"},\"datePublished\":\"2024-07-10T14:16:39+00:00\",\"dateModified\":\"2025-06-25T10:07:21+00:00\",\"description\":\"M\u00f6venpick on lummav hotell Tallinna kesklinnas. Hotellis on ka spaa, tipprestoran ROOF parimate toiduelamustega ja hingematvate panoraamvaadetega.\",\"breadcrumb\":{\"@id\":\"https:\/\/movenpicktallinn.ee\/et\/hotellitoad\/superior-kaheinimese-tuba\/#breadcrumb\"},\"inLanguage\":\"et\",\"potentialAction\":[{\"@type\":\"ReadAction\",\"target\":[\"https:\/\/movenpicktallinn.ee\/et\/hotellitoad\/superior-kaheinimese-tuba\/\"]}]},{\"@type\":\"BreadcrumbList\",\"@id\":\"https:\/\/movenpicktallinn.ee\/et\/hotellitoad\/superior-kaheinimese-tuba\/#breadcrumb\",\"itemListElement\":[{\"@type\":\"ListItem\",\"position\":1,\"name\":\"Home\",\"item\":\"https:\/\/movenpicktallinn.ee\/et\/\"},{\"@type\":\"ListItem\",\"position\":2,\"name\":\"Hotellitoad\",\"item\":\"https:\/\/movenpicktallinn.ee\/et\/hotellitoad\/\"},{\"@type\":\"ListItem\",\"position\":3,\"name\":\"Superior kaheinimese tuba\"}]},{\"@type\":\"WebSite\",\"@id\":\"https:\/\/movenpicktallinn.ee\/#website\",\"url\":\"https:\/\/movenpicktallinn.ee\/\",\"name\":\"M\u00f6venpick Hotel Tallinn\",\"description\":\"\",\"potentialAction\":[{\"@type\":\"SearchAction\",\"target\":{\"@type\":\"EntryPoint\",\"urlTemplate\":\"https:\/\/movenpicktallinn.ee\/?s={search_term_string}\"},\"query-input\":{\"@type\":\"PropertyValueSpecification\",\"valueRequired\":true,\"valueName\":\"search_term_string\"}}],\"inLanguage\":\"et\"}]}<\/script>\n<!-- \/ Yoast SEO plugin. -->","yoast_head_json":{"title":"Hotell Tallinnas | Kaheinimese voodiga Superior tuba | M\u00f6venpick","description":"M\u00f6venpick on lummav hotell Tallinna kesklinnas. Hotellis on ka spaa, tipprestoran ROOF parimate toiduelamustega ja hingematvate panoraamvaadetega.","robots":{"index":"index","follow":"follow","max-snippet":"max-snippet:-1","max-image-preview":"max-image-preview:large","max-video-preview":"max-video-preview:-1"},"canonical":"https:\/\/movenpicktallinn.ee\/et\/hotellitoad\/superior-kaheinimese-tuba\/","og_locale":"et_EE","og_type":"article","og_title":"Hotell Tallinnas | Kaheinimese voodiga Superior tuba | M\u00f6venpick","og_description":"M\u00f6venpick on lummav hotell Tallinna kesklinnas. Hotellis on ka spaa, tipprestoran ROOF parimate toiduelamustega ja hingematvate panoraamvaadetega.","og_url":"https:\/\/movenpicktallinn.ee\/et\/hotellitoad\/superior-kaheinimese-tuba\/","og_site_name":"M\u00f6venpick Hotel Tallinn","article_modified_time":"2025-06-25T10:07:21+00:00","og_image":[{"width":2560,"height":1707,"url":"https:\/\/movenpicktallinn.ee\/wp-content\/uploads\/sites\/117\/2025\/06\/Movenpick-Hotel-Tallinn-31-scaled.jpg","type":"image\/jpeg"}],"twitter_card":"summary_large_image","twitter_misc":{"Est. reading time":"1 minut"},"schema":{"@context":"https:\/\/schema.org","@graph":[{"@type":"WebPage","@id":"https:\/\/movenpicktallinn.ee\/et\/hotellitoad\/superior-kaheinimese-tuba\/","url":"https:\/\/movenpicktallinn.ee\/et\/hotellitoad\/superior-kaheinimese-tuba\/","name":"Hotell Tallinnas | Kaheinimese voodiga Superior tuba | M\u00f6venpick","isPartOf":{"@id":"https:\/\/movenpicktallinn.ee\/#website"},"datePublished":"2024-07-10T14:16:39+00:00","dateModified":"2025-06-25T10:07:21+00:00","description":"M\u00f6venpick on lummav hotell Tallinna kesklinnas. Hotellis on ka spaa, tipprestoran ROOF parimate toiduelamustega ja hingematvate panoraamvaadetega.","breadcrumb":{"@id":"https:\/\/movenpicktallinn.ee\/et\/hotellitoad\/superior-kaheinimese-tuba\/#breadcrumb"},"inLanguage":"et","potentialAction":[{"@type":"ReadAction","target":["https:\/\/movenpicktallinn.ee\/et\/hotellitoad\/superior-kaheinimese-tuba\/"]}]},{"@type":"BreadcrumbList","@id":"https:\/\/movenpicktallinn.ee\/et\/hotellitoad\/superior-kaheinimese-tuba\/#breadcrumb","itemListElement":[{"@type":"ListItem","position":1,"name":"Home","item":"https:\/\/movenpicktallinn.ee\/et\/"},{"@type":"ListItem","position":2,"name":"Hotellitoad","item":"https:\/\/movenpicktallinn.ee\/et\/hotellitoad\/"},{"@type":"ListItem","position":3,"name":"Superior kaheinimese tuba"}]},{"@type":"WebSite","@id":"https:\/\/movenpicktallinn.ee\/#website","url":"https:\/\/movenpicktallinn.ee\/","name":"M\u00f6venpick Hotel Tallinn","description":"","potentialAction":[{"@type":"SearchAction","target":{"@type":"EntryPoint","urlTemplate":"https:\/\/movenpicktallinn.ee\/?s={search_term_string}"},"query-input":{"@type":"PropertyValueSpecification","valueRequired":true,"valueName":"search_term_string"}}],"inLanguage":"et"}]}},"_links":{"self":[{"href":"https:\/\/movenpicktallinn.ee\/et\/wp-json\/wp\/v2\/pages\/46","targetHints":{"allow":["GET"]}}],"collection":[{"href":"https:\/\/movenpicktallinn.ee\/et\/wp-json\/wp\/v2\/pages"}],"about":[{"href":"https:\/\/movenpicktallinn.ee\/et\/wp-json\/wp\/v2\/types\/page"}],"author":[{"embeddable":true,"href":"https:\/\/movenpicktallinn.ee\/et\/wp-json\/wp\/v2\/users\/5"}],"replies":[{"embeddable":true,"href":"https:\/\/movenpicktallinn.ee\/et\/wp-json\/wp\/v2\/comments?post=46"}],"version-history":[{"count":0,"href":"https:\/\/movenpicktallinn.ee\/et\/wp-json\/wp\/v2\/pages\/46\/revisions"}],"up":[{"embeddable":true,"href":"https:\/\/movenpicktallinn.ee\/et\/wp-json\/wp\/v2\/pages\/32"}],"wp:attachment":[{"href":"https:\/\/movenpicktallinn.ee\/et\/wp-json\/wp\/v2\/media?parent=46"}],"wp:term":[{"taxonomy":"category","embeddable":true,"href":"https:\/\/movenpicktallinn.ee\/et\/wp-json\/wp\/v2\/categories?post=46"}],"curies":[{"name":"wp","href":"https:\/\/api.w.org\/{rel}","templated":true}]}}