{"id":5,"date":"2024-07-09T14:17:05","date_gmt":"2024-07-09T14:17:05","guid":{"rendered":"https:\/\/movenpick-hotel-tallinn.accorv2prod.decms.eu\/?page_id=5"},"modified":"2026-04-23T08:23:55","modified_gmt":"2026-04-23T08:23:55","slug":"movenpick-hotel-tallinn","status":"publish","type":"page","link":"https:\/\/movenpicktallinn.ee\/et\/","title":{"rendered":"M\u00f6venpick Hotel Tallinn"},"content":{"rendered":"<p>Magusad elamused tervitavad sind siin! Tere tulemast Tallinna ehk linna, mille erakordne ajalugu on v\u00f5luvalt kombineeritud moodsa linnasiluetiga. Tallinnas ootab sind juba 1997. aastal UNESCO maailmap\u00e4randi nimistusse kantud vanalinn, hulgaliselt vaatamisv\u00e4\u00e4rsuseid, k\u00f5rgeim turvatunne ning rohelised pargid.<\/p>\n<p>Ning siinsamas Tallinnas, veetleva Lembitu pargi veerel tervitab sind ka hotell M\u00f6venpick Hotel Tallinn. See on koht, mille seitse korrust alates fuajeest kuni katuserestoranini ROOF on t\u00e4idetud naudingutega. Olgu tegu innuka seikleja, suure reisija v\u00f5i magusaid \u00fcllatusi igatseva uudistajaga, M\u00f6venpick Hotel Tallinn kostitab naudingutega iga\u00fcht.<\/p>\n<p>Paku sinagi endale h\u00f5rke hetki \u00fches meie 125st taevalikust toast v\u00f5i ka sviidis. Suhkruvatiselt pehmete tekkide vahel tuleb alati mesimagus uni, sest lihtsalt tavalisi tube meil ei ole. Iga ruum on loodud spetsiaalselt selleks, et \u00fclimatest hetkedest osa saaksid!<\/p>\n","protected":false},"excerpt":{"rendered":"<p>Magusad elamused tervitavad sind siin! Tere tulemast Tallinna ehk linna, mille erakordne ajalugu on v\u00f5luvalt kombineeritud moodsa linnasiluetiga. Tallinnas ootab sind juba 1997. aastal UNESCO maailmap\u00e4randi nimistusse kantud vanalinn, hulgaliselt vaatamisv\u00e4\u00e4rsuseid, k\u00f5rgeim turvatunne ning rohelised pargid. Ning siinsamas Tallinnas, veetleva Lembitu pargi veerel tervitab sind ka hotell M\u00f6venpick Hotel Tallinn. See on koht, mille seitse [&hellip;]<\/p>\n","protected":false},"author":5,"featured_media":0,"parent":0,"menu_order":0,"comment_status":"closed","ping_status":"closed","template":"","meta":{"footnotes":""},"categories":[],"class_list":["post-5","page","type-page","status-publish","hentry"],"acf":[],"yoast_head":"<!-- This site is optimized with the Yoast SEO plugin v26.9 - https:\/\/yoast.com\/product\/yoast-seo-wordpress\/ -->\n<title>Hotellid Tallinnas | Romantiline hotell Tallinnas | M\u00f6venpick<\/title>\n<meta name=\"description\" content=\"M\u00f6venpick on lummav hotell Tallinna kesklinnas. Hotellis on ka spaa, konverentsikeskus ning tipprestoran ROOF parimate toiduelamustega ja hingematvate panoraamvaadetega.\" \/>\n<meta name=\"robots\" content=\"index, follow, max-snippet:-1, max-image-preview:large, max-video-preview:-1\" \/>\n<link rel=\"canonical\" href=\"https:\/\/movenpicktallinn.ee\/et\/\" \/>\n<meta property=\"og:locale\" content=\"et_EE\" \/>\n<meta property=\"og:type\" content=\"article\" \/>\n<meta property=\"og:title\" content=\"Hotellid Tallinnas | Romantiline hotell Tallinnas | M\u00f6venpick\" \/>\n<meta property=\"og:description\" content=\"M\u00f6venpick on lummav hotell Tallinna kesklinnas. Hotellis on ka spaa, konverentsikeskus ning tipprestoran ROOF parimate toiduelamustega ja hingematvate panoraamvaadetega.\" \/>\n<meta property=\"og:url\" content=\"https:\/\/movenpicktallinn.ee\/et\/\" \/>\n<meta property=\"og:site_name\" content=\"M\u00f6venpick Hotel Tallinn\" \/>\n<meta property=\"article:modified_time\" content=\"2026-04-23T08:23:55+00:00\" \/>\n<meta property=\"og:image\" content=\"https:\/\/movenpicktallinn.ee\/wp-content\/uploads\/sites\/117\/2025\/06\/Movenpick-Hotel-Tallinn-31-scaled.jpg\" \/>\n\t<meta property=\"og:image:width\" content=\"2560\" \/>\n\t<meta property=\"og:image:height\" content=\"1707\" \/>\n\t<meta property=\"og:image:type\" content=\"image\/jpeg\" \/>\n<meta name=\"twitter:card\" content=\"summary_large_image\" \/>\n<meta name=\"twitter:label1\" content=\"Est. reading time\" \/>\n\t<meta name=\"twitter:data1\" content=\"1 minut\" \/>\n<script type=\"application\/ld+json\" class=\"yoast-schema-graph\">{\"@context\":\"https:\/\/schema.org\",\"@graph\":[{\"@type\":\"WebPage\",\"@id\":\"https:\/\/movenpicktallinn.ee\/et\/\",\"url\":\"https:\/\/movenpicktallinn.ee\/et\/\",\"name\":\"Hotellid Tallinnas | Romantiline hotell Tallinnas | M\u00f6venpick\",\"isPartOf\":{\"@id\":\"https:\/\/movenpicktallinn.ee\/#website\"},\"datePublished\":\"2024-07-09T14:17:05+00:00\",\"dateModified\":\"2026-04-23T08:23:55+00:00\",\"description\":\"M\u00f6venpick on lummav hotell Tallinna kesklinnas. Hotellis on ka spaa, konverentsikeskus ning tipprestoran ROOF parimate toiduelamustega ja hingematvate panoraamvaadetega.\",\"breadcrumb\":{\"@id\":\"https:\/\/movenpicktallinn.ee\/et\/#breadcrumb\"},\"inLanguage\":\"et\",\"potentialAction\":[{\"@type\":\"ReadAction\",\"target\":[\"https:\/\/movenpicktallinn.ee\/et\/\"]}]},{\"@type\":\"BreadcrumbList\",\"@id\":\"https:\/\/movenpicktallinn.ee\/et\/#breadcrumb\",\"itemListElement\":[{\"@type\":\"ListItem\",\"position\":1,\"name\":\"Home\",\"item\":\"https:\/\/movenpicktallinn.ee\/et\/\"},{\"@type\":\"ListItem\",\"position\":2,\"name\":\"M\u00f6venpick Hotel Tallinn\"}]},{\"@type\":\"WebSite\",\"@id\":\"https:\/\/movenpicktallinn.ee\/#website\",\"url\":\"https:\/\/movenpicktallinn.ee\/\",\"name\":\"M\u00f6venpick Hotel Tallinn\",\"description\":\"\",\"potentialAction\":[{\"@type\":\"SearchAction\",\"target\":{\"@type\":\"EntryPoint\",\"urlTemplate\":\"https:\/\/movenpicktallinn.ee\/?s={search_term_string}\"},\"query-input\":{\"@type\":\"PropertyValueSpecification\",\"valueRequired\":true,\"valueName\":\"search_term_string\"}}],\"inLanguage\":\"et\"}]}<\/script>\n<!-- \/ Yoast SEO plugin. -->","yoast_head_json":{"title":"Hotellid Tallinnas | Romantiline hotell Tallinnas | M\u00f6venpick","description":"M\u00f6venpick on lummav hotell Tallinna kesklinnas. Hotellis on ka spaa, konverentsikeskus ning tipprestoran ROOF parimate toiduelamustega ja hingematvate panoraamvaadetega.","robots":{"index":"index","follow":"follow","max-snippet":"max-snippet:-1","max-image-preview":"max-image-preview:large","max-video-preview":"max-video-preview:-1"},"canonical":"https:\/\/movenpicktallinn.ee\/et\/","og_locale":"et_EE","og_type":"article","og_title":"Hotellid Tallinnas | Romantiline hotell Tallinnas | M\u00f6venpick","og_description":"M\u00f6venpick on lummav hotell Tallinna kesklinnas. Hotellis on ka spaa, konverentsikeskus ning tipprestoran ROOF parimate toiduelamustega ja hingematvate panoraamvaadetega.","og_url":"https:\/\/movenpicktallinn.ee\/et\/","og_site_name":"M\u00f6venpick Hotel Tallinn","article_modified_time":"2026-04-23T08:23:55+00:00","og_image":[{"width":2560,"height":1707,"url":"https:\/\/movenpicktallinn.ee\/wp-content\/uploads\/sites\/117\/2025\/06\/Movenpick-Hotel-Tallinn-31-scaled.jpg","type":"image\/jpeg"}],"twitter_card":"summary_large_image","twitter_misc":{"Est. reading time":"1 minut"},"schema":{"@context":"https:\/\/schema.org","@graph":[{"@type":"WebPage","@id":"https:\/\/movenpicktallinn.ee\/et\/","url":"https:\/\/movenpicktallinn.ee\/et\/","name":"Hotellid Tallinnas | Romantiline hotell Tallinnas | M\u00f6venpick","isPartOf":{"@id":"https:\/\/movenpicktallinn.ee\/#website"},"datePublished":"2024-07-09T14:17:05+00:00","dateModified":"2026-04-23T08:23:55+00:00","description":"M\u00f6venpick on lummav hotell Tallinna kesklinnas. Hotellis on ka spaa, konverentsikeskus ning tipprestoran ROOF parimate toiduelamustega ja hingematvate panoraamvaadetega.","breadcrumb":{"@id":"https:\/\/movenpicktallinn.ee\/et\/#breadcrumb"},"inLanguage":"et","potentialAction":[{"@type":"ReadAction","target":["https:\/\/movenpicktallinn.ee\/et\/"]}]},{"@type":"BreadcrumbList","@id":"https:\/\/movenpicktallinn.ee\/et\/#breadcrumb","itemListElement":[{"@type":"ListItem","position":1,"name":"Home","item":"https:\/\/movenpicktallinn.ee\/et\/"},{"@type":"ListItem","position":2,"name":"M\u00f6venpick Hotel Tallinn"}]},{"@type":"WebSite","@id":"https:\/\/movenpicktallinn.ee\/#website","url":"https:\/\/movenpicktallinn.ee\/","name":"M\u00f6venpick Hotel Tallinn","description":"","potentialAction":[{"@type":"SearchAction","target":{"@type":"EntryPoint","urlTemplate":"https:\/\/movenpicktallinn.ee\/?s={search_term_string}"},"query-input":{"@type":"PropertyValueSpecification","valueRequired":true,"valueName":"search_term_string"}}],"inLanguage":"et"}]}},"_links":{"self":[{"href":"https:\/\/movenpicktallinn.ee\/et\/wp-json\/wp\/v2\/pages\/5","targetHints":{"allow":["GET"]}}],"collection":[{"href":"https:\/\/movenpicktallinn.ee\/et\/wp-json\/wp\/v2\/pages"}],"about":[{"href":"https:\/\/movenpicktallinn.ee\/et\/wp-json\/wp\/v2\/types\/page"}],"author":[{"embeddable":true,"href":"https:\/\/movenpicktallinn.ee\/et\/wp-json\/wp\/v2\/users\/5"}],"replies":[{"embeddable":true,"href":"https:\/\/movenpicktallinn.ee\/et\/wp-json\/wp\/v2\/comments?post=5"}],"version-history":[{"count":3,"href":"https:\/\/movenpicktallinn.ee\/et\/wp-json\/wp\/v2\/pages\/5\/revisions"}],"predecessor-version":[{"id":1165,"href":"https:\/\/movenpicktallinn.ee\/et\/wp-json\/wp\/v2\/pages\/5\/revisions\/1165"}],"wp:attachment":[{"href":"https:\/\/movenpicktallinn.ee\/et\/wp-json\/wp\/v2\/media?parent=5"}],"wp:term":[{"taxonomy":"category","embeddable":true,"href":"https:\/\/movenpicktallinn.ee\/et\/wp-json\/wp\/v2\/categories?post=5"}],"curies":[{"name":"wp","href":"https:\/\/api.w.org\/{rel}","templated":true}]}}