{"id":58,"date":"2024-07-10T15:11:59","date_gmt":"2024-07-10T15:11:59","guid":{"rendered":"https:\/\/movenpick-hotel-tallinn.accorv2prod.decms.eu\/?page_id=58"},"modified":"2025-06-25T10:13:30","modified_gmt":"2025-06-25T10:13:30","slug":"superior-kaheinimesetuba-twin","status":"publish","type":"page","link":"https:\/\/movenpicktallinn.ee\/et\/hotellitoad\/superior-kaheinimesetuba-twin\/","title":{"rendered":"Superior kaheinimesetuba twin"},"content":{"rendered":"<p>Kaunis unen\u00e4olisus kandub edasi ka meie Superior kahe voodiga tubadesse.<\/p>\n<p>Selle kordumatut sisekujundust t\u00e4iendavad mugavused nagu hommikumantlid ja v\u00e4rske kohv, mida saad t\u00e4nu k\u00e4ep\u00e4rastele vahenditele endale valmistada. Ning miks mitte lubada endale siis \u00fcht sooja vanni v\u00f5i ergutavat du\u0161i? Tee seda, sest igas toas on ka privaatne vannituba. K\u00f5ik sulle kallis paiguta turvalisse seifi.<\/p>\n","protected":false},"excerpt":{"rendered":"<p>Kaunis unen\u00e4olisus kandub edasi ka meie Superior kahe voodiga tubadesse. Selle kordumatut sisekujundust t\u00e4iendavad mugavused nagu hommikumantlid ja v\u00e4rske kohv, mida saad t\u00e4nu k\u00e4ep\u00e4rastele vahenditele endale valmistada. Ning miks mitte lubada endale siis \u00fcht sooja vanni v\u00f5i ergutavat du\u0161i? Tee seda, sest igas toas on ka privaatne vannituba. K\u00f5ik sulle kallis paiguta turvalisse seifi.<\/p>\n","protected":false},"author":5,"featured_media":0,"parent":32,"menu_order":1,"comment_status":"closed","ping_status":"closed","template":"template-room.php","meta":{"footnotes":""},"categories":[11],"class_list":["post-58","page","type-page","status-publish","hentry","category-toad"],"acf":[],"yoast_head":"<!-- This site is optimized with the Yoast SEO plugin v26.9 - https:\/\/yoast.com\/product\/yoast-seo-wordpress\/ -->\n<title>Hotell Tallinnas | Kahe voodiga tuba | M\u00f6venpick<\/title>\n<meta name=\"description\" content=\"M\u00f6venpick on hotell Tallinna kesklinnas, kuhu saab broneerida majutust \u00fcheks v\u00f5i mitmeks \u00f6\u00f6ks. Head hinnad, erinevad toat\u00fc\u00fcbid, restoran ROOF jpm. Broneeri!\" \/>\n<meta name=\"robots\" content=\"index, follow, max-snippet:-1, max-image-preview:large, max-video-preview:-1\" \/>\n<link rel=\"canonical\" href=\"https:\/\/movenpicktallinn.ee\/et\/hotellitoad\/superior-kaheinimesetuba-twin\/\" \/>\n<meta property=\"og:locale\" content=\"et_EE\" \/>\n<meta property=\"og:type\" content=\"article\" \/>\n<meta property=\"og:title\" content=\"Hotell Tallinnas | Kahe voodiga tuba | M\u00f6venpick\" \/>\n<meta property=\"og:description\" content=\"M\u00f6venpick on hotell Tallinna kesklinnas, kuhu saab broneerida majutust \u00fcheks v\u00f5i mitmeks \u00f6\u00f6ks. Head hinnad, erinevad toat\u00fc\u00fcbid, restoran ROOF jpm. Broneeri!\" \/>\n<meta property=\"og:url\" content=\"https:\/\/movenpicktallinn.ee\/et\/hotellitoad\/superior-kaheinimesetuba-twin\/\" \/>\n<meta property=\"og:site_name\" content=\"M\u00f6venpick Hotel Tallinn\" \/>\n<meta property=\"article:modified_time\" content=\"2025-06-25T10:13:30+00:00\" \/>\n<meta property=\"og:image\" content=\"https:\/\/movenpicktallinn.ee\/wp-content\/uploads\/sites\/117\/2025\/06\/Movenpick-Hotel-Tallinn-31-scaled.jpg\" \/>\n\t<meta property=\"og:image:width\" content=\"2560\" \/>\n\t<meta property=\"og:image:height\" content=\"1707\" \/>\n\t<meta property=\"og:image:type\" content=\"image\/jpeg\" \/>\n<meta name=\"twitter:card\" content=\"summary_large_image\" \/>\n<meta name=\"twitter:label1\" content=\"Est. reading time\" \/>\n\t<meta name=\"twitter:data1\" content=\"1 minut\" \/>\n<script type=\"application\/ld+json\" class=\"yoast-schema-graph\">{\"@context\":\"https:\/\/schema.org\",\"@graph\":[{\"@type\":\"WebPage\",\"@id\":\"https:\/\/movenpicktallinn.ee\/et\/hotellitoad\/superior-kaheinimesetuba-twin\/\",\"url\":\"https:\/\/movenpicktallinn.ee\/et\/hotellitoad\/superior-kaheinimesetuba-twin\/\",\"name\":\"Hotell Tallinnas | Kahe voodiga tuba | M\u00f6venpick\",\"isPartOf\":{\"@id\":\"https:\/\/movenpicktallinn.ee\/#website\"},\"datePublished\":\"2024-07-10T15:11:59+00:00\",\"dateModified\":\"2025-06-25T10:13:30+00:00\",\"description\":\"M\u00f6venpick on hotell Tallinna kesklinnas, kuhu saab broneerida majutust \u00fcheks v\u00f5i mitmeks \u00f6\u00f6ks. Head hinnad, erinevad toat\u00fc\u00fcbid, restoran ROOF jpm. Broneeri!\",\"breadcrumb\":{\"@id\":\"https:\/\/movenpicktallinn.ee\/et\/hotellitoad\/superior-kaheinimesetuba-twin\/#breadcrumb\"},\"inLanguage\":\"et\",\"potentialAction\":[{\"@type\":\"ReadAction\",\"target\":[\"https:\/\/movenpicktallinn.ee\/et\/hotellitoad\/superior-kaheinimesetuba-twin\/\"]}]},{\"@type\":\"BreadcrumbList\",\"@id\":\"https:\/\/movenpicktallinn.ee\/et\/hotellitoad\/superior-kaheinimesetuba-twin\/#breadcrumb\",\"itemListElement\":[{\"@type\":\"ListItem\",\"position\":1,\"name\":\"Home\",\"item\":\"https:\/\/movenpicktallinn.ee\/et\/\"},{\"@type\":\"ListItem\",\"position\":2,\"name\":\"Hotellitoad\",\"item\":\"https:\/\/movenpicktallinn.ee\/et\/hotellitoad\/\"},{\"@type\":\"ListItem\",\"position\":3,\"name\":\"Superior kaheinimesetuba twin\"}]},{\"@type\":\"WebSite\",\"@id\":\"https:\/\/movenpicktallinn.ee\/#website\",\"url\":\"https:\/\/movenpicktallinn.ee\/\",\"name\":\"M\u00f6venpick Hotel Tallinn\",\"description\":\"\",\"potentialAction\":[{\"@type\":\"SearchAction\",\"target\":{\"@type\":\"EntryPoint\",\"urlTemplate\":\"https:\/\/movenpicktallinn.ee\/?s={search_term_string}\"},\"query-input\":{\"@type\":\"PropertyValueSpecification\",\"valueRequired\":true,\"valueName\":\"search_term_string\"}}],\"inLanguage\":\"et\"}]}<\/script>\n<!-- \/ Yoast SEO plugin. -->","yoast_head_json":{"title":"Hotell Tallinnas | Kahe voodiga tuba | M\u00f6venpick","description":"M\u00f6venpick on hotell Tallinna kesklinnas, kuhu saab broneerida majutust \u00fcheks v\u00f5i mitmeks \u00f6\u00f6ks. Head hinnad, erinevad toat\u00fc\u00fcbid, restoran ROOF jpm. Broneeri!","robots":{"index":"index","follow":"follow","max-snippet":"max-snippet:-1","max-image-preview":"max-image-preview:large","max-video-preview":"max-video-preview:-1"},"canonical":"https:\/\/movenpicktallinn.ee\/et\/hotellitoad\/superior-kaheinimesetuba-twin\/","og_locale":"et_EE","og_type":"article","og_title":"Hotell Tallinnas | Kahe voodiga tuba | M\u00f6venpick","og_description":"M\u00f6venpick on hotell Tallinna kesklinnas, kuhu saab broneerida majutust \u00fcheks v\u00f5i mitmeks \u00f6\u00f6ks. Head hinnad, erinevad toat\u00fc\u00fcbid, restoran ROOF jpm. Broneeri!","og_url":"https:\/\/movenpicktallinn.ee\/et\/hotellitoad\/superior-kaheinimesetuba-twin\/","og_site_name":"M\u00f6venpick Hotel Tallinn","article_modified_time":"2025-06-25T10:13:30+00:00","og_image":[{"width":2560,"height":1707,"url":"https:\/\/movenpicktallinn.ee\/wp-content\/uploads\/sites\/117\/2025\/06\/Movenpick-Hotel-Tallinn-31-scaled.jpg","type":"image\/jpeg"}],"twitter_card":"summary_large_image","twitter_misc":{"Est. reading time":"1 minut"},"schema":{"@context":"https:\/\/schema.org","@graph":[{"@type":"WebPage","@id":"https:\/\/movenpicktallinn.ee\/et\/hotellitoad\/superior-kaheinimesetuba-twin\/","url":"https:\/\/movenpicktallinn.ee\/et\/hotellitoad\/superior-kaheinimesetuba-twin\/","name":"Hotell Tallinnas | Kahe voodiga tuba | M\u00f6venpick","isPartOf":{"@id":"https:\/\/movenpicktallinn.ee\/#website"},"datePublished":"2024-07-10T15:11:59+00:00","dateModified":"2025-06-25T10:13:30+00:00","description":"M\u00f6venpick on hotell Tallinna kesklinnas, kuhu saab broneerida majutust \u00fcheks v\u00f5i mitmeks \u00f6\u00f6ks. Head hinnad, erinevad toat\u00fc\u00fcbid, restoran ROOF jpm. Broneeri!","breadcrumb":{"@id":"https:\/\/movenpicktallinn.ee\/et\/hotellitoad\/superior-kaheinimesetuba-twin\/#breadcrumb"},"inLanguage":"et","potentialAction":[{"@type":"ReadAction","target":["https:\/\/movenpicktallinn.ee\/et\/hotellitoad\/superior-kaheinimesetuba-twin\/"]}]},{"@type":"BreadcrumbList","@id":"https:\/\/movenpicktallinn.ee\/et\/hotellitoad\/superior-kaheinimesetuba-twin\/#breadcrumb","itemListElement":[{"@type":"ListItem","position":1,"name":"Home","item":"https:\/\/movenpicktallinn.ee\/et\/"},{"@type":"ListItem","position":2,"name":"Hotellitoad","item":"https:\/\/movenpicktallinn.ee\/et\/hotellitoad\/"},{"@type":"ListItem","position":3,"name":"Superior kaheinimesetuba twin"}]},{"@type":"WebSite","@id":"https:\/\/movenpicktallinn.ee\/#website","url":"https:\/\/movenpicktallinn.ee\/","name":"M\u00f6venpick Hotel Tallinn","description":"","potentialAction":[{"@type":"SearchAction","target":{"@type":"EntryPoint","urlTemplate":"https:\/\/movenpicktallinn.ee\/?s={search_term_string}"},"query-input":{"@type":"PropertyValueSpecification","valueRequired":true,"valueName":"search_term_string"}}],"inLanguage":"et"}]}},"_links":{"self":[{"href":"https:\/\/movenpicktallinn.ee\/et\/wp-json\/wp\/v2\/pages\/58","targetHints":{"allow":["GET"]}}],"collection":[{"href":"https:\/\/movenpicktallinn.ee\/et\/wp-json\/wp\/v2\/pages"}],"about":[{"href":"https:\/\/movenpicktallinn.ee\/et\/wp-json\/wp\/v2\/types\/page"}],"author":[{"embeddable":true,"href":"https:\/\/movenpicktallinn.ee\/et\/wp-json\/wp\/v2\/users\/5"}],"replies":[{"embeddable":true,"href":"https:\/\/movenpicktallinn.ee\/et\/wp-json\/wp\/v2\/comments?post=58"}],"version-history":[{"count":0,"href":"https:\/\/movenpicktallinn.ee\/et\/wp-json\/wp\/v2\/pages\/58\/revisions"}],"up":[{"embeddable":true,"href":"https:\/\/movenpicktallinn.ee\/et\/wp-json\/wp\/v2\/pages\/32"}],"wp:attachment":[{"href":"https:\/\/movenpicktallinn.ee\/et\/wp-json\/wp\/v2\/media?parent=58"}],"wp:term":[{"taxonomy":"category","embeddable":true,"href":"https:\/\/movenpicktallinn.ee\/et\/wp-json\/wp\/v2\/categories?post=58"}],"curies":[{"name":"wp","href":"https:\/\/api.w.org\/{rel}","templated":true}]}}