{"id":709,"date":"2025-10-14T10:53:03","date_gmt":"2025-10-14T10:53:03","guid":{"rendered":"https:\/\/movenpicktallinn.ee\/?page_id=709"},"modified":"2026-01-30T09:08:05","modified_gmt":"2026-01-30T09:08:05","slug":"jatkusuutlikkus","status":"publish","type":"page","link":"https:\/\/movenpicktallinn.ee\/et\/jatkusuutlikkus\/","title":{"rendered":"J\u00e4tkusuutlikkus"},"content":{"rendered":"<p><strong>Meie lubadus \u2013 k\u00fclalislahkus s\u00fcdame ja vastutusega<\/strong><\/p>\n<p>M\u00f6venpick Hotel Tallinnas usume, et t\u00f5eline k\u00fclalislahkus on enamat kui mugavus ja teenindus \u2013 see on hoolimine meid \u00fcmbritsevast maailmast.<\/p>\n<p>Oleme p\u00fchendunud oma keskkonnam\u00f5ju v\u00e4hendamisele,\u00a0rakendades vees\u00e4\u00e4stu meetmeid, v\u00e4hendades j\u00e4\u00e4tmeid ja tehes vastutustundlikke oste. Koos oma k\u00fclalistega p\u00fc\u00fcdleme s\u00fcsinikuneutraalsuse poole aastaks 2050.<\/p>\n<p>&nbsp;<\/p>\n<p>Meie meeskond on p\u00fchendunud turvalise, kaasava ja inspireeriva t\u00f6\u00f6keskkonna loomisele, mis p\u00f5hineb \u00f5iglusel ja v\u00f5rdsusel. Oleme p\u00fchendunud kohalike kogukondade toetamisele ning teeme koost\u00f6\u00f6d partneritega, kes jagavad meie v\u00e4\u00e4rtusi. Meil on uhkus pakkuda elamusi, mis r\u00f5\u00f5mustavad, austades samal ajal loodust ja t\u00e4histades Eesti kultuuri.<\/p>\n<p>&nbsp;<\/p>\n<p>Alates \u00fcleskutsest kasutada r\u00e4tikuid korduvalt, kuni kohaliku toidup\u00e4randi inspireeritud men\u00fc\u00fcdeni ja kogukonnap\u00f5histe elamuste soovitamiseni \u2013 me teeme sinu jaoks lihtsaks meiega sellel teekonnal kaasa tulla.<\/p>\n<p>Iga viibimine M\u00f6venpick Hotel Tallinnas on samm j\u00e4tkusuutlikuma tuleviku poole \u2013 ilma et peaksime loobuma soojusest, mugavusest ja hoolivusest, mida v\u00e4\u00e4rid.<\/p>\n<p>&nbsp;<\/p>\n<p>Hotelli j\u00e4tkusuutlikkuse plaan on leitav\u00a0<a href=\"http:\/\/chrome-extension:\/\/efaidnbmnnnibpcajpcglclefindmkaj\/https:\/\/movenpicktallinn.ee\/wp-content\/uploads\/sites\/117\/2025\/10\/Movenpick-Hotel-Tallinn-Sustainabili-ty-Management-Plan_Final-26.09.25.pdf\"><strong>siit.<\/strong><\/a><\/p>\n","protected":false},"excerpt":{"rendered":"<p>Meie lubadus \u2013 k\u00fclalislahkus s\u00fcdame ja vastutusega M\u00f6venpick Hotel Tallinnas usume, et t\u00f5eline k\u00fclalislahkus on enamat kui mugavus ja teenindus \u2013 see on hoolimine meid \u00fcmbritsevast maailmast. Oleme p\u00fchendunud oma keskkonnam\u00f5ju v\u00e4hendamisele,\u00a0rakendades vees\u00e4\u00e4stu meetmeid, v\u00e4hendades j\u00e4\u00e4tmeid ja tehes vastutustundlikke oste. Koos oma k\u00fclalistega p\u00fc\u00fcdleme s\u00fcsinikuneutraalsuse poole aastaks 2050. &nbsp; Meie meeskond on p\u00fchendunud turvalise, kaasava [&hellip;]<\/p>\n","protected":false},"author":343,"featured_media":700,"parent":0,"menu_order":104,"comment_status":"closed","ping_status":"closed","template":"","meta":{"footnotes":""},"categories":[],"class_list":["post-709","page","type-page","status-publish","has-post-thumbnail","hentry"],"acf":[],"yoast_head":"<!-- This site is optimized with the Yoast SEO plugin v26.9 - https:\/\/yoast.com\/product\/yoast-seo-wordpress\/ -->\n<title>J\u00e4tkusuutlikkus &#8212; M\u00f6venpick Hotel Tallinn &#8212;<\/title>\n<meta name=\"description\" content=\"Meie lubadus \u2013 k\u00fclalislahkus s\u00fcdame ja vastutusega  M\u00f6venpick Hotel Tallinnas usume, et t\u00f5eline k\u00fclalislahkus on enamat kui mugavus ja teenindus \u2013 see on hoolimine meid \u00fcmbritsevast maailmast.  Oleme p\u00fchendunud oma keskkonnam\u00f5ju v\u00e4hendamisele,\u00a0rakendades vees\u00e4\u00e4stu meetmeid, v\u00e4hendades j\u00e4\u00e4tmeid ja tehes vastutustundlikke oste. Koos oma k\u00fclalistega p\u00fc\u00fcdleme s\u00fcsinikuneutraalsuse poole aastaks 2050.  &nbsp;  Meie meeskond on p\u00fchendunud turvalise, kaasava ja inspireeriva t\u00f6\u00f6keskkonna loomisele, mis p\u00f5hineb \u00f5iglusel ja v\u00f5rdsusel\" \/>\n<meta name=\"robots\" content=\"index, follow, max-snippet:-1, max-image-preview:large, max-video-preview:-1\" \/>\n<link rel=\"canonical\" href=\"https:\/\/movenpicktallinn.ee\/et\/jatkusuutlikkus\/\" \/>\n<meta property=\"og:locale\" content=\"et_EE\" \/>\n<meta property=\"og:type\" content=\"article\" \/>\n<meta property=\"og:title\" content=\"J\u00e4tkusuutlikkus &#8212; M\u00f6venpick Hotel Tallinn &#8212;\" \/>\n<meta property=\"og:description\" content=\"Meie lubadus \u2013 k\u00fclalislahkus s\u00fcdame ja vastutusega  M\u00f6venpick Hotel Tallinnas usume, et t\u00f5eline k\u00fclalislahkus on enamat kui mugavus ja teenindus \u2013 see on hoolimine meid \u00fcmbritsevast maailmast.  Oleme p\u00fchendunud oma keskkonnam\u00f5ju v\u00e4hendamisele,\u00a0rakendades vees\u00e4\u00e4stu meetmeid, v\u00e4hendades j\u00e4\u00e4tmeid ja tehes vastutustundlikke oste. Koos oma k\u00fclalistega p\u00fc\u00fcdleme s\u00fcsinikuneutraalsuse poole aastaks 2050.  &nbsp;  Meie meeskond on p\u00fchendunud turvalise, kaasava ja inspireeriva t\u00f6\u00f6keskkonna loomisele, mis p\u00f5hineb \u00f5iglusel ja v\u00f5rdsusel\" \/>\n<meta property=\"og:url\" content=\"https:\/\/movenpicktallinn.ee\/et\/jatkusuutlikkus\/\" \/>\n<meta property=\"og:site_name\" content=\"M\u00f6venpick Hotel Tallinn\" \/>\n<meta property=\"article:modified_time\" content=\"2026-01-30T09:08:05+00:00\" \/>\n<meta property=\"og:image\" content=\"https:\/\/movenpicktallinn.ee\/wp-content\/uploads\/sites\/117\/2025\/10\/o6zJ8eOZ2CCly8CSAWhPtlr1DE32SX7Jb7wvaz5w.jpg\" \/>\n\t<meta property=\"og:image:width\" content=\"2560\" \/>\n\t<meta property=\"og:image:height\" content=\"1703\" \/>\n\t<meta property=\"og:image:type\" content=\"image\/jpeg\" \/>\n<meta name=\"twitter:card\" content=\"summary_large_image\" \/>\n<meta name=\"twitter:label1\" content=\"Est. reading time\" \/>\n\t<meta name=\"twitter:data1\" content=\"1 minut\" \/>\n<script type=\"application\/ld+json\" class=\"yoast-schema-graph\">{\"@context\":\"https:\/\/schema.org\",\"@graph\":[{\"@type\":\"WebPage\",\"@id\":\"https:\/\/movenpicktallinn.ee\/et\/jatkusuutlikkus\/\",\"url\":\"https:\/\/movenpicktallinn.ee\/et\/jatkusuutlikkus\/\",\"name\":\"J\u00e4tkusuutlikkus &#8212; M\u00f6venpick Hotel Tallinn &#8212;\",\"isPartOf\":{\"@id\":\"https:\/\/movenpicktallinn.ee\/#website\"},\"primaryImageOfPage\":{\"@id\":\"https:\/\/movenpicktallinn.ee\/et\/jatkusuutlikkus\/#primaryimage\"},\"image\":{\"@id\":\"https:\/\/movenpicktallinn.ee\/et\/jatkusuutlikkus\/#primaryimage\"},\"thumbnailUrl\":\"https:\/\/movenpicktallinn.ee\/wp-content\/uploads\/sites\/117\/2025\/10\/o6zJ8eOZ2CCly8CSAWhPtlr1DE32SX7Jb7wvaz5w.jpg\",\"datePublished\":\"2025-10-14T10:53:03+00:00\",\"dateModified\":\"2026-01-30T09:08:05+00:00\",\"description\":\"Meie lubadus \u2013 k\u00fclalislahkus s\u00fcdame ja vastutusega M\u00f6venpick Hotel Tallinnas usume, et t\u00f5eline k\u00fclalislahkus on enamat kui mugavus ja teenindus \u2013 see on hoolimine meid \u00fcmbritsevast maailmast. Oleme p\u00fchendunud oma keskkonnam\u00f5ju v\u00e4hendamisele,\u00a0rakendades vees\u00e4\u00e4stu meetmeid, v\u00e4hendades j\u00e4\u00e4tmeid ja tehes vastutustundlikke oste. Koos oma k\u00fclalistega p\u00fc\u00fcdleme s\u00fcsinikuneutraalsuse poole aastaks 2050. &nbsp; Meie meeskond on p\u00fchendunud turvalise, kaasava ja inspireeriva t\u00f6\u00f6keskkonna loomisele, mis p\u00f5hineb \u00f5iglusel ja v\u00f5rdsusel\",\"breadcrumb\":{\"@id\":\"https:\/\/movenpicktallinn.ee\/et\/jatkusuutlikkus\/#breadcrumb\"},\"inLanguage\":\"et\",\"potentialAction\":[{\"@type\":\"ReadAction\",\"target\":[\"https:\/\/movenpicktallinn.ee\/et\/jatkusuutlikkus\/\"]}]},{\"@type\":\"ImageObject\",\"inLanguage\":\"et\",\"@id\":\"https:\/\/movenpicktallinn.ee\/et\/jatkusuutlikkus\/#primaryimage\",\"url\":\"https:\/\/movenpicktallinn.ee\/wp-content\/uploads\/sites\/117\/2025\/10\/o6zJ8eOZ2CCly8CSAWhPtlr1DE32SX7Jb7wvaz5w.jpg\",\"contentUrl\":\"https:\/\/movenpicktallinn.ee\/wp-content\/uploads\/sites\/117\/2025\/10\/o6zJ8eOZ2CCly8CSAWhPtlr1DE32SX7Jb7wvaz5w.jpg\",\"width\":2560,\"height\":1703,\"caption\":\"K MAZMANJAN\"},{\"@type\":\"BreadcrumbList\",\"@id\":\"https:\/\/movenpicktallinn.ee\/et\/jatkusuutlikkus\/#breadcrumb\",\"itemListElement\":[{\"@type\":\"ListItem\",\"position\":1,\"name\":\"Home\",\"item\":\"https:\/\/movenpicktallinn.ee\/et\/\"},{\"@type\":\"ListItem\",\"position\":2,\"name\":\"J\u00e4tkusuutlikkus\"}]},{\"@type\":\"WebSite\",\"@id\":\"https:\/\/movenpicktallinn.ee\/#website\",\"url\":\"https:\/\/movenpicktallinn.ee\/\",\"name\":\"M\u00f6venpick Hotel Tallinn\",\"description\":\"\",\"potentialAction\":[{\"@type\":\"SearchAction\",\"target\":{\"@type\":\"EntryPoint\",\"urlTemplate\":\"https:\/\/movenpicktallinn.ee\/?s={search_term_string}\"},\"query-input\":{\"@type\":\"PropertyValueSpecification\",\"valueRequired\":true,\"valueName\":\"search_term_string\"}}],\"inLanguage\":\"et\"}]}<\/script>\n<!-- \/ Yoast SEO plugin. -->","yoast_head_json":{"title":"J\u00e4tkusuutlikkus &#8212; M\u00f6venpick Hotel Tallinn &#8212;","description":"Meie lubadus \u2013 k\u00fclalislahkus s\u00fcdame ja vastutusega  M\u00f6venpick Hotel Tallinnas usume, et t\u00f5eline k\u00fclalislahkus on enamat kui mugavus ja teenindus \u2013 see on hoolimine meid \u00fcmbritsevast maailmast.  Oleme p\u00fchendunud oma keskkonnam\u00f5ju v\u00e4hendamisele,\u00a0rakendades vees\u00e4\u00e4stu meetmeid, v\u00e4hendades j\u00e4\u00e4tmeid ja tehes vastutustundlikke oste. Koos oma k\u00fclalistega p\u00fc\u00fcdleme s\u00fcsinikuneutraalsuse poole aastaks 2050.  &nbsp;  Meie meeskond on p\u00fchendunud turvalise, kaasava ja inspireeriva t\u00f6\u00f6keskkonna loomisele, mis p\u00f5hineb \u00f5iglusel ja v\u00f5rdsusel","robots":{"index":"index","follow":"follow","max-snippet":"max-snippet:-1","max-image-preview":"max-image-preview:large","max-video-preview":"max-video-preview:-1"},"canonical":"https:\/\/movenpicktallinn.ee\/et\/jatkusuutlikkus\/","og_locale":"et_EE","og_type":"article","og_title":"J\u00e4tkusuutlikkus &#8212; M\u00f6venpick Hotel Tallinn &#8212;","og_description":"Meie lubadus \u2013 k\u00fclalislahkus s\u00fcdame ja vastutusega  M\u00f6venpick Hotel Tallinnas usume, et t\u00f5eline k\u00fclalislahkus on enamat kui mugavus ja teenindus \u2013 see on hoolimine meid \u00fcmbritsevast maailmast.  Oleme p\u00fchendunud oma keskkonnam\u00f5ju v\u00e4hendamisele,\u00a0rakendades vees\u00e4\u00e4stu meetmeid, v\u00e4hendades j\u00e4\u00e4tmeid ja tehes vastutustundlikke oste. Koos oma k\u00fclalistega p\u00fc\u00fcdleme s\u00fcsinikuneutraalsuse poole aastaks 2050.  &nbsp;  Meie meeskond on p\u00fchendunud turvalise, kaasava ja inspireeriva t\u00f6\u00f6keskkonna loomisele, mis p\u00f5hineb \u00f5iglusel ja v\u00f5rdsusel","og_url":"https:\/\/movenpicktallinn.ee\/et\/jatkusuutlikkus\/","og_site_name":"M\u00f6venpick Hotel Tallinn","article_modified_time":"2026-01-30T09:08:05+00:00","og_image":[{"width":2560,"height":1703,"url":"https:\/\/movenpicktallinn.ee\/wp-content\/uploads\/sites\/117\/2025\/10\/o6zJ8eOZ2CCly8CSAWhPtlr1DE32SX7Jb7wvaz5w.jpg","type":"image\/jpeg"}],"twitter_card":"summary_large_image","twitter_misc":{"Est. reading time":"1 minut"},"schema":{"@context":"https:\/\/schema.org","@graph":[{"@type":"WebPage","@id":"https:\/\/movenpicktallinn.ee\/et\/jatkusuutlikkus\/","url":"https:\/\/movenpicktallinn.ee\/et\/jatkusuutlikkus\/","name":"J\u00e4tkusuutlikkus &#8212; M\u00f6venpick Hotel Tallinn &#8212;","isPartOf":{"@id":"https:\/\/movenpicktallinn.ee\/#website"},"primaryImageOfPage":{"@id":"https:\/\/movenpicktallinn.ee\/et\/jatkusuutlikkus\/#primaryimage"},"image":{"@id":"https:\/\/movenpicktallinn.ee\/et\/jatkusuutlikkus\/#primaryimage"},"thumbnailUrl":"https:\/\/movenpicktallinn.ee\/wp-content\/uploads\/sites\/117\/2025\/10\/o6zJ8eOZ2CCly8CSAWhPtlr1DE32SX7Jb7wvaz5w.jpg","datePublished":"2025-10-14T10:53:03+00:00","dateModified":"2026-01-30T09:08:05+00:00","description":"Meie lubadus \u2013 k\u00fclalislahkus s\u00fcdame ja vastutusega M\u00f6venpick Hotel Tallinnas usume, et t\u00f5eline k\u00fclalislahkus on enamat kui mugavus ja teenindus \u2013 see on hoolimine meid \u00fcmbritsevast maailmast. Oleme p\u00fchendunud oma keskkonnam\u00f5ju v\u00e4hendamisele,\u00a0rakendades vees\u00e4\u00e4stu meetmeid, v\u00e4hendades j\u00e4\u00e4tmeid ja tehes vastutustundlikke oste. Koos oma k\u00fclalistega p\u00fc\u00fcdleme s\u00fcsinikuneutraalsuse poole aastaks 2050. &nbsp; Meie meeskond on p\u00fchendunud turvalise, kaasava ja inspireeriva t\u00f6\u00f6keskkonna loomisele, mis p\u00f5hineb \u00f5iglusel ja v\u00f5rdsusel","breadcrumb":{"@id":"https:\/\/movenpicktallinn.ee\/et\/jatkusuutlikkus\/#breadcrumb"},"inLanguage":"et","potentialAction":[{"@type":"ReadAction","target":["https:\/\/movenpicktallinn.ee\/et\/jatkusuutlikkus\/"]}]},{"@type":"ImageObject","inLanguage":"et","@id":"https:\/\/movenpicktallinn.ee\/et\/jatkusuutlikkus\/#primaryimage","url":"https:\/\/movenpicktallinn.ee\/wp-content\/uploads\/sites\/117\/2025\/10\/o6zJ8eOZ2CCly8CSAWhPtlr1DE32SX7Jb7wvaz5w.jpg","contentUrl":"https:\/\/movenpicktallinn.ee\/wp-content\/uploads\/sites\/117\/2025\/10\/o6zJ8eOZ2CCly8CSAWhPtlr1DE32SX7Jb7wvaz5w.jpg","width":2560,"height":1703,"caption":"K MAZMANJAN"},{"@type":"BreadcrumbList","@id":"https:\/\/movenpicktallinn.ee\/et\/jatkusuutlikkus\/#breadcrumb","itemListElement":[{"@type":"ListItem","position":1,"name":"Home","item":"https:\/\/movenpicktallinn.ee\/et\/"},{"@type":"ListItem","position":2,"name":"J\u00e4tkusuutlikkus"}]},{"@type":"WebSite","@id":"https:\/\/movenpicktallinn.ee\/#website","url":"https:\/\/movenpicktallinn.ee\/","name":"M\u00f6venpick Hotel Tallinn","description":"","potentialAction":[{"@type":"SearchAction","target":{"@type":"EntryPoint","urlTemplate":"https:\/\/movenpicktallinn.ee\/?s={search_term_string}"},"query-input":{"@type":"PropertyValueSpecification","valueRequired":true,"valueName":"search_term_string"}}],"inLanguage":"et"}]}},"_links":{"self":[{"href":"https:\/\/movenpicktallinn.ee\/et\/wp-json\/wp\/v2\/pages\/709","targetHints":{"allow":["GET"]}}],"collection":[{"href":"https:\/\/movenpicktallinn.ee\/et\/wp-json\/wp\/v2\/pages"}],"about":[{"href":"https:\/\/movenpicktallinn.ee\/et\/wp-json\/wp\/v2\/types\/page"}],"author":[{"embeddable":true,"href":"https:\/\/movenpicktallinn.ee\/et\/wp-json\/wp\/v2\/users\/343"}],"replies":[{"embeddable":true,"href":"https:\/\/movenpicktallinn.ee\/et\/wp-json\/wp\/v2\/comments?post=709"}],"version-history":[{"count":0,"href":"https:\/\/movenpicktallinn.ee\/et\/wp-json\/wp\/v2\/pages\/709\/revisions"}],"wp:featuredmedia":[{"embeddable":true,"href":"https:\/\/movenpicktallinn.ee\/et\/wp-json\/wp\/v2\/media\/700"}],"wp:attachment":[{"href":"https:\/\/movenpicktallinn.ee\/et\/wp-json\/wp\/v2\/media?parent=709"}],"wp:term":[{"taxonomy":"category","embeddable":true,"href":"https:\/\/movenpicktallinn.ee\/et\/wp-json\/wp\/v2\/categories?post=709"}],"curies":[{"name":"wp","href":"https:\/\/api.w.org\/{rel}","templated":true}]}}