{"id":737,"date":"2025-10-29T08:22:36","date_gmt":"2025-10-29T08:22:36","guid":{"rendered":"https:\/\/movenpicktallinn.ee\/?page_id=737"},"modified":"2025-11-05T13:33:01","modified_gmt":"2025-11-05T13:33:01","slug":"superior-sviit-roduga","status":"publish","type":"page","link":"https:\/\/movenpicktallinn.ee\/et\/hotellitoad\/superior-sviit-roduga\/","title":{"rendered":"Superior Sviit r\u00f5duga"},"content":{"rendered":"<p data-start=\"873\" data-end=\"963\">Superior Sviit toas tuleb ideaalne uni, sest t\u00e4nu laiale voodile hajuvad siin argimured hetkega ning \u00f5rn valgus paitab igat detaili. L\u00f5\u00f5gastuda saad vannitoas, kus sind ootab m\u00f5nus du\u0161ielamus v\u00f5i s\u00fcgav vann. P\u00e4rast meeldivat rituaali m\u00e4ssi end pehmesse hommikumantlisse, libista jalga sussid ja naudi tassike M\u00f6venpicki kohvi. Isegi kui tunned end hetkeks maailmast eraldatuna, hoiab sind k\u00f5ige olulisega kursis tasuta kiire WiFi. Superior Sviit ei ole lihtsalt tuba &#8211; see on sinu isiklik pelgupaik, kus iga hetk on t\u00e4iuslikult harmooniline. T\u00f5eliselt sviit!<\/p>\n","protected":false},"excerpt":{"rendered":"<p>Superior Sviit toas tuleb ideaalne uni, sest t\u00e4nu laiale voodile hajuvad siin argimured hetkega ning \u00f5rn valgus paitab igat detaili. L\u00f5\u00f5gastuda saad vannitoas, kus sind ootab m\u00f5nus du\u0161ielamus v\u00f5i s\u00fcgav vann. P\u00e4rast meeldivat rituaali m\u00e4ssi end pehmesse hommikumantlisse, libista jalga sussid ja naudi tassike M\u00f6venpicki kohvi. Isegi kui tunned end hetkeks maailmast eraldatuna, hoiab sind [&hellip;]<\/p>\n","protected":false},"author":293,"featured_media":723,"parent":32,"menu_order":7,"comment_status":"closed","ping_status":"closed","template":"template-room.php","meta":{"footnotes":""},"categories":[12],"class_list":["post-737","page","type-page","status-publish","has-post-thumbnail","hentry","category-sviidid"],"acf":[],"yoast_head":"<!-- This site is optimized with the Yoast SEO plugin v26.9 - https:\/\/yoast.com\/product\/yoast-seo-wordpress\/ -->\n<title>Hotell Tallinnas | Superior Sviit r\u00f5duga | M\u00f6venpick<\/title>\n<meta name=\"description\" content=\"Parim uni ja ideaalseim puhkus ootab sind just siin. M\u00f6venpick Hotel Tallinnas saad osa tippkvaliteediga unest ja naudingutest.\" \/>\n<meta name=\"robots\" content=\"index, follow, max-snippet:-1, max-image-preview:large, max-video-preview:-1\" \/>\n<link rel=\"canonical\" href=\"https:\/\/movenpicktallinn.ee\/et\/hotellitoad\/superior-sviit-roduga\/\" \/>\n<meta property=\"og:locale\" content=\"et_EE\" \/>\n<meta property=\"og:type\" content=\"article\" \/>\n<meta property=\"og:title\" content=\"Hotell Tallinnas | Superior Sviit r\u00f5duga | M\u00f6venpick\" \/>\n<meta property=\"og:description\" content=\"Parim uni ja ideaalseim puhkus ootab sind just siin. M\u00f6venpick Hotel Tallinnas saad osa tippkvaliteediga unest ja naudingutest.\" \/>\n<meta property=\"og:url\" content=\"https:\/\/movenpicktallinn.ee\/et\/hotellitoad\/superior-sviit-roduga\/\" \/>\n<meta property=\"og:site_name\" content=\"M\u00f6venpick Hotel Tallinn\" \/>\n<meta property=\"article:modified_time\" content=\"2025-11-05T13:33:01+00:00\" \/>\n<meta property=\"og:image\" content=\"https:\/\/movenpicktallinn.ee\/wp-content\/uploads\/sites\/117\/2025\/10\/4L6A4550.jpg\" \/>\n\t<meta property=\"og:image:width\" content=\"2560\" \/>\n\t<meta property=\"og:image:height\" content=\"1707\" \/>\n\t<meta property=\"og:image:type\" content=\"image\/jpeg\" \/>\n<meta name=\"twitter:card\" content=\"summary_large_image\" \/>\n<meta name=\"twitter:label1\" content=\"Est. reading time\" \/>\n\t<meta name=\"twitter:data1\" content=\"1 minut\" \/>\n<script type=\"application\/ld+json\" class=\"yoast-schema-graph\">{\"@context\":\"https:\/\/schema.org\",\"@graph\":[{\"@type\":\"WebPage\",\"@id\":\"https:\/\/movenpicktallinn.ee\/et\/hotellitoad\/superior-sviit-roduga\/\",\"url\":\"https:\/\/movenpicktallinn.ee\/et\/hotellitoad\/superior-sviit-roduga\/\",\"name\":\"Hotell Tallinnas | Superior Sviit r\u00f5duga | M\u00f6venpick\",\"isPartOf\":{\"@id\":\"https:\/\/movenpicktallinn.ee\/#website\"},\"primaryImageOfPage\":{\"@id\":\"https:\/\/movenpicktallinn.ee\/et\/hotellitoad\/superior-sviit-roduga\/#primaryimage\"},\"image\":{\"@id\":\"https:\/\/movenpicktallinn.ee\/et\/hotellitoad\/superior-sviit-roduga\/#primaryimage\"},\"thumbnailUrl\":\"https:\/\/movenpicktallinn.ee\/wp-content\/uploads\/sites\/117\/2025\/10\/4L6A4550.jpg\",\"datePublished\":\"2025-10-29T08:22:36+00:00\",\"dateModified\":\"2025-11-05T13:33:01+00:00\",\"description\":\"Parim uni ja ideaalseim puhkus ootab sind just siin. M\u00f6venpick Hotel Tallinnas saad osa tippkvaliteediga unest ja naudingutest.\",\"breadcrumb\":{\"@id\":\"https:\/\/movenpicktallinn.ee\/et\/hotellitoad\/superior-sviit-roduga\/#breadcrumb\"},\"inLanguage\":\"et\",\"potentialAction\":[{\"@type\":\"ReadAction\",\"target\":[\"https:\/\/movenpicktallinn.ee\/et\/hotellitoad\/superior-sviit-roduga\/\"]}]},{\"@type\":\"ImageObject\",\"inLanguage\":\"et\",\"@id\":\"https:\/\/movenpicktallinn.ee\/et\/hotellitoad\/superior-sviit-roduga\/#primaryimage\",\"url\":\"https:\/\/movenpicktallinn.ee\/wp-content\/uploads\/sites\/117\/2025\/10\/4L6A4550.jpg\",\"contentUrl\":\"https:\/\/movenpicktallinn.ee\/wp-content\/uploads\/sites\/117\/2025\/10\/4L6A4550.jpg\",\"width\":2560,\"height\":1707},{\"@type\":\"BreadcrumbList\",\"@id\":\"https:\/\/movenpicktallinn.ee\/et\/hotellitoad\/superior-sviit-roduga\/#breadcrumb\",\"itemListElement\":[{\"@type\":\"ListItem\",\"position\":1,\"name\":\"Home\",\"item\":\"https:\/\/movenpicktallinn.ee\/et\/\"},{\"@type\":\"ListItem\",\"position\":2,\"name\":\"Hotellitoad\",\"item\":\"https:\/\/movenpicktallinn.ee\/et\/hotellitoad\/\"},{\"@type\":\"ListItem\",\"position\":3,\"name\":\"Superior Sviit r\u00f5duga\"}]},{\"@type\":\"WebSite\",\"@id\":\"https:\/\/movenpicktallinn.ee\/#website\",\"url\":\"https:\/\/movenpicktallinn.ee\/\",\"name\":\"M\u00f6venpick Hotel Tallinn\",\"description\":\"\",\"potentialAction\":[{\"@type\":\"SearchAction\",\"target\":{\"@type\":\"EntryPoint\",\"urlTemplate\":\"https:\/\/movenpicktallinn.ee\/?s={search_term_string}\"},\"query-input\":{\"@type\":\"PropertyValueSpecification\",\"valueRequired\":true,\"valueName\":\"search_term_string\"}}],\"inLanguage\":\"et\"}]}<\/script>\n<!-- \/ Yoast SEO plugin. -->","yoast_head_json":{"title":"Hotell Tallinnas | Superior Sviit r\u00f5duga | M\u00f6venpick","description":"Parim uni ja ideaalseim puhkus ootab sind just siin. M\u00f6venpick Hotel Tallinnas saad osa tippkvaliteediga unest ja naudingutest.","robots":{"index":"index","follow":"follow","max-snippet":"max-snippet:-1","max-image-preview":"max-image-preview:large","max-video-preview":"max-video-preview:-1"},"canonical":"https:\/\/movenpicktallinn.ee\/et\/hotellitoad\/superior-sviit-roduga\/","og_locale":"et_EE","og_type":"article","og_title":"Hotell Tallinnas | Superior Sviit r\u00f5duga | M\u00f6venpick","og_description":"Parim uni ja ideaalseim puhkus ootab sind just siin. M\u00f6venpick Hotel Tallinnas saad osa tippkvaliteediga unest ja naudingutest.","og_url":"https:\/\/movenpicktallinn.ee\/et\/hotellitoad\/superior-sviit-roduga\/","og_site_name":"M\u00f6venpick Hotel Tallinn","article_modified_time":"2025-11-05T13:33:01+00:00","og_image":[{"width":2560,"height":1707,"url":"https:\/\/movenpicktallinn.ee\/wp-content\/uploads\/sites\/117\/2025\/10\/4L6A4550.jpg","type":"image\/jpeg"}],"twitter_card":"summary_large_image","twitter_misc":{"Est. reading time":"1 minut"},"schema":{"@context":"https:\/\/schema.org","@graph":[{"@type":"WebPage","@id":"https:\/\/movenpicktallinn.ee\/et\/hotellitoad\/superior-sviit-roduga\/","url":"https:\/\/movenpicktallinn.ee\/et\/hotellitoad\/superior-sviit-roduga\/","name":"Hotell Tallinnas | Superior Sviit r\u00f5duga | M\u00f6venpick","isPartOf":{"@id":"https:\/\/movenpicktallinn.ee\/#website"},"primaryImageOfPage":{"@id":"https:\/\/movenpicktallinn.ee\/et\/hotellitoad\/superior-sviit-roduga\/#primaryimage"},"image":{"@id":"https:\/\/movenpicktallinn.ee\/et\/hotellitoad\/superior-sviit-roduga\/#primaryimage"},"thumbnailUrl":"https:\/\/movenpicktallinn.ee\/wp-content\/uploads\/sites\/117\/2025\/10\/4L6A4550.jpg","datePublished":"2025-10-29T08:22:36+00:00","dateModified":"2025-11-05T13:33:01+00:00","description":"Parim uni ja ideaalseim puhkus ootab sind just siin. M\u00f6venpick Hotel Tallinnas saad osa tippkvaliteediga unest ja naudingutest.","breadcrumb":{"@id":"https:\/\/movenpicktallinn.ee\/et\/hotellitoad\/superior-sviit-roduga\/#breadcrumb"},"inLanguage":"et","potentialAction":[{"@type":"ReadAction","target":["https:\/\/movenpicktallinn.ee\/et\/hotellitoad\/superior-sviit-roduga\/"]}]},{"@type":"ImageObject","inLanguage":"et","@id":"https:\/\/movenpicktallinn.ee\/et\/hotellitoad\/superior-sviit-roduga\/#primaryimage","url":"https:\/\/movenpicktallinn.ee\/wp-content\/uploads\/sites\/117\/2025\/10\/4L6A4550.jpg","contentUrl":"https:\/\/movenpicktallinn.ee\/wp-content\/uploads\/sites\/117\/2025\/10\/4L6A4550.jpg","width":2560,"height":1707},{"@type":"BreadcrumbList","@id":"https:\/\/movenpicktallinn.ee\/et\/hotellitoad\/superior-sviit-roduga\/#breadcrumb","itemListElement":[{"@type":"ListItem","position":1,"name":"Home","item":"https:\/\/movenpicktallinn.ee\/et\/"},{"@type":"ListItem","position":2,"name":"Hotellitoad","item":"https:\/\/movenpicktallinn.ee\/et\/hotellitoad\/"},{"@type":"ListItem","position":3,"name":"Superior Sviit r\u00f5duga"}]},{"@type":"WebSite","@id":"https:\/\/movenpicktallinn.ee\/#website","url":"https:\/\/movenpicktallinn.ee\/","name":"M\u00f6venpick Hotel Tallinn","description":"","potentialAction":[{"@type":"SearchAction","target":{"@type":"EntryPoint","urlTemplate":"https:\/\/movenpicktallinn.ee\/?s={search_term_string}"},"query-input":{"@type":"PropertyValueSpecification","valueRequired":true,"valueName":"search_term_string"}}],"inLanguage":"et"}]}},"_links":{"self":[{"href":"https:\/\/movenpicktallinn.ee\/et\/wp-json\/wp\/v2\/pages\/737","targetHints":{"allow":["GET"]}}],"collection":[{"href":"https:\/\/movenpicktallinn.ee\/et\/wp-json\/wp\/v2\/pages"}],"about":[{"href":"https:\/\/movenpicktallinn.ee\/et\/wp-json\/wp\/v2\/types\/page"}],"author":[{"embeddable":true,"href":"https:\/\/movenpicktallinn.ee\/et\/wp-json\/wp\/v2\/users\/293"}],"replies":[{"embeddable":true,"href":"https:\/\/movenpicktallinn.ee\/et\/wp-json\/wp\/v2\/comments?post=737"}],"version-history":[{"count":0,"href":"https:\/\/movenpicktallinn.ee\/et\/wp-json\/wp\/v2\/pages\/737\/revisions"}],"up":[{"embeddable":true,"href":"https:\/\/movenpicktallinn.ee\/et\/wp-json\/wp\/v2\/pages\/32"}],"wp:featuredmedia":[{"embeddable":true,"href":"https:\/\/movenpicktallinn.ee\/et\/wp-json\/wp\/v2\/media\/723"}],"wp:attachment":[{"href":"https:\/\/movenpicktallinn.ee\/et\/wp-json\/wp\/v2\/media?parent=737"}],"wp:term":[{"taxonomy":"category","embeddable":true,"href":"https:\/\/movenpicktallinn.ee\/et\/wp-json\/wp\/v2\/categories?post=737"}],"curies":[{"name":"wp","href":"https:\/\/api.w.org\/{rel}","templated":true}]}}