{"id":858,"date":"2025-11-05T10:27:13","date_gmt":"2025-11-05T10:27:13","guid":{"rendered":"https:\/\/movenpicktallinn.ee\/?page_id=858"},"modified":"2025-11-12T11:38:17","modified_gmt":"2025-11-12T11:38:17","slug":"wine-tapas-lounge","status":"publish","type":"page","link":"https:\/\/movenpicktallinn.ee\/et\/restoranid-baarid\/wine-tapas-lounge\/","title":{"rendered":"Wine &amp; Tapas Lounge"},"content":{"rendered":"<p>T\u00fckike Hispaaniat ootab sind! Wine &amp; Tapas baaris pakume sulle ehedaimat L\u00f5una-Euroopa kogemust \u00fches kuuma karakteri ja suurep\u00e4rase veini valikuga. Ikka M\u00f6venpick Hotel Tallinn esimesel korrusel. Meie lounge&#8217;i keskmeks on automaatne veinidispenser &#8211; proovi erakordseid veine just sulle sobivas koguses, kas pisike lonks degusteerimiseks v\u00f5i klaasit\u00e4is parimat veini. Ideaalne viis leida oma uus lemmik!<\/p>\n<p>Veinidispenserist leitud t\u00e4iusliku veini k\u00f5rvale pakume hoolikalt kureeritud valikut tapaseid ja suupisteid. Lisaks sellele saad meilt tellida sn\u00e4kke ja roogasid restoranist ROOF, et nautida t\u00e4isv\u00e4\u00e4rtuslikku ja meelep\u00e4rast einet meie hubases atmosf\u00e4\u00e4ris. Iga suut\u00e4is on loodud selleks, et t\u00e4iendada meie veinide rikkalikke maitseid.<\/p>\n","protected":false},"excerpt":{"rendered":"<p>T\u00fckike Hispaaniat ootab sind! Wine &amp; Tapas baaris pakume sulle ehedaimat L\u00f5una-Euroopa kogemust \u00fches kuuma karakteri ja suurep\u00e4rase veini valikuga. Ikka M\u00f6venpick Hotel Tallinn esimesel korrusel. Meie lounge&#8217;i keskmeks on automaatne veinidispenser &#8211; proovi erakordseid veine just sulle sobivas koguses, kas pisike lonks degusteerimiseks v\u00f5i klaasit\u00e4is parimat veini. Ideaalne viis leida oma uus lemmik! Veinidispenserist [&hellip;]<\/p>\n","protected":false},"author":293,"featured_media":0,"parent":856,"menu_order":1,"comment_status":"closed","ping_status":"closed","template":"template-restaurant.php","meta":{"footnotes":""},"categories":[],"class_list":["post-858","page","type-page","status-publish","hentry"],"acf":[],"yoast_head":"<!-- This site is optimized with the Yoast SEO plugin v26.9 - https:\/\/yoast.com\/product\/yoast-seo-wordpress\/ -->\n<title>Wine &amp; Tapas | Hispaania maitsed | M\u00f6venpick<\/title>\n<meta name=\"description\" content=\"K\u00fclasta Wine &amp; Tapas baari otse Tallinna kesklinnas M\u00f6venpick Hotel Tallinn hotellis. Sind ootavad parimad hetked koos Hispaania veinide ja suupistetega.\" \/>\n<meta name=\"robots\" content=\"index, follow, max-snippet:-1, max-image-preview:large, max-video-preview:-1\" \/>\n<link rel=\"canonical\" href=\"https:\/\/movenpicktallinn.ee\/et\/restoranid-baarid\/wine-tapas-lounge\/\" \/>\n<meta property=\"og:locale\" content=\"et_EE\" \/>\n<meta property=\"og:type\" content=\"article\" \/>\n<meta property=\"og:title\" content=\"Wine &amp; Tapas | Hispaania maitsed | M\u00f6venpick\" \/>\n<meta property=\"og:description\" content=\"K\u00fclasta Wine &amp; Tapas baari otse Tallinna kesklinnas M\u00f6venpick Hotel Tallinn hotellis. Sind ootavad parimad hetked koos Hispaania veinide ja suupistetega.\" \/>\n<meta property=\"og:url\" content=\"https:\/\/movenpicktallinn.ee\/et\/restoranid-baarid\/wine-tapas-lounge\/\" \/>\n<meta property=\"og:site_name\" content=\"M\u00f6venpick Hotel Tallinn\" \/>\n<meta property=\"article:modified_time\" content=\"2025-11-12T11:38:17+00:00\" \/>\n<meta property=\"og:image\" content=\"https:\/\/movenpicktallinn.ee\/wp-content\/uploads\/sites\/117\/2025\/06\/Movenpick-Hotel-Tallinn-31-scaled.jpg\" \/>\n\t<meta property=\"og:image:width\" content=\"2560\" \/>\n\t<meta property=\"og:image:height\" content=\"1707\" \/>\n\t<meta property=\"og:image:type\" content=\"image\/jpeg\" \/>\n<meta name=\"twitter:card\" content=\"summary_large_image\" \/>\n<meta name=\"twitter:label1\" content=\"Est. reading time\" \/>\n\t<meta name=\"twitter:data1\" content=\"1 minut\" \/>\n<script type=\"application\/ld+json\" class=\"yoast-schema-graph\">{\"@context\":\"https:\/\/schema.org\",\"@graph\":[{\"@type\":\"WebPage\",\"@id\":\"https:\/\/movenpicktallinn.ee\/et\/restoranid-baarid\/wine-tapas-lounge\/\",\"url\":\"https:\/\/movenpicktallinn.ee\/et\/restoranid-baarid\/wine-tapas-lounge\/\",\"name\":\"Wine & Tapas | Hispaania maitsed | M\u00f6venpick\",\"isPartOf\":{\"@id\":\"https:\/\/movenpicktallinn.ee\/#website\"},\"datePublished\":\"2025-11-05T10:27:13+00:00\",\"dateModified\":\"2025-11-12T11:38:17+00:00\",\"description\":\"K\u00fclasta Wine & Tapas baari otse Tallinna kesklinnas M\u00f6venpick Hotel Tallinn hotellis. Sind ootavad parimad hetked koos Hispaania veinide ja suupistetega.\",\"breadcrumb\":{\"@id\":\"https:\/\/movenpicktallinn.ee\/et\/restoranid-baarid\/wine-tapas-lounge\/#breadcrumb\"},\"inLanguage\":\"et\",\"potentialAction\":[{\"@type\":\"ReadAction\",\"target\":[\"https:\/\/movenpicktallinn.ee\/et\/restoranid-baarid\/wine-tapas-lounge\/\"]}]},{\"@type\":\"BreadcrumbList\",\"@id\":\"https:\/\/movenpicktallinn.ee\/et\/restoranid-baarid\/wine-tapas-lounge\/#breadcrumb\",\"itemListElement\":[{\"@type\":\"ListItem\",\"position\":1,\"name\":\"Home\",\"item\":\"https:\/\/movenpicktallinn.ee\/et\/\"},{\"@type\":\"ListItem\",\"position\":2,\"name\":\"Restoranid &amp; Baarid\",\"item\":\"https:\/\/movenpicktallinn.ee\/et\/restoranid-baarid\/\"},{\"@type\":\"ListItem\",\"position\":3,\"name\":\"Wine &amp; Tapas Lounge\"}]},{\"@type\":\"WebSite\",\"@id\":\"https:\/\/movenpicktallinn.ee\/#website\",\"url\":\"https:\/\/movenpicktallinn.ee\/\",\"name\":\"M\u00f6venpick Hotel Tallinn\",\"description\":\"\",\"potentialAction\":[{\"@type\":\"SearchAction\",\"target\":{\"@type\":\"EntryPoint\",\"urlTemplate\":\"https:\/\/movenpicktallinn.ee\/?s={search_term_string}\"},\"query-input\":{\"@type\":\"PropertyValueSpecification\",\"valueRequired\":true,\"valueName\":\"search_term_string\"}}],\"inLanguage\":\"et\"}]}<\/script>\n<!-- \/ Yoast SEO plugin. -->","yoast_head_json":{"title":"Wine & Tapas | Hispaania maitsed | M\u00f6venpick","description":"K\u00fclasta Wine & Tapas baari otse Tallinna kesklinnas M\u00f6venpick Hotel Tallinn hotellis. Sind ootavad parimad hetked koos Hispaania veinide ja suupistetega.","robots":{"index":"index","follow":"follow","max-snippet":"max-snippet:-1","max-image-preview":"max-image-preview:large","max-video-preview":"max-video-preview:-1"},"canonical":"https:\/\/movenpicktallinn.ee\/et\/restoranid-baarid\/wine-tapas-lounge\/","og_locale":"et_EE","og_type":"article","og_title":"Wine & Tapas | Hispaania maitsed | M\u00f6venpick","og_description":"K\u00fclasta Wine & Tapas baari otse Tallinna kesklinnas M\u00f6venpick Hotel Tallinn hotellis. Sind ootavad parimad hetked koos Hispaania veinide ja suupistetega.","og_url":"https:\/\/movenpicktallinn.ee\/et\/restoranid-baarid\/wine-tapas-lounge\/","og_site_name":"M\u00f6venpick Hotel Tallinn","article_modified_time":"2025-11-12T11:38:17+00:00","og_image":[{"width":2560,"height":1707,"url":"https:\/\/movenpicktallinn.ee\/wp-content\/uploads\/sites\/117\/2025\/06\/Movenpick-Hotel-Tallinn-31-scaled.jpg","type":"image\/jpeg"}],"twitter_card":"summary_large_image","twitter_misc":{"Est. reading time":"1 minut"},"schema":{"@context":"https:\/\/schema.org","@graph":[{"@type":"WebPage","@id":"https:\/\/movenpicktallinn.ee\/et\/restoranid-baarid\/wine-tapas-lounge\/","url":"https:\/\/movenpicktallinn.ee\/et\/restoranid-baarid\/wine-tapas-lounge\/","name":"Wine & Tapas | Hispaania maitsed | M\u00f6venpick","isPartOf":{"@id":"https:\/\/movenpicktallinn.ee\/#website"},"datePublished":"2025-11-05T10:27:13+00:00","dateModified":"2025-11-12T11:38:17+00:00","description":"K\u00fclasta Wine & Tapas baari otse Tallinna kesklinnas M\u00f6venpick Hotel Tallinn hotellis. Sind ootavad parimad hetked koos Hispaania veinide ja suupistetega.","breadcrumb":{"@id":"https:\/\/movenpicktallinn.ee\/et\/restoranid-baarid\/wine-tapas-lounge\/#breadcrumb"},"inLanguage":"et","potentialAction":[{"@type":"ReadAction","target":["https:\/\/movenpicktallinn.ee\/et\/restoranid-baarid\/wine-tapas-lounge\/"]}]},{"@type":"BreadcrumbList","@id":"https:\/\/movenpicktallinn.ee\/et\/restoranid-baarid\/wine-tapas-lounge\/#breadcrumb","itemListElement":[{"@type":"ListItem","position":1,"name":"Home","item":"https:\/\/movenpicktallinn.ee\/et\/"},{"@type":"ListItem","position":2,"name":"Restoranid &amp; Baarid","item":"https:\/\/movenpicktallinn.ee\/et\/restoranid-baarid\/"},{"@type":"ListItem","position":3,"name":"Wine &amp; Tapas Lounge"}]},{"@type":"WebSite","@id":"https:\/\/movenpicktallinn.ee\/#website","url":"https:\/\/movenpicktallinn.ee\/","name":"M\u00f6venpick Hotel Tallinn","description":"","potentialAction":[{"@type":"SearchAction","target":{"@type":"EntryPoint","urlTemplate":"https:\/\/movenpicktallinn.ee\/?s={search_term_string}"},"query-input":{"@type":"PropertyValueSpecification","valueRequired":true,"valueName":"search_term_string"}}],"inLanguage":"et"}]}},"_links":{"self":[{"href":"https:\/\/movenpicktallinn.ee\/et\/wp-json\/wp\/v2\/pages\/858","targetHints":{"allow":["GET"]}}],"collection":[{"href":"https:\/\/movenpicktallinn.ee\/et\/wp-json\/wp\/v2\/pages"}],"about":[{"href":"https:\/\/movenpicktallinn.ee\/et\/wp-json\/wp\/v2\/types\/page"}],"author":[{"embeddable":true,"href":"https:\/\/movenpicktallinn.ee\/et\/wp-json\/wp\/v2\/users\/293"}],"replies":[{"embeddable":true,"href":"https:\/\/movenpicktallinn.ee\/et\/wp-json\/wp\/v2\/comments?post=858"}],"version-history":[{"count":0,"href":"https:\/\/movenpicktallinn.ee\/et\/wp-json\/wp\/v2\/pages\/858\/revisions"}],"up":[{"embeddable":true,"href":"https:\/\/movenpicktallinn.ee\/et\/wp-json\/wp\/v2\/pages\/856"}],"wp:attachment":[{"href":"https:\/\/movenpicktallinn.ee\/et\/wp-json\/wp\/v2\/media?parent=858"}],"wp:term":[{"taxonomy":"category","embeddable":true,"href":"https:\/\/movenpicktallinn.ee\/et\/wp-json\/wp\/v2\/categories?post=858"}],"curies":[{"name":"wp","href":"https:\/\/api.w.org\/{rel}","templated":true}]}}