{"id":866,"date":"2025-11-06T09:33:00","date_gmt":"2025-11-06T09:33:00","guid":{"rendered":"https:\/\/movenpicktallinn.ee\/?page_id=866"},"modified":"2026-03-18T14:08:53","modified_gmt":"2026-03-18T14:08:53","slug":"lobby-bar","status":"publish","type":"page","link":"https:\/\/movenpicktallinn.ee\/et\/restoranid-baarid\/lobby-bar\/","title":{"rendered":"Lobby Bar"},"content":{"rendered":"<p>M\u00f6venpick Hotel Tallinn lobby baar pakub sulle \u00f5dusat ja otse linna s\u00fcdames asuvat pelgupaika. See on koht, kus saad puhata tempokast p\u00e4evast \u00fches kvaliteetse keelekaste, kohvi ning suurep\u00e4raste sn\u00e4kkidega. Oleme kindlad, et meelep\u00e4rase naudingu leiad baarist igatahes.<\/p>\n","protected":false},"excerpt":{"rendered":"<p>M\u00f6venpick Hotel Tallinn lobby baar pakub sulle \u00f5dusat ja otse linna s\u00fcdames asuvat pelgupaika. See on koht, kus saad puhata tempokast p\u00e4evast \u00fches kvaliteetse keelekaste, kohvi ning suurep\u00e4raste sn\u00e4kkidega. Oleme kindlad, et meelep\u00e4rase naudingu leiad baarist igatahes.<\/p>\n","protected":false},"author":293,"featured_media":20,"parent":856,"menu_order":2,"comment_status":"closed","ping_status":"closed","template":"template-restaurant.php","meta":{"footnotes":""},"categories":[],"class_list":["post-866","page","type-page","status-publish","has-post-thumbnail","hentry"],"acf":[],"yoast_head":"<!-- This site is optimized with the Yoast SEO plugin v26.9 - https:\/\/yoast.com\/product\/yoast-seo-wordpress\/ -->\n<title>Lobby baar Tallinnas |Maitsvad kokteilid | M\u00f6venpick<\/title>\n<meta name=\"description\" content=\"Tere tulemast M\u00f6venpick Hotel Tallinn lobby baari! V\u00f5ta hetk ja v\u00e4rskenda end m\u00f5nusa kokteili, kvaliteetse kohvi v\u00f5i parimate sn\u00e4kkidega.\" \/>\n<meta name=\"robots\" content=\"index, follow, max-snippet:-1, max-image-preview:large, max-video-preview:-1\" \/>\n<link rel=\"canonical\" href=\"https:\/\/movenpicktallinn.ee\/et\/restoranid-baarid\/lobby-bar\/\" \/>\n<meta property=\"og:locale\" content=\"et_EE\" \/>\n<meta property=\"og:type\" content=\"article\" \/>\n<meta property=\"og:title\" content=\"Lobby baar Tallinnas |Maitsvad kokteilid | M\u00f6venpick\" \/>\n<meta property=\"og:description\" content=\"Tere tulemast M\u00f6venpick Hotel Tallinn lobby baari! V\u00f5ta hetk ja v\u00e4rskenda end m\u00f5nusa kokteili, kvaliteetse kohvi v\u00f5i parimate sn\u00e4kkidega.\" \/>\n<meta property=\"og:url\" content=\"https:\/\/movenpicktallinn.ee\/et\/restoranid-baarid\/lobby-bar\/\" \/>\n<meta property=\"og:site_name\" content=\"M\u00f6venpick Hotel Tallinn\" \/>\n<meta property=\"article:modified_time\" content=\"2026-03-18T14:08:53+00:00\" \/>\n<meta property=\"og:image\" content=\"https:\/\/movenpicktallinn.ee\/wp-content\/uploads\/sites\/117\/2024\/07\/Movenpick-Hotel-Tallinn-Lobby-1.jpg\" \/>\n\t<meta property=\"og:image:width\" content=\"2200\" \/>\n\t<meta property=\"og:image:height\" content=\"1200\" \/>\n\t<meta property=\"og:image:type\" content=\"image\/jpeg\" \/>\n<meta name=\"twitter:card\" content=\"summary_large_image\" \/>\n<meta name=\"twitter:label1\" content=\"Est. reading time\" \/>\n\t<meta name=\"twitter:data1\" content=\"1 minut\" \/>\n<script type=\"application\/ld+json\" class=\"yoast-schema-graph\">{\"@context\":\"https:\/\/schema.org\",\"@graph\":[{\"@type\":\"WebPage\",\"@id\":\"https:\/\/movenpicktallinn.ee\/et\/restoranid-baarid\/lobby-bar\/\",\"url\":\"https:\/\/movenpicktallinn.ee\/et\/restoranid-baarid\/lobby-bar\/\",\"name\":\"Lobby baar Tallinnas |Maitsvad kokteilid | M\u00f6venpick\",\"isPartOf\":{\"@id\":\"https:\/\/movenpicktallinn.ee\/#website\"},\"primaryImageOfPage\":{\"@id\":\"https:\/\/movenpicktallinn.ee\/et\/restoranid-baarid\/lobby-bar\/#primaryimage\"},\"image\":{\"@id\":\"https:\/\/movenpicktallinn.ee\/et\/restoranid-baarid\/lobby-bar\/#primaryimage\"},\"thumbnailUrl\":\"https:\/\/movenpicktallinn.ee\/wp-content\/uploads\/sites\/117\/2024\/07\/Movenpick-Hotel-Tallinn-Lobby-1.jpg\",\"datePublished\":\"2025-11-06T09:33:00+00:00\",\"dateModified\":\"2026-03-18T14:08:53+00:00\",\"description\":\"Tere tulemast M\u00f6venpick Hotel Tallinn lobby baari! V\u00f5ta hetk ja v\u00e4rskenda end m\u00f5nusa kokteili, kvaliteetse kohvi v\u00f5i parimate sn\u00e4kkidega.\",\"breadcrumb\":{\"@id\":\"https:\/\/movenpicktallinn.ee\/et\/restoranid-baarid\/lobby-bar\/#breadcrumb\"},\"inLanguage\":\"et\",\"potentialAction\":[{\"@type\":\"ReadAction\",\"target\":[\"https:\/\/movenpicktallinn.ee\/et\/restoranid-baarid\/lobby-bar\/\"]}]},{\"@type\":\"ImageObject\",\"inLanguage\":\"et\",\"@id\":\"https:\/\/movenpicktallinn.ee\/et\/restoranid-baarid\/lobby-bar\/#primaryimage\",\"url\":\"https:\/\/movenpicktallinn.ee\/wp-content\/uploads\/sites\/117\/2024\/07\/Movenpick-Hotel-Tallinn-Lobby-1.jpg\",\"contentUrl\":\"https:\/\/movenpicktallinn.ee\/wp-content\/uploads\/sites\/117\/2024\/07\/Movenpick-Hotel-Tallinn-Lobby-1.jpg\",\"width\":2200,\"height\":1200},{\"@type\":\"BreadcrumbList\",\"@id\":\"https:\/\/movenpicktallinn.ee\/et\/restoranid-baarid\/lobby-bar\/#breadcrumb\",\"itemListElement\":[{\"@type\":\"ListItem\",\"position\":1,\"name\":\"Home\",\"item\":\"https:\/\/movenpicktallinn.ee\/et\/\"},{\"@type\":\"ListItem\",\"position\":2,\"name\":\"Restoranid &amp; Baarid\",\"item\":\"https:\/\/movenpicktallinn.ee\/et\/restoranid-baarid\/\"},{\"@type\":\"ListItem\",\"position\":3,\"name\":\"Lobby Bar\"}]},{\"@type\":\"WebSite\",\"@id\":\"https:\/\/movenpicktallinn.ee\/#website\",\"url\":\"https:\/\/movenpicktallinn.ee\/\",\"name\":\"M\u00f6venpick Hotel Tallinn\",\"description\":\"\",\"potentialAction\":[{\"@type\":\"SearchAction\",\"target\":{\"@type\":\"EntryPoint\",\"urlTemplate\":\"https:\/\/movenpicktallinn.ee\/?s={search_term_string}\"},\"query-input\":{\"@type\":\"PropertyValueSpecification\",\"valueRequired\":true,\"valueName\":\"search_term_string\"}}],\"inLanguage\":\"et\"}]}<\/script>\n<!-- \/ Yoast SEO plugin. -->","yoast_head_json":{"title":"Lobby baar Tallinnas |Maitsvad kokteilid | M\u00f6venpick","description":"Tere tulemast M\u00f6venpick Hotel Tallinn lobby baari! V\u00f5ta hetk ja v\u00e4rskenda end m\u00f5nusa kokteili, kvaliteetse kohvi v\u00f5i parimate sn\u00e4kkidega.","robots":{"index":"index","follow":"follow","max-snippet":"max-snippet:-1","max-image-preview":"max-image-preview:large","max-video-preview":"max-video-preview:-1"},"canonical":"https:\/\/movenpicktallinn.ee\/et\/restoranid-baarid\/lobby-bar\/","og_locale":"et_EE","og_type":"article","og_title":"Lobby baar Tallinnas |Maitsvad kokteilid | M\u00f6venpick","og_description":"Tere tulemast M\u00f6venpick Hotel Tallinn lobby baari! V\u00f5ta hetk ja v\u00e4rskenda end m\u00f5nusa kokteili, kvaliteetse kohvi v\u00f5i parimate sn\u00e4kkidega.","og_url":"https:\/\/movenpicktallinn.ee\/et\/restoranid-baarid\/lobby-bar\/","og_site_name":"M\u00f6venpick Hotel Tallinn","article_modified_time":"2026-03-18T14:08:53+00:00","og_image":[{"width":2200,"height":1200,"url":"https:\/\/movenpicktallinn.ee\/wp-content\/uploads\/sites\/117\/2024\/07\/Movenpick-Hotel-Tallinn-Lobby-1.jpg","type":"image\/jpeg"}],"twitter_card":"summary_large_image","twitter_misc":{"Est. reading time":"1 minut"},"schema":{"@context":"https:\/\/schema.org","@graph":[{"@type":"WebPage","@id":"https:\/\/movenpicktallinn.ee\/et\/restoranid-baarid\/lobby-bar\/","url":"https:\/\/movenpicktallinn.ee\/et\/restoranid-baarid\/lobby-bar\/","name":"Lobby baar Tallinnas |Maitsvad kokteilid | M\u00f6venpick","isPartOf":{"@id":"https:\/\/movenpicktallinn.ee\/#website"},"primaryImageOfPage":{"@id":"https:\/\/movenpicktallinn.ee\/et\/restoranid-baarid\/lobby-bar\/#primaryimage"},"image":{"@id":"https:\/\/movenpicktallinn.ee\/et\/restoranid-baarid\/lobby-bar\/#primaryimage"},"thumbnailUrl":"https:\/\/movenpicktallinn.ee\/wp-content\/uploads\/sites\/117\/2024\/07\/Movenpick-Hotel-Tallinn-Lobby-1.jpg","datePublished":"2025-11-06T09:33:00+00:00","dateModified":"2026-03-18T14:08:53+00:00","description":"Tere tulemast M\u00f6venpick Hotel Tallinn lobby baari! V\u00f5ta hetk ja v\u00e4rskenda end m\u00f5nusa kokteili, kvaliteetse kohvi v\u00f5i parimate sn\u00e4kkidega.","breadcrumb":{"@id":"https:\/\/movenpicktallinn.ee\/et\/restoranid-baarid\/lobby-bar\/#breadcrumb"},"inLanguage":"et","potentialAction":[{"@type":"ReadAction","target":["https:\/\/movenpicktallinn.ee\/et\/restoranid-baarid\/lobby-bar\/"]}]},{"@type":"ImageObject","inLanguage":"et","@id":"https:\/\/movenpicktallinn.ee\/et\/restoranid-baarid\/lobby-bar\/#primaryimage","url":"https:\/\/movenpicktallinn.ee\/wp-content\/uploads\/sites\/117\/2024\/07\/Movenpick-Hotel-Tallinn-Lobby-1.jpg","contentUrl":"https:\/\/movenpicktallinn.ee\/wp-content\/uploads\/sites\/117\/2024\/07\/Movenpick-Hotel-Tallinn-Lobby-1.jpg","width":2200,"height":1200},{"@type":"BreadcrumbList","@id":"https:\/\/movenpicktallinn.ee\/et\/restoranid-baarid\/lobby-bar\/#breadcrumb","itemListElement":[{"@type":"ListItem","position":1,"name":"Home","item":"https:\/\/movenpicktallinn.ee\/et\/"},{"@type":"ListItem","position":2,"name":"Restoranid &amp; Baarid","item":"https:\/\/movenpicktallinn.ee\/et\/restoranid-baarid\/"},{"@type":"ListItem","position":3,"name":"Lobby Bar"}]},{"@type":"WebSite","@id":"https:\/\/movenpicktallinn.ee\/#website","url":"https:\/\/movenpicktallinn.ee\/","name":"M\u00f6venpick Hotel Tallinn","description":"","potentialAction":[{"@type":"SearchAction","target":{"@type":"EntryPoint","urlTemplate":"https:\/\/movenpicktallinn.ee\/?s={search_term_string}"},"query-input":{"@type":"PropertyValueSpecification","valueRequired":true,"valueName":"search_term_string"}}],"inLanguage":"et"}]}},"_links":{"self":[{"href":"https:\/\/movenpicktallinn.ee\/et\/wp-json\/wp\/v2\/pages\/866","targetHints":{"allow":["GET"]}}],"collection":[{"href":"https:\/\/movenpicktallinn.ee\/et\/wp-json\/wp\/v2\/pages"}],"about":[{"href":"https:\/\/movenpicktallinn.ee\/et\/wp-json\/wp\/v2\/types\/page"}],"author":[{"embeddable":true,"href":"https:\/\/movenpicktallinn.ee\/et\/wp-json\/wp\/v2\/users\/293"}],"replies":[{"embeddable":true,"href":"https:\/\/movenpicktallinn.ee\/et\/wp-json\/wp\/v2\/comments?post=866"}],"version-history":[{"count":2,"href":"https:\/\/movenpicktallinn.ee\/et\/wp-json\/wp\/v2\/pages\/866\/revisions"}],"predecessor-version":[{"id":1089,"href":"https:\/\/movenpicktallinn.ee\/et\/wp-json\/wp\/v2\/pages\/866\/revisions\/1089"}],"up":[{"embeddable":true,"href":"https:\/\/movenpicktallinn.ee\/et\/wp-json\/wp\/v2\/pages\/856"}],"wp:featuredmedia":[{"embeddable":true,"href":"https:\/\/movenpicktallinn.ee\/et\/wp-json\/wp\/v2\/media\/20"}],"wp:attachment":[{"href":"https:\/\/movenpicktallinn.ee\/et\/wp-json\/wp\/v2\/media?parent=866"}],"wp:term":[{"taxonomy":"category","embeddable":true,"href":"https:\/\/movenpicktallinn.ee\/et\/wp-json\/wp\/v2\/categories?post=866"}],"curies":[{"name":"wp","href":"https:\/\/api.w.org\/{rel}","templated":true}]}}